{"id":753112,"date":"2025-08-28T05:34:05","date_gmt":"2025-08-28T02:34:05","guid":{"rendered":"https:\/\/roveyayinevi.com.tr\/index.php\/urun\/edebiyat-ve-siyaset-yazilari-3\/"},"modified":"2026-04-16T03:06:39","modified_gmt":"2026-04-16T00:06:39","slug":"edebiyat-ve-siyaset-yazilari-3","status":"publish","type":"product","link":"https:\/\/roveyayinevi.com.tr\/index.php\/urun\/edebiyat-ve-siyaset-yazilari-3\/","title":{"rendered":"Edebiyat ve Siyaset Yaz\u0131lar\u0131: 3"},"content":{"rendered":"<p>\u00d6zdemir \u0130nce\u2019nin yaz\u0131nsal denemelerinin bir b\u00f6l\u00fcm\u00fcn\u00fc t\u00fcmleyen dizinin \u00fc\u00e7\u00fcnc\u00fc kitab\u0131nda, yazar\u0131n d\u00fcnyay\u0131 okuma bi\u00e7imlerini \u00f6ne \u00e7\u0131karan bir bak\u0131\u015f\u0131 g\u00f6zleriz. \u00d6yle ki; \u0130nce, yaz\u0131ya hayat\u0131n i\u00e7inden bakarken d\u00fc\u015f\u00fcnsel tan\u0131kl\u0131\u011f\u0131 esas al\u0131r. Siyasal toplumsal de\u011fi\u015fim ve d\u00f6n\u00fc\u015f\u00fcmlerin yans\u0131d\u0131\u011f\u0131 her durum, her ger\u00e7eklik onun sorgulay\u0131c\u0131 bak\u0131\u015f\u0131nda yepyeni bir s\u00f6ylem olarak \u00f6ne \u00e7\u0131kar. \u00c7a\u011f\u0131n\u0131 umursayan bir ayd\u0131n bak\u0131\u015f\u0131n\u0131n \u00f6\u011fretici, g\u00f6sterici, hatta y\u00f6nlendirici yan\u0131n\u0131 da bu yaz\u0131lar\u0131nda g\u00f6rmekteyiz. Bug\u00fcn\u00fcn T\u00fcrkiyesi\u2019nin ruhunu anlaman\u0131n yolunu\/yordam\u0131n\u0131 da bize anlatan \u00d6zdemir \u0130nce Bu Ne Bi\u00e7im Memleket ve Ya\u015fas\u0131n Cumhuriyet kitaplar\u0131nda yer alan denemeleriyle yepyeni bir ufuk turuna \u00e7\u0131kar\u0131yor okurunu. D\u00fc\u015f\u00fcnen, d\u00fc\u015f\u00fcnd\u00fcren, sorgulayan bir bak\u0131\u015fla \u00fcstelik. T\u00fcrkiye\u2019yi anlama yolculu\u011fu i\u00e7in bir ba\u015fucu kitab\u0131\u2026 \u201cT\u00fcrkiye\u2019nin g\u00fcncel sorunu laik cumhuriyetin yap\u0131s\u0131n\u0131 korumak. Laik cumhuriyet, bizler i\u00e7in, \u00f6n\u00fcn\u00fczdeki \u015farap barda\u011f\u0131(d\u0131r), barda\u011f\u0131n i\u00e7indeki \u015farap da demokrasi, e\u011fer bardak k\u0131r\u0131l\u0131rsa demokrasi memokrasi kalmaz T\u00fcrkiye i\u00e7in; ayn\u0131 \u015fey \u0130talya i\u00e7in de ge\u00e7erlidir. Bu nedenle b\u00fct\u00fcn \u00f6nyarg\u0131lardan s\u0131yr\u0131l\u0131p T\u00fcrkiye\u2019yi anlamaya \u00e7al\u0131\u015fmal\u0131s\u0131n\u0131z.\u201d \u00d6zdemir \u0130nce <\/p>\n","protected":false},"excerpt":{"rendered":"<p>\u00d6zdemir \u0130nce\u2019nin yaz\u0131nsal denemelerinin bir b\u00f6l\u00fcm\u00fcn\u00fc t\u00fcmleyen dizinin \u00fc\u00e7\u00fcnc\u00fc kitab\u0131nda, yazar\u0131n d\u00fcnyay\u0131 okuma bi\u00e7imlerini \u00f6ne \u00e7\u0131karan bir bak\u0131\u015f\u0131 g\u00f6zleriz. \u00d6yle ki; \u0130nce, yaz\u0131ya hayat\u0131n i\u00e7inden bakarken<span class=\"excerpt-hellip\"> [\u2026]<\/span><\/p>\n","protected":false},"featured_media":0,"template":"","meta":{"_monsterinsights_skip_tracking":false,"_monsterinsights_sitenote_active":false,"_monsterinsights_sitenote_note":"","_monsterinsights_sitenote_category":0},"product_brand":[],"product_cat":[12777,12291],"product_tag":[],"class_list":{"0":"post-753112","1":"product","2":"type-product","3":"status-publish","5":"product_cat-deneme","6":"product_cat-edebiyat","7":"pa_cilt-ciltsiz","8":"pa_tur-kitap","9":"pa_yayinevi-eksik-parca-yayinlari","10":"pa_yazar-ozdemir-ince","12":"first","13":"instock","14":"sale","15":"shipping-taxable","16":"purchasable","17":"product-type-simple"},"_links":{"self":[{"href":"https:\/\/roveyayinevi.com.tr\/index.php\/wp-json\/wp\/v2\/product\/753112","targetHints":{"allow":["GET"]}}],"collection":[{"href":"https:\/\/roveyayinevi.com.tr\/index.php\/wp-json\/wp\/v2\/product"}],"about":[{"href":"https:\/\/roveyayinevi.com.tr\/index.php\/wp-json\/wp\/v2\/types\/product"}],"wp:attachment":[{"href":"https:\/\/roveyayinevi.com.tr\/index.php\/wp-json\/wp\/v2\/media?parent=753112"}],"wp:term":[{"taxonomy":"product_brand","embeddable":true,"href":"https:\/\/roveyayinevi.com.tr\/index.php\/wp-json\/wp\/v2\/product_brand?post=753112"},{"taxonomy":"product_cat","embeddable":true,"href":"https:\/\/roveyayinevi.com.tr\/index.php\/wp-json\/wp\/v2\/product_cat?post=753112"},{"taxonomy":"product_tag","embeddable":true,"href":"https:\/\/roveyayinevi.com.tr\/index.php\/wp-json\/wp\/v2\/product_tag?post=753112"}],"curies":[{"name":"wp","href":"https:\/\/api.w.org\/{rel}","templated":true}]}}