{"id":753111,"date":"2025-08-28T05:34:04","date_gmt":"2025-08-28T02:34:04","guid":{"rendered":"https:\/\/roveyayinevi.com.tr\/index.php\/urun\/ayni-ben-degilim\/"},"modified":"2026-04-16T03:06:39","modified_gmt":"2026-04-16T00:06:39","slug":"ayni-ben-degilim","status":"publish","type":"product","link":"https:\/\/roveyayinevi.com.tr\/index.php\/urun\/ayni-ben-degilim\/","title":{"rendered":"Ayn\u0131 Ben De\u011filim"},"content":{"rendered":"<p>Ya\u015fad\u0131\u011f\u0131m\u0131z hayata mahk\u00fbm muyuz? Al\u0131\u015fkanl\u0131klar\u0131n, rutinin, tekrarlar\u0131n esiri haline mi geldik? Ayn\u0131 \u00e7evre, ayn\u0131 i\u015f, ayn\u0131 s\u0131k\u0131nt\u0131lar ve ayn\u0131 tatminsizlikler\u2026 Hep b\u00f6yle mi devam edecek? Yoksa k\u00fc\u00e7\u00fck bir ad\u0131m atmak ve tatmin oldu\u011fun hayat\u0131 ya\u015famak bir hayal de\u011fil mi? Yeni bir meslek, yeni beceriler edinmek ve yeniden ba\u015flamak m\u00fcmk\u00fcn m\u00fc? Mesle\u011fini gen\u00e7 ya\u015fta, kendini tan\u0131madan se\u00e7ip sonras\u0131nda hayal k\u0131r\u0131kl\u0131\u011f\u0131, k\u00fcsk\u00fcnl\u00fck i\u00e7inde ya\u015fayan kim bilir ka\u00e7 ki\u015fi vard\u0131r? Yahut i\u00e7ine do\u011fdu\u011fu muhitin, g\u00f6reneklerin esiri oldu\u011funu d\u00fc\u015f\u00fcnen; toplumun, ailenin, \u00e7evrenin, i\u015fyerinin ve hatta kendi kendisinin koydu\u011fu s\u0131n\u0131rlar i\u00e7inde kal\u0131p s\u0131k\u0131nt\u0131 ve depresyon bata\u011f\u0131nda t\u00fckenen ka\u00e7 ki\u015fiyiz kim bilir? Damla Kun\u00e7 Ko\u00e7man ba\u015fka se\u00e7eneklerimiz de oldu\u011funu d\u00fc\u015f\u00fcn\u00fcyor. Farkl\u0131 kesimlerden gelen ve ileri ya\u015f\u0131nda hayat\u0131n\u0131 de\u011fi\u015ftiren on iki ki\u015finin \u00e7arp\u0131c\u0131 hayat hik\u00e2yesiyle kan\u0131tl\u0131yor bu d\u00fc\u015f\u00fcncesini. Mesle\u011finden tatmin olmay\u0131p yeni yetenekler edinenlerin, her defas\u0131nda yeniden ba\u015flayanlar\u0131n; a\u011f\u0131r hastal\u0131klar\u0131n, b\u00fcy\u00fck talihsizliklerin ard\u0131ndan ya\u015fam\u0131 kucaklay\u0131p payla\u015fmay\u0131 ke\u015ffedenlerin; ait olmad\u0131\u011f\u0131n\u0131 hissetti\u011fi \u00e7evresini, i\u015fini terk edip yeni yollara koyulan ve kendini bulanlar\u0131n ilgin\u00e7, \u00e7arp\u0131c\u0131 \u00f6yk\u00fclerini aktar\u0131yor bu kitab\u0131nda. Ayn\u0131 Ben De\u011filim ka\u00e7 ya\u015f\u0131nda olursa olsun d\u00fc\u015fe kalka bisiklete binmeyi \u00f6\u011frenenleri anlat\u0131yor; mutluluk, aray\u0131\u015f, i\u00e7 huzuru ve yarat\u0131c\u0131l\u0131k pe\u015finde daima de\u011fi\u015fime a\u00e7\u0131k olan cesur insanlar\u0131 konu al\u0131yor. <\/p>\n","protected":false},"excerpt":{"rendered":"<p>Ya\u015fad\u0131\u011f\u0131m\u0131z hayata mahk\u00fbm muyuz? Al\u0131\u015fkanl\u0131klar\u0131n, rutinin, tekrarlar\u0131n esiri haline mi geldik? Ayn\u0131 \u00e7evre, ayn\u0131 i\u015f, ayn\u0131 s\u0131k\u0131nt\u0131lar ve ayn\u0131 tatminsizlikler\u2026 Hep b\u00f6yle mi devam edecek? Yoksa<span class=\"excerpt-hellip\"> [\u2026]<\/span><\/p>\n","protected":false},"featured_media":0,"template":"","meta":{"_monsterinsights_skip_tracking":false,"_monsterinsights_sitenote_active":false,"_monsterinsights_sitenote_note":"","_monsterinsights_sitenote_category":0},"product_brand":[],"product_cat":[12364,12376],"product_tag":[],"class_list":{"0":"post-753111","1":"product","2":"type-product","3":"status-publish","5":"product_cat-genel-konular","6":"product_cat-kisisel-gelisim","7":"pa_cilt-ciltsiz","8":"pa_tur-kitap","9":"pa_yayinevi-eksik-parca-yayinlari","10":"pa_yazar-damla-kunc-kocman","12":"first","13":"instock","14":"sale","15":"shipping-taxable","16":"purchasable","17":"product-type-simple"},"_links":{"self":[{"href":"https:\/\/roveyayinevi.com.tr\/index.php\/wp-json\/wp\/v2\/product\/753111","targetHints":{"allow":["GET"]}}],"collection":[{"href":"https:\/\/roveyayinevi.com.tr\/index.php\/wp-json\/wp\/v2\/product"}],"about":[{"href":"https:\/\/roveyayinevi.com.tr\/index.php\/wp-json\/wp\/v2\/types\/product"}],"wp:attachment":[{"href":"https:\/\/roveyayinevi.com.tr\/index.php\/wp-json\/wp\/v2\/media?parent=753111"}],"wp:term":[{"taxonomy":"product_brand","embeddable":true,"href":"https:\/\/roveyayinevi.com.tr\/index.php\/wp-json\/wp\/v2\/product_brand?post=753111"},{"taxonomy":"product_cat","embeddable":true,"href":"https:\/\/roveyayinevi.com.tr\/index.php\/wp-json\/wp\/v2\/product_cat?post=753111"},{"taxonomy":"product_tag","embeddable":true,"href":"https:\/\/roveyayinevi.com.tr\/index.php\/wp-json\/wp\/v2\/product_tag?post=753111"}],"curies":[{"name":"wp","href":"https:\/\/api.w.org\/{rel}","templated":true}]}}