{"id":753110,"date":"2025-08-28T05:34:03","date_gmt":"2025-08-28T02:34:03","guid":{"rendered":"https:\/\/roveyayinevi.com.tr\/index.php\/urun\/erteleme\/"},"modified":"2026-04-16T03:06:39","modified_gmt":"2026-04-16T00:06:39","slug":"erteleme","status":"publish","type":"product","link":"https:\/\/roveyayinevi.com.tr\/index.php\/urun\/erteleme\/","title":{"rendered":"Erteleme"},"content":{"rendered":"<p>Bir i\u015fi yapmak iki saat s\u00fcr\u00fcyor, yapmamak saatler, g\u00fcnler, haftalar. Bu s\u00fcrede bir ba\u015fka i\u015fi yap\u0131yor da de\u011filiz \u00e7o\u011fu zaman. Aktif olarak yapmamakla me\u015fgul\u00fcz. Bu kitap, ertelemenin arkas\u0131ndaki psikolojimizi anlat\u0131yor. \u00c7\u00fcnk\u00fc ertelemenin nedeni, zannedildi\u011fi gibi tembellik de\u011fil. Neyi nas\u0131l erteledi\u011fimiz, kendimizle ilgili \u00e7ok \u00f6nemli ipu\u00e7lar\u0131 sakl\u0131yor. Bu kitap, ertelemenin do\u011fas\u0131n\u0131 anlamak ve erteleme davran\u0131\u015f\u0131m\u0131z\u0131 de\u011fi\u015ftirebilmek ad\u0131na benzersiz bir kaynak. <\/p>\n","protected":false},"excerpt":{"rendered":"<p>Bir i\u015fi yapmak iki saat s\u00fcr\u00fcyor, yapmamak saatler, g\u00fcnler, haftalar. Bu s\u00fcrede bir ba\u015fka i\u015fi yap\u0131yor da de\u011filiz \u00e7o\u011fu zaman. Aktif olarak yapmamakla me\u015fgul\u00fcz. Bu kitap,<span class=\"excerpt-hellip\"> [\u2026]<\/span><\/p>\n","protected":false},"featured_media":0,"template":"","meta":{"_monsterinsights_skip_tracking":false,"_monsterinsights_sitenote_active":false,"_monsterinsights_sitenote_note":"","_monsterinsights_sitenote_category":0},"product_brand":[],"product_cat":[12358,12357],"product_tag":[],"class_list":{"0":"post-753110","1":"product","2":"type-product","3":"status-publish","5":"product_cat-genel-psikoloji","6":"product_cat-psikoloji","7":"pa_cilt-ciltsiz","8":"pa_tur-kitap","9":"pa_yayinevi-eksik-parca-yayinlari","10":"pa_yazar-nihan-kaya","12":"first","13":"instock","14":"sale","15":"shipping-taxable","16":"purchasable","17":"product-type-simple"},"_links":{"self":[{"href":"https:\/\/roveyayinevi.com.tr\/index.php\/wp-json\/wp\/v2\/product\/753110","targetHints":{"allow":["GET"]}}],"collection":[{"href":"https:\/\/roveyayinevi.com.tr\/index.php\/wp-json\/wp\/v2\/product"}],"about":[{"href":"https:\/\/roveyayinevi.com.tr\/index.php\/wp-json\/wp\/v2\/types\/product"}],"wp:attachment":[{"href":"https:\/\/roveyayinevi.com.tr\/index.php\/wp-json\/wp\/v2\/media?parent=753110"}],"wp:term":[{"taxonomy":"product_brand","embeddable":true,"href":"https:\/\/roveyayinevi.com.tr\/index.php\/wp-json\/wp\/v2\/product_brand?post=753110"},{"taxonomy":"product_cat","embeddable":true,"href":"https:\/\/roveyayinevi.com.tr\/index.php\/wp-json\/wp\/v2\/product_cat?post=753110"},{"taxonomy":"product_tag","embeddable":true,"href":"https:\/\/roveyayinevi.com.tr\/index.php\/wp-json\/wp\/v2\/product_tag?post=753110"}],"curies":[{"name":"wp","href":"https:\/\/api.w.org\/{rel}","templated":true}]}}