{"id":753109,"date":"2025-08-28T05:34:01","date_gmt":"2025-08-28T02:34:01","guid":{"rendered":"https:\/\/roveyayinevi.com.tr\/index.php\/urun\/bilinmeyen-gelecek-kralicelerin-hukmu\/"},"modified":"2026-04-16T03:06:39","modified_gmt":"2026-04-16T00:06:39","slug":"bilinmeyen-gelecek-kralicelerin-hukmu","status":"publish","type":"product","link":"https:\/\/roveyayinevi.com.tr\/index.php\/urun\/bilinmeyen-gelecek-kralicelerin-hukmu\/","title":{"rendered":"Bilinmeyen Gelecek: Krali\u00e7elerin H\u00fckm\u00fc"},"content":{"rendered":"<p>K-309 y\u0131ld\u0131z\u0131 ile ba\u015flam\u0131\u015f ve bitmi\u015fti her \u015fey. Baz\u0131 \u0131rklar yok olmu\u015f, baz\u0131lar\u0131 ise ayakta kalm\u0131\u015ft\u0131. Bunlar Hakotalar, Teriler, Yolar ve Elregenler&#8217;di. Hakotalar&#8217;\u0131 Kral Nawoya, Teriler&#8217;i robotlar, Yolar&#8217;\u0131 Krali\u00e7e Nateria ve son olarak Elregenler&#8217;i Krali\u00e7e Seki y\u00f6netiyordu.Ancak bir g\u00fcn bir sava\u015f olabilece\u011fini d\u00fc\u015f\u00fcnen iki \u0131rk m\u00fcttefik olmu\u015ftu. Ancak di\u011fer \u0131rklar bilmiyordu bir sava\u015f\u0131n olabilece\u011fini.   Ya da biliyorlar m\u0131yd\u0131? <\/p>\n","protected":false},"excerpt":{"rendered":"<p>K-309 y\u0131ld\u0131z\u0131 ile ba\u015flam\u0131\u015f ve bitmi\u015fti her \u015fey. Baz\u0131 \u0131rklar yok olmu\u015f, baz\u0131lar\u0131 ise ayakta kalm\u0131\u015ft\u0131. Bunlar Hakotalar, Teriler, Yolar ve Elregenler&#8217;di. Hakotalar&#8217;\u0131 Kral Nawoya, Teriler&#8217;i<span class=\"excerpt-hellip\"> [\u2026]<\/span><\/p>\n","protected":false},"featured_media":0,"template":"","meta":{"_monsterinsights_skip_tracking":false,"_monsterinsights_sitenote_active":false,"_monsterinsights_sitenote_note":"","_monsterinsights_sitenote_category":0},"product_brand":[],"product_cat":[12291,14777],"product_tag":[],"class_list":{"0":"post-753109","1":"product","2":"type-product","3":"status-publish","5":"product_cat-edebiyat","6":"product_cat-fantastik","7":"pa_cilt-ciltsiz","8":"pa_tur-kitap","9":"pa_yayinevi-doksan-dokuz-yayinlari","10":"pa_yazar-ada-camlibel","12":"first","13":"instock","14":"sale","15":"shipping-taxable","16":"purchasable","17":"product-type-simple"},"_links":{"self":[{"href":"https:\/\/roveyayinevi.com.tr\/index.php\/wp-json\/wp\/v2\/product\/753109","targetHints":{"allow":["GET"]}}],"collection":[{"href":"https:\/\/roveyayinevi.com.tr\/index.php\/wp-json\/wp\/v2\/product"}],"about":[{"href":"https:\/\/roveyayinevi.com.tr\/index.php\/wp-json\/wp\/v2\/types\/product"}],"wp:attachment":[{"href":"https:\/\/roveyayinevi.com.tr\/index.php\/wp-json\/wp\/v2\/media?parent=753109"}],"wp:term":[{"taxonomy":"product_brand","embeddable":true,"href":"https:\/\/roveyayinevi.com.tr\/index.php\/wp-json\/wp\/v2\/product_brand?post=753109"},{"taxonomy":"product_cat","embeddable":true,"href":"https:\/\/roveyayinevi.com.tr\/index.php\/wp-json\/wp\/v2\/product_cat?post=753109"},{"taxonomy":"product_tag","embeddable":true,"href":"https:\/\/roveyayinevi.com.tr\/index.php\/wp-json\/wp\/v2\/product_tag?post=753109"}],"curies":[{"name":"wp","href":"https:\/\/api.w.org\/{rel}","templated":true}]}}