{"id":753108,"date":"2025-08-28T05:33:59","date_gmt":"2025-08-28T02:33:59","guid":{"rendered":"https:\/\/roveyayinevi.com.tr\/index.php\/urun\/buyulu-bahce\/"},"modified":"2026-04-11T14:22:27","modified_gmt":"2026-04-11T11:22:27","slug":"buyulu-bahce","status":"publish","type":"product","link":"https:\/\/roveyayinevi.com.tr\/index.php\/urun\/buyulu-bahce\/","title":{"rendered":"B\u00fcy\u00fcl\u00fc Bah\u00e7e"},"content":{"rendered":"<p>\u00c7ocuklar\u0131n sevgili yazar\u0131 Seza Kutlar Aksoy, \u015fimdi sizi komik ve macera dolu bir d\u00fcnyaya davet ediyor. Bu kitapta okul \u00e7a\u011f\u0131ndaki \u00e7ocuklar\u0131n ba\u015f\u0131ndan ge\u00e7en \u015fa\u015f\u0131rt\u0131c\u0131 ve e\u011flenceli \u00f6yk\u00fcleri okuyacaks\u0131n\u0131z. Anaokulu \u00f6\u011frencileri bir papa\u011fan\u0131n arkas\u0131na tak\u0131l\u0131p hayvanlar\u0131n konu\u015ftu\u011fu b\u00fcy\u00fcl\u00fc bir bah\u00e7eye giriyorlar. \u0130lkokul \u00f6\u011frencisi Memo, bir saatle arkada\u015f olup ge\u00e7mek bilmeyen zamanlar\u0131 h\u0131zland\u0131r\u0131p, su gibi akan saatleri yava\u015flat\u0131yor. B\u00fcy\u00fcl\u00fc Bah\u00e7e\u2019nin sayfalar\u0131n\u0131 \u00e7evirdik\u00e7e onlar\u0131n maceralar\u0131na siz de kat\u0131lacaks\u0131n\u0131z. <\/p>\n","protected":false},"excerpt":{"rendered":"<p>\u00c7ocuklar\u0131n sevgili yazar\u0131 Seza Kutlar Aksoy, \u015fimdi sizi komik ve macera dolu bir d\u00fcnyaya davet ediyor. Bu kitapta okul \u00e7a\u011f\u0131ndaki \u00e7ocuklar\u0131n ba\u015f\u0131ndan ge\u00e7en \u015fa\u015f\u0131rt\u0131c\u0131 ve e\u011flenceli<span class=\"excerpt-hellip\"> [\u2026]<\/span><\/p>\n","protected":false},"featured_media":0,"template":"","meta":{"_monsterinsights_skip_tracking":false,"_monsterinsights_sitenote_active":false,"_monsterinsights_sitenote_note":"","_monsterinsights_sitenote_category":0},"product_brand":[],"product_cat":[12274,12284],"product_tag":[],"class_list":{"0":"post-753108","1":"product","2":"type-product","3":"status-publish","5":"product_cat-cocuk-ve-genclik-kitaplari","6":"product_cat-hikayeler","7":"pa_cilt-ciltsiz","8":"pa_tur-kitap","9":"pa_yayinevi-everest-yayinlari","10":"pa_yazar-seza-kutlar-aksoy","12":"first","13":"instock","14":"sale","15":"shipping-taxable","16":"purchasable","17":"product-type-simple"},"_links":{"self":[{"href":"https:\/\/roveyayinevi.com.tr\/index.php\/wp-json\/wp\/v2\/product\/753108","targetHints":{"allow":["GET"]}}],"collection":[{"href":"https:\/\/roveyayinevi.com.tr\/index.php\/wp-json\/wp\/v2\/product"}],"about":[{"href":"https:\/\/roveyayinevi.com.tr\/index.php\/wp-json\/wp\/v2\/types\/product"}],"wp:attachment":[{"href":"https:\/\/roveyayinevi.com.tr\/index.php\/wp-json\/wp\/v2\/media?parent=753108"}],"wp:term":[{"taxonomy":"product_brand","embeddable":true,"href":"https:\/\/roveyayinevi.com.tr\/index.php\/wp-json\/wp\/v2\/product_brand?post=753108"},{"taxonomy":"product_cat","embeddable":true,"href":"https:\/\/roveyayinevi.com.tr\/index.php\/wp-json\/wp\/v2\/product_cat?post=753108"},{"taxonomy":"product_tag","embeddable":true,"href":"https:\/\/roveyayinevi.com.tr\/index.php\/wp-json\/wp\/v2\/product_tag?post=753108"}],"curies":[{"name":"wp","href":"https:\/\/api.w.org\/{rel}","templated":true}]}}