{"id":753107,"date":"2025-08-28T05:33:56","date_gmt":"2025-08-28T02:33:56","guid":{"rendered":"https:\/\/roveyayinevi.com.tr\/index.php\/urun\/beni-hic-goremezsin\/"},"modified":"2026-04-13T03:12:26","modified_gmt":"2026-04-13T00:12:26","slug":"beni-hic-goremezsin","status":"publish","type":"product","link":"https:\/\/roveyayinevi.com.tr\/index.php\/urun\/beni-hic-goremezsin\/","title":{"rendered":"Beni Hi\u00e7 G\u00f6remezsin"},"content":{"rendered":"<p>yukar\u0131ya do\u011fru y\u00fcr\u00fcd\u00fcm, epeydir b\u00f6yle otlar\u0131n i\u00e7inden: Kekik, p\u0131trak, diken kokuyor gece uzun uzun d\u00fc\u015fen \u00e7iy g\u00fcne\u015f hen\u00fcz yok, \u0131slak g\u00fcn nemli toprak bula\u015f\u0131yor pa\u00e7alar\u0131ma   ald\u0131rm\u0131yorum nicedir uzakla\u015ft\u0131\u011f\u0131m yere   g\u00fcnlerce b\u00f6yle dalg\u0131n kendi halimde, bakt\u0131m \u015fimdi geldi\u011fim yeri eskiden tasarlamayan kendime hangimiz hangimize g\u00f6lge ve darg\u0131n diye   e\u011fildim kendime bakt\u0131m otlar\u0131n i\u00e7inde biri p\u0131trak, biri diken hangisi di\u011feriyle \u00f6zde\u015fti, hangisi de\u011fil biri ge\u00e7mi\u015fti, di\u011feri onu diken <\/p>\n","protected":false},"excerpt":{"rendered":"<p>yukar\u0131ya do\u011fru y\u00fcr\u00fcd\u00fcm, epeydir b\u00f6yle otlar\u0131n i\u00e7inden: Kekik, p\u0131trak, diken kokuyor gece uzun uzun d\u00fc\u015fen \u00e7iy g\u00fcne\u015f hen\u00fcz yok, \u0131slak g\u00fcn nemli toprak bula\u015f\u0131yor pa\u00e7alar\u0131ma ald\u0131rm\u0131yorum<span class=\"excerpt-hellip\"> [\u2026]<\/span><\/p>\n","protected":false},"featured_media":0,"template":"","meta":{"_monsterinsights_skip_tracking":false,"_monsterinsights_sitenote_active":false,"_monsterinsights_sitenote_note":"","_monsterinsights_sitenote_category":0},"product_brand":[],"product_cat":[12291,12509],"product_tag":[],"class_list":{"0":"post-753107","1":"product","2":"type-product","3":"status-publish","5":"product_cat-edebiyat","6":"product_cat-siir","7":"pa_cilt-ciltsiz","8":"pa_tur-kitap","9":"pa_yayinevi-everest-yayinlari","10":"pa_yazar-yucel-kayiran","12":"first","13":"instock","14":"sale","15":"shipping-taxable","16":"purchasable","17":"product-type-simple"},"_links":{"self":[{"href":"https:\/\/roveyayinevi.com.tr\/index.php\/wp-json\/wp\/v2\/product\/753107","targetHints":{"allow":["GET"]}}],"collection":[{"href":"https:\/\/roveyayinevi.com.tr\/index.php\/wp-json\/wp\/v2\/product"}],"about":[{"href":"https:\/\/roveyayinevi.com.tr\/index.php\/wp-json\/wp\/v2\/types\/product"}],"wp:attachment":[{"href":"https:\/\/roveyayinevi.com.tr\/index.php\/wp-json\/wp\/v2\/media?parent=753107"}],"wp:term":[{"taxonomy":"product_brand","embeddable":true,"href":"https:\/\/roveyayinevi.com.tr\/index.php\/wp-json\/wp\/v2\/product_brand?post=753107"},{"taxonomy":"product_cat","embeddable":true,"href":"https:\/\/roveyayinevi.com.tr\/index.php\/wp-json\/wp\/v2\/product_cat?post=753107"},{"taxonomy":"product_tag","embeddable":true,"href":"https:\/\/roveyayinevi.com.tr\/index.php\/wp-json\/wp\/v2\/product_tag?post=753107"}],"curies":[{"name":"wp","href":"https:\/\/api.w.org\/{rel}","templated":true}]}}