{"id":753106,"date":"2025-08-28T05:33:55","date_gmt":"2025-08-28T02:33:55","guid":{"rendered":"https:\/\/roveyayinevi.com.tr\/index.php\/urun\/hayati-anlamak-serisi-kutulu-set\/"},"modified":"2026-01-21T03:37:57","modified_gmt":"2026-01-21T00:37:57","slug":"hayati-anlamak-serisi-kutulu-set","status":"publish","type":"product","link":"https:\/\/roveyayinevi.com.tr\/index.php\/urun\/hayati-anlamak-serisi-kutulu-set\/","title":{"rendered":"Hayat\u0131 Anlamak Serisi (Kutulu Set)"},"content":{"rendered":"<p>Prof. Dr. M. Hakan T\u00fcrk\u00e7apar\u2019\u0131n edit\u00f6rl\u00fc\u011f\u00fcnde haz\u0131rlanan ve her kitapta belli bir psikolojik soruna odaklanan olan Hayat\u0131 Anlamak serisi bireyin kendine nas\u0131l yard\u0131m edebilece\u011fine yo\u011funla\u015f\u0131yor. Serinin ana rengi, psikolojik bozukluklar\u0131n nedenleri ve \u00e7\u00f6z\u00fcmlerini anlamak i\u00e7in ileti\u015fime dayal\u0131 bilimsel y\u00f6ntemi esas alan Bili\u015fsel Davran\u0131\u015f\u00e7\u0131 Psikoterapi. Kendi kendine yard\u0131m k\u0131lavuzu niteli\u011fi ta\u015f\u0131yan seri Prof. Dr. M. Hakan T\u00fcrk\u00e7apar, Prof.Dr. Kadir \u00d6zdel ve Prof. Dr. Asl\u0131han D\u00f6nmez&#8217;in yazd\u0131\u011f\u0131 be\u015f kitaptan olu\u015fuyor.  <\/p>\n","protected":false},"excerpt":{"rendered":"<p>Prof. Dr. M. Hakan T\u00fcrk\u00e7apar\u2019\u0131n edit\u00f6rl\u00fc\u011f\u00fcnde haz\u0131rlanan ve her kitapta belli bir psikolojik soruna odaklanan olan Hayat\u0131 Anlamak serisi bireyin kendine nas\u0131l yard\u0131m edebilece\u011fine yo\u011funla\u015f\u0131yor. Serinin<span class=\"excerpt-hellip\"> [\u2026]<\/span><\/p>\n","protected":false},"featured_media":0,"template":"","meta":{"_monsterinsights_skip_tracking":false,"_monsterinsights_sitenote_active":false,"_monsterinsights_sitenote_note":"","_monsterinsights_sitenote_category":0},"product_brand":[],"product_cat":[12357],"product_tag":[],"class_list":{"0":"post-753106","1":"product","2":"type-product","3":"status-publish","5":"product_cat-psikoloji","6":"pa_cilt-ciltsiz","7":"pa_tur-kitap","8":"pa_yayinevi-epsilon-yayinlari","9":"pa_yazar-kolektif","11":"first","12":"instock","13":"sale","14":"shipping-taxable","15":"purchasable","16":"product-type-simple"},"_links":{"self":[{"href":"https:\/\/roveyayinevi.com.tr\/index.php\/wp-json\/wp\/v2\/product\/753106","targetHints":{"allow":["GET"]}}],"collection":[{"href":"https:\/\/roveyayinevi.com.tr\/index.php\/wp-json\/wp\/v2\/product"}],"about":[{"href":"https:\/\/roveyayinevi.com.tr\/index.php\/wp-json\/wp\/v2\/types\/product"}],"wp:attachment":[{"href":"https:\/\/roveyayinevi.com.tr\/index.php\/wp-json\/wp\/v2\/media?parent=753106"}],"wp:term":[{"taxonomy":"product_brand","embeddable":true,"href":"https:\/\/roveyayinevi.com.tr\/index.php\/wp-json\/wp\/v2\/product_brand?post=753106"},{"taxonomy":"product_cat","embeddable":true,"href":"https:\/\/roveyayinevi.com.tr\/index.php\/wp-json\/wp\/v2\/product_cat?post=753106"},{"taxonomy":"product_tag","embeddable":true,"href":"https:\/\/roveyayinevi.com.tr\/index.php\/wp-json\/wp\/v2\/product_tag?post=753106"}],"curies":[{"name":"wp","href":"https:\/\/api.w.org\/{rel}","templated":true}]}}