{"id":753105,"date":"2025-08-28T05:33:53","date_gmt":"2025-08-28T02:33:53","guid":{"rendered":"https:\/\/roveyayinevi.com.tr\/index.php\/urun\/evini-arayan-ardic-tohumu\/"},"modified":"2026-04-16T03:06:39","modified_gmt":"2026-04-16T00:06:39","slug":"evini-arayan-ardic-tohumu","status":"publish","type":"product","link":"https:\/\/roveyayinevi.com.tr\/index.php\/urun\/evini-arayan-ardic-tohumu\/","title":{"rendered":"Evini Arayan Ard\u0131\u00e7 Tohumu"},"content":{"rendered":"<p>Do\u011fayla, a\u011fa\u00e7larla ili\u015fkisi azalan kent insan\u0131n\u0131n en b\u00fcy\u00fck eksiklerinden biri a\u011fa\u00e7lar\u0131 tan\u0131mak. Oysa onlar\u0131 sevmenin, sahiplenmenin en birincil ko\u015fulu bu. Evini Arayan Ard\u0131\u00e7 Tohumu, bu eksikli\u011fi biraz olsun giderebilmek amac\u0131yla yay\u0131mland\u0131.\u0130stanbul \u00dcniversitesi Orman Fak\u00fcltesi \u00f6\u011fretim g\u00f6revlisi Prof. Dr. \u00dcnal Akkemik\u2019in dan\u0131\u015fmanl\u0131\u011f\u0131nda haz\u0131rlanan kitap, hem \u00c7ek\u00fcl Vakf\u0131\u2019n\u0131n e\u011fitim \u00e7al\u0131\u015fmalar\u0131 hem de \u00e7ocuklar, aileleri ve \u00f6\u011fretmenleri i\u00e7in \u00f6nemli bir kaynak niteli\u011finde.Bu kitab\u0131 alarak, \u00c7ek\u00fcl Bilgi A\u011fac\u0131\u2019n\u0131n do\u011fal miras e\u011fitimlerine destek vereceksiniz.<\/p>\n","protected":false},"excerpt":{"rendered":"<p>Do\u011fayla, a\u011fa\u00e7larla ili\u015fkisi azalan kent insan\u0131n\u0131n en b\u00fcy\u00fck eksiklerinden biri a\u011fa\u00e7lar\u0131 tan\u0131mak. Oysa onlar\u0131 sevmenin, sahiplenmenin en birincil ko\u015fulu bu. Evini Arayan Ard\u0131\u00e7 Tohumu, bu eksikli\u011fi<span class=\"excerpt-hellip\"> [\u2026]<\/span><\/p>\n","protected":false},"featured_media":0,"template":"","meta":{"_monsterinsights_skip_tracking":false,"_monsterinsights_sitenote_active":false,"_monsterinsights_sitenote_note":"","_monsterinsights_sitenote_category":0},"product_brand":[],"product_cat":[12274,12284],"product_tag":[],"class_list":{"0":"post-753105","1":"product","2":"type-product","3":"status-publish","5":"product_cat-cocuk-ve-genclik-kitaplari","6":"product_cat-hikayeler","7":"pa_cilt-ciltsiz","8":"pa_tur-kitap","9":"pa_yayinevi-dogan-egmont-yayincilik","10":"pa_yazar-servet-yanardag","12":"first","13":"instock","14":"sale","15":"shipping-taxable","16":"purchasable","17":"product-type-simple"},"_links":{"self":[{"href":"https:\/\/roveyayinevi.com.tr\/index.php\/wp-json\/wp\/v2\/product\/753105","targetHints":{"allow":["GET"]}}],"collection":[{"href":"https:\/\/roveyayinevi.com.tr\/index.php\/wp-json\/wp\/v2\/product"}],"about":[{"href":"https:\/\/roveyayinevi.com.tr\/index.php\/wp-json\/wp\/v2\/types\/product"}],"wp:attachment":[{"href":"https:\/\/roveyayinevi.com.tr\/index.php\/wp-json\/wp\/v2\/media?parent=753105"}],"wp:term":[{"taxonomy":"product_brand","embeddable":true,"href":"https:\/\/roveyayinevi.com.tr\/index.php\/wp-json\/wp\/v2\/product_brand?post=753105"},{"taxonomy":"product_cat","embeddable":true,"href":"https:\/\/roveyayinevi.com.tr\/index.php\/wp-json\/wp\/v2\/product_cat?post=753105"},{"taxonomy":"product_tag","embeddable":true,"href":"https:\/\/roveyayinevi.com.tr\/index.php\/wp-json\/wp\/v2\/product_tag?post=753105"}],"curies":[{"name":"wp","href":"https:\/\/api.w.org\/{rel}","templated":true}]}}