{"id":753101,"date":"2025-08-28T05:33:45","date_gmt":"2025-08-28T02:33:45","guid":{"rendered":"https:\/\/roveyayinevi.com.tr\/index.php\/urun\/kizil-iblisin-donusu-2\/"},"modified":"2026-04-16T03:06:39","modified_gmt":"2026-04-16T00:06:39","slug":"kizil-iblisin-donusu-2","status":"publish","type":"product","link":"https:\/\/roveyayinevi.com.tr\/index.php\/urun\/kizil-iblisin-donusu-2\/","title":{"rendered":"K\u0131z\u0131l \u0130blis\u2019in D\u00f6n\u00fc\u015f\u00fc 2"},"content":{"rendered":"<p>Bulundu\u011fu mistik evrende g\u00fc\u00e7lerinden korkan Efendiler Koalisyonu taraf\u0131ndan \u00f6ld\u00fcr\u00fclen K\u0131z\u0131l \u0130blis\u2019in d\u00fcnyam\u0131zda Jinho olarak uyanmas\u0131yla ba\u015flayan macera devam ediyor. D\u00fcnyaya liseli bir gen\u00e7 bedeninde d\u00f6nm\u00fc\u015f olmas\u0131na ra\u011fmen g\u00fc\u00e7lerini kaybetmeyen Jinho\u2019nun d\u00fc\u015fmanlar\u0131 burada da pe\u015fini b\u0131rakm\u0131yor.Serinin bu b\u00f6l\u00fcm\u00fcnde yeni hayat\u0131na uyum sa\u011flamaya \u00e7al\u0131\u015fan K\u0131z\u0131l \u0130blis bir yandan d\u00fc\u015fmanlar\u0131yla sava\u015f\u0131rken bir yandan da kendisi i\u00e7in \u00e7ok de\u011ferli bir \u015feyi aramaya ba\u015flar. \u00c7in\u2019in \u0131ss\u0131z da\u011flar\u0131na uzanan bu zorlu yolculukta K\u0131z\u0131l \u0130blis arad\u0131\u011f\u0131n\u0131 bulabilecek mi? Yoksa bu maceran\u0131n sonunda K\u0131z\u0131l \u0130blis\u2019in d\u00fc\u015fmanlar\u0131 birlik olup onun g\u00fc\u00e7lerini elinden mi alacak?%100 HARB\u0130 B\u0130R \u0130BL\u0130S!Acaba iyilik mi, yoksa k\u00f6t\u00fcl\u00fck m\u00fc yapacak?<\/p>\n","protected":false},"excerpt":{"rendered":"<p>Bulundu\u011fu mistik evrende g\u00fc\u00e7lerinden korkan Efendiler Koalisyonu taraf\u0131ndan \u00f6ld\u00fcr\u00fclen K\u0131z\u0131l \u0130blis\u2019in d\u00fcnyam\u0131zda Jinho olarak uyanmas\u0131yla ba\u015flayan macera devam ediyor. D\u00fcnyaya liseli bir gen\u00e7 bedeninde d\u00f6nm\u00fc\u015f olmas\u0131na<span class=\"excerpt-hellip\"> [\u2026]<\/span><\/p>\n","protected":false},"featured_media":0,"template":"","meta":{"_monsterinsights_skip_tracking":false,"_monsterinsights_sitenote_active":false,"_monsterinsights_sitenote_note":"","_monsterinsights_sitenote_category":0},"product_brand":[],"product_cat":[12416,12291],"product_tag":[],"class_list":{"0":"post-753101","1":"product","2":"type-product","3":"status-publish","5":"product_cat-cizgi-roman","6":"product_cat-edebiyat","7":"pa_cilt-ciltsiz","8":"pa_tur-kitap","9":"pa_yayinevi-athica-yayinlari","10":"pa_yazar-azi-mayorang-wolbaek","12":"first","13":"instock","14":"sale","15":"shipping-taxable","16":"purchasable","17":"product-type-simple"},"_links":{"self":[{"href":"https:\/\/roveyayinevi.com.tr\/index.php\/wp-json\/wp\/v2\/product\/753101","targetHints":{"allow":["GET"]}}],"collection":[{"href":"https:\/\/roveyayinevi.com.tr\/index.php\/wp-json\/wp\/v2\/product"}],"about":[{"href":"https:\/\/roveyayinevi.com.tr\/index.php\/wp-json\/wp\/v2\/types\/product"}],"wp:attachment":[{"href":"https:\/\/roveyayinevi.com.tr\/index.php\/wp-json\/wp\/v2\/media?parent=753101"}],"wp:term":[{"taxonomy":"product_brand","embeddable":true,"href":"https:\/\/roveyayinevi.com.tr\/index.php\/wp-json\/wp\/v2\/product_brand?post=753101"},{"taxonomy":"product_cat","embeddable":true,"href":"https:\/\/roveyayinevi.com.tr\/index.php\/wp-json\/wp\/v2\/product_cat?post=753101"},{"taxonomy":"product_tag","embeddable":true,"href":"https:\/\/roveyayinevi.com.tr\/index.php\/wp-json\/wp\/v2\/product_tag?post=753101"}],"curies":[{"name":"wp","href":"https:\/\/api.w.org\/{rel}","templated":true}]}}