{"id":753100,"date":"2025-08-28T05:33:43","date_gmt":"2025-08-28T02:33:43","guid":{"rendered":"https:\/\/roveyayinevi.com.tr\/index.php\/urun\/ceviz-guzeli-1\/"},"modified":"2026-04-16T03:06:39","modified_gmt":"2026-04-16T00:06:39","slug":"ceviz-guzeli-1","status":"publish","type":"product","link":"https:\/\/roveyayinevi.com.tr\/index.php\/urun\/ceviz-guzeli-1\/","title":{"rendered":"Ceviz G\u00fczeli 1"},"content":{"rendered":"<p>Brezilya Futbolunun Y\u00fckselen Y\u0131ld\u0131z\u0131 Luc\u0131o Santos, Antrenmanlar, Medya R\u00f6portajlar\u0131, Reklam \u00c7ekimleri Ve Taraftar Toplant\u0131lar\u0131yla Dolu Bir Hayat Ya\u015famaktayd\u0131. Annesi Hastaland\u0131\u011f\u0131nda Bile Yo\u011funlu\u011fu Nedeniyle Onu Ziyarete Gidememi\u015fti.Bu \u00c7aresizlikle Luc\u0131o Santos D\u00fcnya Kupas\u0131&#8217;nda, Say\u0131s\u0131z Taraftar\u0131n \u00d6n\u00fcnde Ortadan Kaybolmaya Karar Verdi Ve Binlerce Kilometre U\u00e7arak D\u00fcnyan\u0131n Di\u011fer Ucundaki Bir Adaya Gidip Orada Da Hayallerindeki K\u0131zla Tan\u0131\u015ft\u0131&#8230;\u201cKalbimin G\u00fcm G\u00fcm At\u0131\u015f\u0131n\u0131 Duyabiliyorum!\u201d\u00d6nerilen Kategoriler:\u00c7izgi RomanTayvan K\u00fclt\u00fcr\u00fcGen\u00e7lik Ve Tutku<\/p>\n","protected":false},"excerpt":{"rendered":"<p>Brezilya Futbolunun Y\u00fckselen Y\u0131ld\u0131z\u0131 Luc\u0131o Santos, Antrenmanlar, Medya R\u00f6portajlar\u0131, Reklam \u00c7ekimleri Ve Taraftar Toplant\u0131lar\u0131yla Dolu Bir Hayat Ya\u015famaktayd\u0131. Annesi Hastaland\u0131\u011f\u0131nda Bile Yo\u011funlu\u011fu Nedeniyle Onu Ziyarete Gidememi\u015fti.Bu<span class=\"excerpt-hellip\"> [\u2026]<\/span><\/p>\n","protected":false},"featured_media":0,"template":"","meta":{"_monsterinsights_skip_tracking":false,"_monsterinsights_sitenote_active":false,"_monsterinsights_sitenote_note":"","_monsterinsights_sitenote_category":0},"product_brand":[],"product_cat":[12416,12291],"product_tag":[],"class_list":{"0":"post-753100","1":"product","2":"type-product","3":"status-publish","5":"product_cat-cizgi-roman","6":"product_cat-edebiyat","7":"pa_cilt-ciltsiz","8":"pa_tur-kitap","9":"pa_yayinevi-athica-yayinlari","10":"pa_yazar-kolektif","12":"first","13":"instock","14":"sale","15":"shipping-taxable","16":"purchasable","17":"product-type-simple"},"_links":{"self":[{"href":"https:\/\/roveyayinevi.com.tr\/index.php\/wp-json\/wp\/v2\/product\/753100","targetHints":{"allow":["GET"]}}],"collection":[{"href":"https:\/\/roveyayinevi.com.tr\/index.php\/wp-json\/wp\/v2\/product"}],"about":[{"href":"https:\/\/roveyayinevi.com.tr\/index.php\/wp-json\/wp\/v2\/types\/product"}],"wp:attachment":[{"href":"https:\/\/roveyayinevi.com.tr\/index.php\/wp-json\/wp\/v2\/media?parent=753100"}],"wp:term":[{"taxonomy":"product_brand","embeddable":true,"href":"https:\/\/roveyayinevi.com.tr\/index.php\/wp-json\/wp\/v2\/product_brand?post=753100"},{"taxonomy":"product_cat","embeddable":true,"href":"https:\/\/roveyayinevi.com.tr\/index.php\/wp-json\/wp\/v2\/product_cat?post=753100"},{"taxonomy":"product_tag","embeddable":true,"href":"https:\/\/roveyayinevi.com.tr\/index.php\/wp-json\/wp\/v2\/product_tag?post=753100"}],"curies":[{"name":"wp","href":"https:\/\/api.w.org\/{rel}","templated":true}]}}