{"id":753098,"date":"2025-08-28T05:33:40","date_gmt":"2025-08-28T02:33:40","guid":{"rendered":"https:\/\/roveyayinevi.com.tr\/index.php\/urun\/bitmeyen-hikayemiz\/"},"modified":"2026-04-16T03:06:39","modified_gmt":"2026-04-16T00:06:39","slug":"bitmeyen-hikayemiz","status":"publish","type":"product","link":"https:\/\/roveyayinevi.com.tr\/index.php\/urun\/bitmeyen-hikayemiz\/","title":{"rendered":"Bitmeyen Hikayemiz"},"content":{"rendered":"<p>B\u0130TMEYEN H\u0130KAYEM\u0130Z   Bir hikaye yazacakt\u0131k seninle Sevdam\u0131z\u0131 kendi y\u00fcre\u011fimizle, Bir yola \u00e7\u0131km\u0131\u015ft\u0131k bu sevgimizle \u0130kimiz de \u00e7ok mutluyduk seninle.   Bir f\u0131rt\u0131na esip savurdu bizi Kalbimize g\u00f6md\u00fck o sevgimizi, Arada bir efkar sar\u0131nca bizi Bir t\u00fcrl\u00fc silinmez sevdan\u0131n izi.   O y\u00fcrek o sevda hep \u00f6yle kald\u0131 Ne gece ne g\u00fcn\u00fcn tad\u0131 kalmad\u0131, R\u00fcyalar\u0131m bile sensiz olmad\u0131 Bir daha ellerim hi\u00e7 \u0131s\u0131nmad\u0131.   \u015eimdi ikimiz de ayr\u0131 ellerde Hasretin sanc\u0131s\u0131 hep y\u00fcre\u011fimde, Her gitti\u011fim yerde hayalin bende Donup da kalm\u0131\u015fs\u0131n kirpiklerimde.   Aylar mevsimler ge\u00e7iyor habersiz Ba\u015fka diyarlar\u0131 mesken tuttuk biz, Hasret i\u00e7inde ge\u00e7se de \u00f6mr\u00fcm\u00fcz Hi\u00e7 bitmez bizim bu hikayemiz.   B\u00f6yle bir hikaye hi\u00e7 g\u00f6r\u00fclmedi Da\u011flar\u0131 \u00e7\u00f6lleri mesken eyledi, A\u015fk hep ayn\u0131 kald\u0131 \u00f6mr\u00fc bitirdi Yaln\u0131z bir yolcuydu, yaln\u0131z y\u00fcr\u00fcd\u00fc. 18.6.2023 <\/p>\n","protected":false},"excerpt":{"rendered":"<p>B\u0130TMEYEN H\u0130KAYEM\u0130Z Bir hikaye yazacakt\u0131k seninle Sevdam\u0131z\u0131 kendi y\u00fcre\u011fimizle, Bir yola \u00e7\u0131km\u0131\u015ft\u0131k bu sevgimizle \u0130kimiz de \u00e7ok mutluyduk seninle. Bir f\u0131rt\u0131na esip savurdu bizi Kalbimize g\u00f6md\u00fck<span class=\"excerpt-hellip\"> [\u2026]<\/span><\/p>\n","protected":false},"featured_media":0,"template":"","meta":{"_monsterinsights_skip_tracking":false,"_monsterinsights_sitenote_active":false,"_monsterinsights_sitenote_note":"","_monsterinsights_sitenote_category":0},"product_brand":[],"product_cat":[12291,12509],"product_tag":[],"class_list":{"0":"post-753098","1":"product","2":"type-product","3":"status-publish","5":"product_cat-edebiyat","6":"product_cat-siir","7":"pa_cilt-ciltsiz","8":"pa_tur-kitap","9":"pa_yayinevi-gulnar-yayinlari","10":"pa_yazar-lazime-gazioglu","12":"first","13":"instock","14":"sale","15":"shipping-taxable","16":"purchasable","17":"product-type-simple"},"_links":{"self":[{"href":"https:\/\/roveyayinevi.com.tr\/index.php\/wp-json\/wp\/v2\/product\/753098","targetHints":{"allow":["GET"]}}],"collection":[{"href":"https:\/\/roveyayinevi.com.tr\/index.php\/wp-json\/wp\/v2\/product"}],"about":[{"href":"https:\/\/roveyayinevi.com.tr\/index.php\/wp-json\/wp\/v2\/types\/product"}],"wp:attachment":[{"href":"https:\/\/roveyayinevi.com.tr\/index.php\/wp-json\/wp\/v2\/media?parent=753098"}],"wp:term":[{"taxonomy":"product_brand","embeddable":true,"href":"https:\/\/roveyayinevi.com.tr\/index.php\/wp-json\/wp\/v2\/product_brand?post=753098"},{"taxonomy":"product_cat","embeddable":true,"href":"https:\/\/roveyayinevi.com.tr\/index.php\/wp-json\/wp\/v2\/product_cat?post=753098"},{"taxonomy":"product_tag","embeddable":true,"href":"https:\/\/roveyayinevi.com.tr\/index.php\/wp-json\/wp\/v2\/product_tag?post=753098"}],"curies":[{"name":"wp","href":"https:\/\/api.w.org\/{rel}","templated":true}]}}