{"id":753096,"date":"2025-08-28T05:33:37","date_gmt":"2025-08-28T02:33:37","guid":{"rendered":"https:\/\/roveyayinevi.com.tr\/index.php\/urun\/secilmis-sampiyon-girdap-gunlukleri-2-kitap\/"},"modified":"2026-04-16T03:06:39","modified_gmt":"2026-04-16T00:06:39","slug":"secilmis-sampiyon-girdap-gunlukleri-2-kitap","status":"publish","type":"product","link":"https:\/\/roveyayinevi.com.tr\/index.php\/urun\/secilmis-sampiyon-girdap-gunlukleri-2-kitap\/","title":{"rendered":"Se\u00e7ilmi\u015f \u015eampiyon &#8211; Girdap G\u00fcnl\u00fckleri 2. Kitap"},"content":{"rendered":"<p>Kaderine Ko\u015fan Bir Prenses Herkesi Tehdit Eden Bir Karanl\u0131k Zaman\u0131n\u0131 Bekleyen D\u00fc\u015fmanlar   Vi Solaris, hayat\u0131 boyunca hasretini \u00e7ekti\u011fi ne varsa elde etmek \u00fczereydi. Ailesine, evine, taht\u0131na kavu\u015fmas\u0131na \u00e7ok az kalm\u0131\u015ft\u0131 ama d\u00fcnyan\u0131n kaderi ellerindeyken sadece kendini d\u00fc\u015f\u00fcnemezdi.   Herkesin g\u00f6z\u00fcnde o Veliaht Prenses\u2019ti. Oysa Vi\u2019nin \u00f6n\u00fcnde bamba\u015fka bir yol uzan\u0131yordu. Ana K\u0131ta\u2019n\u0131n \u00e7ok \u00f6tesinde onun g\u00f6r\u00fclerini \u00e7\u00f6zebilecek ve d\u00fcnyay\u0131 kas\u0131p kavuran kadim k\u00f6t\u00fcl\u00fc\u011f\u00fc alt etmenin anahtar\u0131n\u0131 elinde tutan bir adam vard\u0131. Fakat Vi, ona ula\u015fmak i\u00e7in taht\u0131n d\u00fc\u015fmanlar\u0131yla, hi\u00e7 ummad\u0131\u011f\u0131 bir a\u015fkla, b\u00fcy\u00fcc\u00fc korsanlarla ve affedilmez bir ihanetle m\u00fccadele etmek zorunda kalacakt\u0131.   Kimi k\u00f6t\u00fcl\u00fcklerin asla \u00f6lmedi\u011fini, yaln\u0131zca pusuda bekledi\u011fini zor yoldan \u00f6\u011frenecekti.     \u201cYasak a\u015fklar\u0131 ve unutulmaz kad\u0131n kahramanlar\u0131 sevenler i\u00e7in muhte\u015fem bir kitap.\u201d \u2014Cassandra Carpio   \u201cBu e\u015fsiz ve heyecan verici fantastik seride sizi soluksuz okuyaca\u011f\u0131n\u0131z bir roman daha bekliyor.\u201d \u2014MorrBooks   \u201cSe\u00e7ilmi\u015f \u015eampiyon nefes kesiciydi! Elise Kova\u2019n\u0131n bu heyecan verici devam kitab\u0131nda kendinizi kaybetmeye haz\u0131r olun!\u201d \u2014Michelle Fritz PA   \u201cSayfalar\u0131 h\u0131zla \u00e7evirecek ve devam kitaplar\u0131 i\u00e7in sab\u0131rs\u0131zlanacaks\u0131n\u0131z.\u201d \u2014Emmie Scharf   \u201cA\u015fk, b\u00fcy\u00fc ve s\u00fcrprizlerle dolu s\u00fcr\u00fckleyici bir hik\u00e2ye. Fantastik bir romandan isteyebilece\u011finiz her \u015fey bu kitapta var.\u201d \u2014Just a Bookworm <\/p>\n","protected":false},"excerpt":{"rendered":"<p>Kaderine Ko\u015fan Bir Prenses Herkesi Tehdit Eden Bir Karanl\u0131k Zaman\u0131n\u0131 Bekleyen D\u00fc\u015fmanlar Vi Solaris, hayat\u0131 boyunca hasretini \u00e7ekti\u011fi ne varsa elde etmek \u00fczereydi. Ailesine, evine, taht\u0131na<span class=\"excerpt-hellip\"> [\u2026]<\/span><\/p>\n","protected":false},"featured_media":0,"template":"","meta":{"_monsterinsights_skip_tracking":false,"_monsterinsights_sitenote_active":false,"_monsterinsights_sitenote_note":"","_monsterinsights_sitenote_category":0},"product_brand":[],"product_cat":[12291,14777],"product_tag":[],"class_list":{"0":"post-753096","1":"product","2":"type-product","3":"status-publish","5":"product_cat-edebiyat","6":"product_cat-fantastik","7":"pa_cilt-ciltsiz","8":"pa_tur-kitap","9":"pa_yayinevi-yabanci-yayinevi","10":"pa_yazar-elise-kova","12":"first","13":"instock","14":"sale","15":"shipping-taxable","16":"purchasable","17":"product-type-simple"},"_links":{"self":[{"href":"https:\/\/roveyayinevi.com.tr\/index.php\/wp-json\/wp\/v2\/product\/753096","targetHints":{"allow":["GET"]}}],"collection":[{"href":"https:\/\/roveyayinevi.com.tr\/index.php\/wp-json\/wp\/v2\/product"}],"about":[{"href":"https:\/\/roveyayinevi.com.tr\/index.php\/wp-json\/wp\/v2\/types\/product"}],"wp:attachment":[{"href":"https:\/\/roveyayinevi.com.tr\/index.php\/wp-json\/wp\/v2\/media?parent=753096"}],"wp:term":[{"taxonomy":"product_brand","embeddable":true,"href":"https:\/\/roveyayinevi.com.tr\/index.php\/wp-json\/wp\/v2\/product_brand?post=753096"},{"taxonomy":"product_cat","embeddable":true,"href":"https:\/\/roveyayinevi.com.tr\/index.php\/wp-json\/wp\/v2\/product_cat?post=753096"},{"taxonomy":"product_tag","embeddable":true,"href":"https:\/\/roveyayinevi.com.tr\/index.php\/wp-json\/wp\/v2\/product_tag?post=753096"}],"curies":[{"name":"wp","href":"https:\/\/api.w.org\/{rel}","templated":true}]}}