{"id":753092,"date":"2025-08-28T05:33:31","date_gmt":"2025-08-28T02:33:31","guid":{"rendered":"https:\/\/roveyayinevi.com.tr\/index.php\/urun\/turkce-dusunmek\/"},"modified":"2026-04-16T03:06:39","modified_gmt":"2026-04-16T00:06:39","slug":"turkce-dusunmek","status":"publish","type":"product","link":"https:\/\/roveyayinevi.com.tr\/index.php\/urun\/turkce-dusunmek\/","title":{"rendered":"T\u00fcrk\u00e7e D\u00fc\u015f\u00fcnmek"},"content":{"rendered":"<p>Bu kitapta g\u00fcn\u00fcm\u00fczde T\u00fcrk milletinin s\u0131k\u00e7a tart\u0131\u015ft\u0131\u011f\u0131 modernle\u015fme, Tanzimat, Bat\u0131l\u0131la\u015fma, bilim, Cumhuriyet, laiklik, ekonomi, Mill\u00ee E\u011fitim, dil ink\u0131l\u00e2b\u0131, T\u00fcrk edebiyat\u0131, deprem, mimari, d\u0131\u015f politika, birlik, \u00f6tekile\u015ftirme, nesli bozmak, sanal d\u00fcnya, \u015fiddet, T\u00fcrk d\u00fcnyas\u0131, ahlak gibi konular tekrar ele al\u0131n\u0131p irdelenmi\u015f ve T\u00fcrk milleti i\u00e7in do\u011fru, sahih bir bak\u0131\u015f a\u00e7\u0131s\u0131 geli\u015ftirilmeye \u00e7al\u0131\u015f\u0131lm\u0131\u015ft\u0131r. Biz uyumlu, ahenkli bir T\u00fcrk milleti olarak var olacaksak sosyal, siyasi, k\u00fclt\u00fcrel, din\u00ee, ekonomik sorunlar\u0131m\u0131z\u0131 cesaretle konu\u015fmak ve medenice tart\u0131\u015fmak zorunday\u0131z. <\/p>\n","protected":false},"excerpt":{"rendered":"<p>Bu kitapta g\u00fcn\u00fcm\u00fczde T\u00fcrk milletinin s\u0131k\u00e7a tart\u0131\u015ft\u0131\u011f\u0131 modernle\u015fme, Tanzimat, Bat\u0131l\u0131la\u015fma, bilim, Cumhuriyet, laiklik, ekonomi, Mill\u00ee E\u011fitim, dil ink\u0131l\u00e2b\u0131, T\u00fcrk edebiyat\u0131, deprem, mimari, d\u0131\u015f politika, birlik, \u00f6tekile\u015ftirme,<span class=\"excerpt-hellip\"> [\u2026]<\/span><\/p>\n","protected":false},"featured_media":0,"template":"","meta":{"_monsterinsights_skip_tracking":false,"_monsterinsights_sitenote_active":false,"_monsterinsights_sitenote_note":"","_monsterinsights_sitenote_category":0},"product_brand":[],"product_cat":[52477],"product_tag":[],"class_list":{"0":"post-753092","1":"product","2":"type-product","3":"status-publish","5":"product_cat-arastirma","6":"pa_cilt-ciltsiz","7":"pa_tur-kitap","8":"pa_yayinevi-semenderkitap-yayinlari","9":"pa_yazar-nurullah-cetin","11":"first","12":"instock","13":"sale","14":"shipping-taxable","15":"purchasable","16":"product-type-simple"},"_links":{"self":[{"href":"https:\/\/roveyayinevi.com.tr\/index.php\/wp-json\/wp\/v2\/product\/753092","targetHints":{"allow":["GET"]}}],"collection":[{"href":"https:\/\/roveyayinevi.com.tr\/index.php\/wp-json\/wp\/v2\/product"}],"about":[{"href":"https:\/\/roveyayinevi.com.tr\/index.php\/wp-json\/wp\/v2\/types\/product"}],"wp:attachment":[{"href":"https:\/\/roveyayinevi.com.tr\/index.php\/wp-json\/wp\/v2\/media?parent=753092"}],"wp:term":[{"taxonomy":"product_brand","embeddable":true,"href":"https:\/\/roveyayinevi.com.tr\/index.php\/wp-json\/wp\/v2\/product_brand?post=753092"},{"taxonomy":"product_cat","embeddable":true,"href":"https:\/\/roveyayinevi.com.tr\/index.php\/wp-json\/wp\/v2\/product_cat?post=753092"},{"taxonomy":"product_tag","embeddable":true,"href":"https:\/\/roveyayinevi.com.tr\/index.php\/wp-json\/wp\/v2\/product_tag?post=753092"}],"curies":[{"name":"wp","href":"https:\/\/api.w.org\/{rel}","templated":true}]}}