{"id":753091,"date":"2025-08-28T05:33:30","date_gmt":"2025-08-28T02:33:30","guid":{"rendered":"https:\/\/roveyayinevi.com.tr\/index.php\/urun\/istiklalimizin-simgesi-turk-bayragi\/"},"modified":"2026-04-16T03:06:39","modified_gmt":"2026-04-16T00:06:39","slug":"istiklalimizin-simgesi-turk-bayragi","status":"publish","type":"product","link":"https:\/\/roveyayinevi.com.tr\/index.php\/urun\/istiklalimizin-simgesi-turk-bayragi\/","title":{"rendered":"\u0130stiklalimizin Simgesi T\u00fcrk Bayra\u011f\u0131"},"content":{"rendered":"<p>Bu kitapta T\u00fcrk bayra\u011f\u0131n\u0131n anlam\u0131ndan ba\u015flayarak tarihsel geli\u015fimi, ne zaman, nas\u0131l ortaya \u00e7\u0131kt\u0131\u011f\u0131, bizim bayra\u011fa \u0130slam \u00f6ncesi ve \u0130slam sonras\u0131 d\u00f6nemlerimizde ne gibi simgesel anlamlar y\u00fckledi\u011fimiz a\u00e7\u0131klanm\u0131\u015ft\u0131r. Ayr\u0131ca T\u00fcrk bayra\u011f\u0131na dair g\u00fcncel yorum ve a\u00e7\u0131klamalar da ortaya kondu. Di\u011fer yandan T\u00fcrk bayra\u011f\u0131 konulu edeb\u00ee metin se\u00e7kisine de yer verildi. <\/p>\n","protected":false},"excerpt":{"rendered":"<p>Bu kitapta T\u00fcrk bayra\u011f\u0131n\u0131n anlam\u0131ndan ba\u015flayarak tarihsel geli\u015fimi, ne zaman, nas\u0131l ortaya \u00e7\u0131kt\u0131\u011f\u0131, bizim bayra\u011fa \u0130slam \u00f6ncesi ve \u0130slam sonras\u0131 d\u00f6nemlerimizde ne gibi simgesel anlamlar y\u00fckledi\u011fimiz<span class=\"excerpt-hellip\"> [\u2026]<\/span><\/p>\n","protected":false},"featured_media":0,"template":"","meta":{"_monsterinsights_skip_tracking":false,"_monsterinsights_sitenote_active":false,"_monsterinsights_sitenote_note":"","_monsterinsights_sitenote_category":0},"product_brand":[],"product_cat":[12370,12304],"product_tag":[],"class_list":{"0":"post-753091","1":"product","2":"type-product","3":"status-publish","5":"product_cat-arastirma-inceleme","6":"product_cat-tarih","7":"pa_cilt-ciltsiz","8":"pa_tur-kitap","9":"pa_yayinevi-semenderkitap-yayinlari","10":"pa_yazar-nurullah-cetin","12":"first","13":"instock","14":"sale","15":"shipping-taxable","16":"purchasable","17":"product-type-simple"},"_links":{"self":[{"href":"https:\/\/roveyayinevi.com.tr\/index.php\/wp-json\/wp\/v2\/product\/753091","targetHints":{"allow":["GET"]}}],"collection":[{"href":"https:\/\/roveyayinevi.com.tr\/index.php\/wp-json\/wp\/v2\/product"}],"about":[{"href":"https:\/\/roveyayinevi.com.tr\/index.php\/wp-json\/wp\/v2\/types\/product"}],"wp:attachment":[{"href":"https:\/\/roveyayinevi.com.tr\/index.php\/wp-json\/wp\/v2\/media?parent=753091"}],"wp:term":[{"taxonomy":"product_brand","embeddable":true,"href":"https:\/\/roveyayinevi.com.tr\/index.php\/wp-json\/wp\/v2\/product_brand?post=753091"},{"taxonomy":"product_cat","embeddable":true,"href":"https:\/\/roveyayinevi.com.tr\/index.php\/wp-json\/wp\/v2\/product_cat?post=753091"},{"taxonomy":"product_tag","embeddable":true,"href":"https:\/\/roveyayinevi.com.tr\/index.php\/wp-json\/wp\/v2\/product_tag?post=753091"}],"curies":[{"name":"wp","href":"https:\/\/api.w.org\/{rel}","templated":true}]}}