{"id":753090,"date":"2025-08-28T05:33:29","date_gmt":"2025-08-28T02:33:29","guid":{"rendered":"https:\/\/roveyayinevi.com.tr\/index.php\/urun\/bozkurt\/"},"modified":"2026-04-16T03:06:38","modified_gmt":"2026-04-16T00:06:38","slug":"bozkurt","status":"publish","type":"product","link":"https:\/\/roveyayinevi.com.tr\/index.php\/urun\/bozkurt\/","title":{"rendered":"Bozkurt"},"content":{"rendered":"<p>Bu kitapta bozkurt kavram\u0131n\u0131n ne oldu\u011fu, tarihsel geli\u015fimi, T\u00fcrk d\u00fcnyas\u0131ndaki yeri, anlam\u0131, i\u015flevi \u00fczerinde duruldu. Bozkurt neden T\u00fcrklerin simgesidir? Sorusuna cevap verildi. Atat\u00fcrk\u2019\u00fcn Cumhuriyet d\u00f6neminde bozkurdu T\u00fcrkl\u00fc\u011f\u00fcn simgesi olarak kullanmas\u0131 belgelerle, resimlerle ortaya kondu. Destanlar d\u00f6neminden g\u00fcn\u00fcm\u00fcze kadarki s\u00fcre\u00e7te T\u00fcrk edebiyat\u0131ndan se\u00e7ilen \u00f6rnekler \u00fczerinden bozkurt motifinin nas\u0131l ele al\u0131n\u0131p i\u015flendi\u011fi g\u00f6sterildi. <\/p>\n","protected":false},"excerpt":{"rendered":"<p>Bu kitapta bozkurt kavram\u0131n\u0131n ne oldu\u011fu, tarihsel geli\u015fimi, T\u00fcrk d\u00fcnyas\u0131ndaki yeri, anlam\u0131, i\u015flevi \u00fczerinde duruldu. Bozkurt neden T\u00fcrklerin simgesidir? Sorusuna cevap verildi. Atat\u00fcrk\u2019\u00fcn Cumhuriyet d\u00f6neminde bozkurdu<span class=\"excerpt-hellip\"> [\u2026]<\/span><\/p>\n","protected":false},"featured_media":0,"template":"","meta":{"_monsterinsights_skip_tracking":false,"_monsterinsights_sitenote_active":false,"_monsterinsights_sitenote_note":"","_monsterinsights_sitenote_category":0},"product_brand":[],"product_cat":[12370,12304],"product_tag":[],"class_list":{"0":"post-753090","1":"product","2":"type-product","3":"status-publish","5":"product_cat-arastirma-inceleme","6":"product_cat-tarih","7":"pa_cilt-ciltsiz","8":"pa_tur-kitap","9":"pa_yayinevi-semenderkitap-yayinlari","10":"pa_yazar-nurullah-cetin","12":"first","13":"instock","14":"sale","15":"shipping-taxable","16":"purchasable","17":"product-type-simple"},"_links":{"self":[{"href":"https:\/\/roveyayinevi.com.tr\/index.php\/wp-json\/wp\/v2\/product\/753090","targetHints":{"allow":["GET"]}}],"collection":[{"href":"https:\/\/roveyayinevi.com.tr\/index.php\/wp-json\/wp\/v2\/product"}],"about":[{"href":"https:\/\/roveyayinevi.com.tr\/index.php\/wp-json\/wp\/v2\/types\/product"}],"wp:attachment":[{"href":"https:\/\/roveyayinevi.com.tr\/index.php\/wp-json\/wp\/v2\/media?parent=753090"}],"wp:term":[{"taxonomy":"product_brand","embeddable":true,"href":"https:\/\/roveyayinevi.com.tr\/index.php\/wp-json\/wp\/v2\/product_brand?post=753090"},{"taxonomy":"product_cat","embeddable":true,"href":"https:\/\/roveyayinevi.com.tr\/index.php\/wp-json\/wp\/v2\/product_cat?post=753090"},{"taxonomy":"product_tag","embeddable":true,"href":"https:\/\/roveyayinevi.com.tr\/index.php\/wp-json\/wp\/v2\/product_tag?post=753090"}],"curies":[{"name":"wp","href":"https:\/\/api.w.org\/{rel}","templated":true}]}}