{"id":753089,"date":"2025-08-28T05:33:27","date_gmt":"2025-08-28T02:33:27","guid":{"rendered":"https:\/\/roveyayinevi.com.tr\/index.php\/urun\/ahmet-yeseviyi-anlamak\/"},"modified":"2026-04-16T03:06:38","modified_gmt":"2026-04-16T00:06:38","slug":"ahmet-yeseviyi-anlamak","status":"publish","type":"product","link":"https:\/\/roveyayinevi.com.tr\/index.php\/urun\/ahmet-yeseviyi-anlamak\/","title":{"rendered":"Ahmet Yesevi&#8217;yi Anlamak"},"content":{"rendered":"<p>Bu kitapta Ahmet Yesevi\u2019nin hayat hik\u00e2yesi k\u0131saca \u00f6zetlendi. Ama as\u0131l olarak, onun \u00f6\u011fretilerinin g\u00fcn\u00fcm\u00fcz T\u00fcrk-\u0130slam d\u00fcnyas\u0131na g\u00fcncel mesajlar\u0131n\u0131n ne oldu\u011fu \u00fczerinde duruldu. Bir bak\u0131ma Ahmet Yesevi\u2019yi g\u00fcn\u00fcm\u00fcze terc\u00fcme etmeye \u00e7al\u0131\u015ft\u0131m. Yesevi\u2019yi asr\u0131n idrakine sunmaya \u00e7al\u0131\u015ft\u0131m. M\u00fckemmel insan olma tasavvuru, hedonizm ele\u015ftirisi, ger\u00e7ek tarikat\u0131n ve \u015feyhin nas\u0131l olmas\u0131 gerekti\u011fi, epistemoloji, f\u00fct\u00fcrizm, malikiyet ve h\u00e2kimiyet, h\u00fcz\u00fcn, devlet felsefesi gibi kavramlar\u0131 Ahmet Yesevi\u2019ye g\u00f6re irdelemeye \u00e7al\u0131\u015ft\u0131m. <\/p>\n","protected":false},"excerpt":{"rendered":"<p>Bu kitapta Ahmet Yesevi\u2019nin hayat hik\u00e2yesi k\u0131saca \u00f6zetlendi. Ama as\u0131l olarak, onun \u00f6\u011fretilerinin g\u00fcn\u00fcm\u00fcz T\u00fcrk-\u0130slam d\u00fcnyas\u0131na g\u00fcncel mesajlar\u0131n\u0131n ne oldu\u011fu \u00fczerinde duruldu. Bir bak\u0131ma Ahmet Yesevi\u2019yi<span class=\"excerpt-hellip\"> [\u2026]<\/span><\/p>\n","protected":false},"featured_media":0,"template":"","meta":{"_monsterinsights_skip_tracking":false,"_monsterinsights_sitenote_active":false,"_monsterinsights_sitenote_note":"","_monsterinsights_sitenote_category":0},"product_brand":[],"product_cat":[12291,18202],"product_tag":[],"class_list":{"0":"post-753089","1":"product","2":"type-product","3":"status-publish","5":"product_cat-edebiyat","6":"product_cat-hikaye","7":"pa_cilt-ciltsiz","8":"pa_tur-kitap","9":"pa_yayinevi-semenderkitap-yayinlari","10":"pa_yazar-nurullah-cetin","12":"first","13":"instock","14":"sale","15":"shipping-taxable","16":"purchasable","17":"product-type-simple"},"_links":{"self":[{"href":"https:\/\/roveyayinevi.com.tr\/index.php\/wp-json\/wp\/v2\/product\/753089","targetHints":{"allow":["GET"]}}],"collection":[{"href":"https:\/\/roveyayinevi.com.tr\/index.php\/wp-json\/wp\/v2\/product"}],"about":[{"href":"https:\/\/roveyayinevi.com.tr\/index.php\/wp-json\/wp\/v2\/types\/product"}],"wp:attachment":[{"href":"https:\/\/roveyayinevi.com.tr\/index.php\/wp-json\/wp\/v2\/media?parent=753089"}],"wp:term":[{"taxonomy":"product_brand","embeddable":true,"href":"https:\/\/roveyayinevi.com.tr\/index.php\/wp-json\/wp\/v2\/product_brand?post=753089"},{"taxonomy":"product_cat","embeddable":true,"href":"https:\/\/roveyayinevi.com.tr\/index.php\/wp-json\/wp\/v2\/product_cat?post=753089"},{"taxonomy":"product_tag","embeddable":true,"href":"https:\/\/roveyayinevi.com.tr\/index.php\/wp-json\/wp\/v2\/product_tag?post=753089"}],"curies":[{"name":"wp","href":"https:\/\/api.w.org\/{rel}","templated":true}]}}