{"id":753087,"date":"2025-08-28T05:33:24","date_gmt":"2025-08-28T02:33:24","guid":{"rendered":"https:\/\/roveyayinevi.com.tr\/index.php\/urun\/sozum-olsun-sana\/"},"modified":"2026-04-16T03:06:38","modified_gmt":"2026-04-16T00:06:38","slug":"sozum-olsun-sana","status":"publish","type":"product","link":"https:\/\/roveyayinevi.com.tr\/index.php\/urun\/sozum-olsun-sana\/","title":{"rendered":"S\u00f6z\u00fcm Olsun Sana"},"content":{"rendered":"<p>Aslen Burdur&#8217;un Kemer \u0130l\u00e7esi Belenli K\u00f6y\u00fcnden olan H\u00fcseyin Y\u0131ld\u0131z 26.03.1978 do\u011fumludur. Babas\u0131n\u0131n g\u00f6revi gere\u011fi 1986 y\u0131l\u0131nda Burdur Kemer \u0130l\u00e7esi Yakalar k\u00f6y\u00fcne gelip buraya yerle\u015fen \u015fairimiz \u0130lkokulu Yakalar k\u00f6y\u00fc \u0130lkokulunda, ortaokulu Kemer \u0130lk\u00f6\u011fretim Okulunda, liseyi Tefenni \u0130brahim Kafeso\u011flu Lisesinde okudu. \u00dcniversite e\u011fitimini, S\u00fcleyman Demirel \u00dcniversitesi Burdur Meslek Y\u00fcksekokulu Pazarlama b\u00f6l\u00fcm\u00fcnde tamamlad\u0131.   Bir kamu kurumunda on \u00fc\u00e7 y\u0131ld\u0131r \u00f6zel g\u00fcvenlik g\u00f6revlisi olarak \u00e7al\u0131\u015fan Y\u0131ld\u0131z, \u201cBurdur Dernekler Federasyonu K\u00fclt\u00fcr ve Tan\u0131t\u0131m\u201d g\u00f6revlisi olarak y\u00f6r\u00fck k\u00f6ylerin k\u00fclt\u00fcrel de\u011ferlerini ara\u015ft\u0131r\u0131p kayda alarak gelecek nesillere aktarmaya \u00e7al\u0131\u015fan gitti\u011fi yerlerde yazd\u0131\u011f\u0131 \u0219iirlerini halk\u0131na okutarak kliplerine ekleyen \u00f6zelikle \u00e7ocuklar\u0131n y\u00fcre\u011fine dokunup onlar\u0131n d\u00fcnyas\u0131na giren ve yapm\u0131\u015f oldu\u011fu belgesel \u00e7ekimleri ile ge\u00e7mi\u015ften gelece\u011fimize T\u00fcrk K\u00fclt\u00fcr\u00fcne katk\u0131 sa\u011flayan y\u00f6resinde \u201cMe\u00e7hul \u015eair\u201d olarak da tan\u0131nan \u015fiirlerini \u201cKalem\u015fah\u201d mahlas\u0131 kaleme alan \u015fairimiz, gelene\u011fine has \u015fiirleri ve yapm\u0131\u015f oldu\u011fu \u00e7ekimleri ile Burdur&#8217;un il\u00e7eleri, k\u00f6yleri ve di\u011fer illerin de g\u00f6rsel g\u00fczelliklerini sosyal medya \u00fczerinden yay\u0131nlam\u0131\u015f takip\u00e7ileri taraf\u0131ndan ilgi g\u00f6rm\u00fc\u015f, herkesin sevgi ve takdirlerini kazanm\u0131\u015ft\u0131r. Halk\u0131na \u015fiiri sevdirmi\u015f ve alan\u0131nda ilklere imza atm\u0131\u015ft\u0131r.   \u015eairimizin \u201cG\u00f6n\u00fcl P\u0131nar\u0131m\u201d ve \u201cS\u00f6z\u00fcm Olsun Sana\u201d adl\u0131 iki kitab\u0131 4 tane de kat\u0131ld\u0131\u011f\u0131 antoloji kitab\u0131 vard\u0131r. <\/p>\n","protected":false},"excerpt":{"rendered":"<p>Aslen Burdur&#8217;un Kemer \u0130l\u00e7esi Belenli K\u00f6y\u00fcnden olan H\u00fcseyin Y\u0131ld\u0131z 26.03.1978 do\u011fumludur. Babas\u0131n\u0131n g\u00f6revi gere\u011fi 1986 y\u0131l\u0131nda Burdur Kemer \u0130l\u00e7esi Yakalar k\u00f6y\u00fcne gelip buraya yerle\u015fen \u015fairimiz \u0130lkokulu<span class=\"excerpt-hellip\"> [\u2026]<\/span><\/p>\n","protected":false},"featured_media":0,"template":"","meta":{"_monsterinsights_skip_tracking":false,"_monsterinsights_sitenote_active":false,"_monsterinsights_sitenote_note":"","_monsterinsights_sitenote_category":0},"product_brand":[],"product_cat":[12291,12509],"product_tag":[],"class_list":{"0":"post-753087","1":"product","2":"type-product","3":"status-publish","5":"product_cat-edebiyat","6":"product_cat-siir","7":"pa_cilt-ciltsiz","8":"pa_tur-kitap","9":"pa_yayinevi-gulnar-yayinlari","10":"pa_yazar-huseyin-yildiz","12":"first","13":"instock","14":"sale","15":"shipping-taxable","16":"purchasable","17":"product-type-simple"},"_links":{"self":[{"href":"https:\/\/roveyayinevi.com.tr\/index.php\/wp-json\/wp\/v2\/product\/753087","targetHints":{"allow":["GET"]}}],"collection":[{"href":"https:\/\/roveyayinevi.com.tr\/index.php\/wp-json\/wp\/v2\/product"}],"about":[{"href":"https:\/\/roveyayinevi.com.tr\/index.php\/wp-json\/wp\/v2\/types\/product"}],"wp:attachment":[{"href":"https:\/\/roveyayinevi.com.tr\/index.php\/wp-json\/wp\/v2\/media?parent=753087"}],"wp:term":[{"taxonomy":"product_brand","embeddable":true,"href":"https:\/\/roveyayinevi.com.tr\/index.php\/wp-json\/wp\/v2\/product_brand?post=753087"},{"taxonomy":"product_cat","embeddable":true,"href":"https:\/\/roveyayinevi.com.tr\/index.php\/wp-json\/wp\/v2\/product_cat?post=753087"},{"taxonomy":"product_tag","embeddable":true,"href":"https:\/\/roveyayinevi.com.tr\/index.php\/wp-json\/wp\/v2\/product_tag?post=753087"}],"curies":[{"name":"wp","href":"https:\/\/api.w.org\/{rel}","templated":true}]}}