{"id":753086,"date":"2025-08-28T05:33:22","date_gmt":"2025-08-28T02:33:22","guid":{"rendered":"https:\/\/roveyayinevi.com.tr\/index.php\/urun\/bitmeyen-mitoloji-2\/"},"modified":"2026-04-03T03:08:33","modified_gmt":"2026-04-03T00:08:33","slug":"bitmeyen-mitoloji-2","status":"publish","type":"product","link":"https:\/\/roveyayinevi.com.tr\/index.php\/urun\/bitmeyen-mitoloji-2\/","title":{"rendered":"Bitmeyen Mitoloji-2"},"content":{"rendered":"<p>Yunan mitolojisini bir kaplumba\u011fadan dinlemek harika bir fikir de\u011fil mi?Bir antik kentte ya\u015fayan bilge ve ya\u015fl\u0131 kaplumba\u011fa Baklanbaus&#8217;un o g\u00fc\u00e7l\u00fc haf\u0131zas\u0131nda \u00f6yle \u00f6yk\u00fcler var ki&#8230;  Baklanbaus, serinin ikinci kitab\u0131nda Kral Midas ile Tanr\u0131 Dionysos&#8217;un kar\u015f\u0131la\u015fmas\u0131n\u0131, a\u00e7g\u00f6zl\u00fcl\u00fc\u011f\u00fcn \u00f6yk\u00fcs\u00fcn\u00fc anlat\u0131yor. <\/p>\n","protected":false},"excerpt":{"rendered":"<p>Yunan mitolojisini bir kaplumba\u011fadan dinlemek harika bir fikir de\u011fil mi?Bir antik kentte ya\u015fayan bilge ve ya\u015fl\u0131 kaplumba\u011fa Baklanbaus&#8217;un o g\u00fc\u00e7l\u00fc haf\u0131zas\u0131nda \u00f6yle \u00f6yk\u00fcler var ki&#8230; Baklanbaus,<span class=\"excerpt-hellip\"> [\u2026]<\/span><\/p>\n","protected":false},"featured_media":0,"template":"","meta":{"_monsterinsights_skip_tracking":false,"_monsterinsights_sitenote_active":false,"_monsterinsights_sitenote_note":"","_monsterinsights_sitenote_category":0},"product_brand":[],"product_cat":[12274,12284],"product_tag":[],"class_list":{"0":"post-753086","1":"product","2":"type-product","3":"status-publish","5":"product_cat-cocuk-ve-genclik-kitaplari","6":"product_cat-hikayeler","7":"pa_cilt-ciltsiz","8":"pa_tur-kitap","9":"pa_yayinevi-nesin-yayinlari","10":"pa_yazar-hafize-cinar-guner","12":"first","13":"instock","14":"sale","15":"shipping-taxable","16":"purchasable","17":"product-type-simple"},"_links":{"self":[{"href":"https:\/\/roveyayinevi.com.tr\/index.php\/wp-json\/wp\/v2\/product\/753086","targetHints":{"allow":["GET"]}}],"collection":[{"href":"https:\/\/roveyayinevi.com.tr\/index.php\/wp-json\/wp\/v2\/product"}],"about":[{"href":"https:\/\/roveyayinevi.com.tr\/index.php\/wp-json\/wp\/v2\/types\/product"}],"wp:attachment":[{"href":"https:\/\/roveyayinevi.com.tr\/index.php\/wp-json\/wp\/v2\/media?parent=753086"}],"wp:term":[{"taxonomy":"product_brand","embeddable":true,"href":"https:\/\/roveyayinevi.com.tr\/index.php\/wp-json\/wp\/v2\/product_brand?post=753086"},{"taxonomy":"product_cat","embeddable":true,"href":"https:\/\/roveyayinevi.com.tr\/index.php\/wp-json\/wp\/v2\/product_cat?post=753086"},{"taxonomy":"product_tag","embeddable":true,"href":"https:\/\/roveyayinevi.com.tr\/index.php\/wp-json\/wp\/v2\/product_tag?post=753086"}],"curies":[{"name":"wp","href":"https:\/\/api.w.org\/{rel}","templated":true}]}}