{"id":753084,"date":"2025-08-28T05:33:19","date_gmt":"2025-08-28T02:33:19","guid":{"rendered":"https:\/\/roveyayinevi.com.tr\/index.php\/urun\/toplama-ve-cikarma-etkinlik-kitabi\/"},"modified":"2026-04-16T03:06:38","modified_gmt":"2026-04-16T00:06:38","slug":"toplama-ve-cikarma-etkinlik-kitabi","status":"publish","type":"product","link":"https:\/\/roveyayinevi.com.tr\/index.php\/urun\/toplama-ve-cikarma-etkinlik-kitabi\/","title":{"rendered":"Toplama ve \u00c7\u0131karma Etkinlik Kitab\u0131"},"content":{"rendered":"<p>\u00c7ocuklar i\u00e7in toplama ve \u00e7\u0131karma i\u015flemini \u00f6\u011frenmek art\u0131k \u00e7ok kolay ve keyifli! Toplama ve \u00c7\u0131karma Etkinlik Kitab\u0131, \u00e7ocuklar\u0131n toplama ve \u00e7\u0131karmay\u0131 \u00f6\u011frenip peki\u015ftirmeleri i\u00e7in bir s\u00fcr\u00fc e\u011flenceli bulmaca, oyun ve etkinlik i\u00e7eriyor. Bu i\u015flemleri kolay ve h\u0131zl\u0131 yapmalar\u0131n\u0131 sa\u011flayan pek \u00e7ok ipucu da i\u00e7eren bu kitap sayesinde \u00e7ocuklar, matemati\u011fin e\u011flenceli d\u00fcnyas\u0131na ad\u0131m at\u0131p toplama ve \u00e7\u0131karmada ustala\u015facaklar. Evde, d\u0131\u015far\u0131da, tatilde? Hatta yolculuk yaparken! Nerede, ne zaman isterse? \u00c7ok say\u0131da e\u011flenceli etkinlikle dolu bu kitap, \u00e7ocu\u011funuzun toplama ve \u00e7\u0131karma i\u015flemlerini daha iyi kavramas\u0131na ve pratik etmesine yard\u0131mc\u0131 olmas\u0131n\u0131n yan\u0131nda dikkat, el-g\u00f6z koordinasyonu, g\u00f6rsel alg\u0131 ve motor becerilerinin geli\u015fimine katk\u0131 sa\u011flayacak, \u00e7ocuklar bu kitab\u0131 ellerinden d\u00fc\u015f\u00fcrmeyecek!<\/p>\n","protected":false},"excerpt":{"rendered":"<p>\u00c7ocuklar i\u00e7in toplama ve \u00e7\u0131karma i\u015flemini \u00f6\u011frenmek art\u0131k \u00e7ok kolay ve keyifli! Toplama ve \u00c7\u0131karma Etkinlik Kitab\u0131, \u00e7ocuklar\u0131n toplama ve \u00e7\u0131karmay\u0131 \u00f6\u011frenip peki\u015ftirmeleri i\u00e7in bir s\u00fcr\u00fc<span class=\"excerpt-hellip\"> [\u2026]<\/span><\/p>\n","protected":false},"featured_media":0,"template":"","meta":{"_monsterinsights_skip_tracking":false,"_monsterinsights_sitenote_active":false,"_monsterinsights_sitenote_note":"","_monsterinsights_sitenote_category":0},"product_brand":[],"product_cat":[12274,15842],"product_tag":[],"class_list":{"0":"post-753084","1":"product","2":"type-product","3":"status-publish","5":"product_cat-cocuk-ve-genclik-kitaplari","6":"product_cat-egitici-kitaplar","7":"pa_cilt-ciltsiz","8":"pa_tur-kitap","9":"pa_yayinevi-1001-cicek-kitaplar","10":"pa_yazar-kate-jol-temple","12":"first","13":"instock","14":"sale","15":"shipping-taxable","16":"purchasable","17":"product-type-simple"},"_links":{"self":[{"href":"https:\/\/roveyayinevi.com.tr\/index.php\/wp-json\/wp\/v2\/product\/753084","targetHints":{"allow":["GET"]}}],"collection":[{"href":"https:\/\/roveyayinevi.com.tr\/index.php\/wp-json\/wp\/v2\/product"}],"about":[{"href":"https:\/\/roveyayinevi.com.tr\/index.php\/wp-json\/wp\/v2\/types\/product"}],"wp:attachment":[{"href":"https:\/\/roveyayinevi.com.tr\/index.php\/wp-json\/wp\/v2\/media?parent=753084"}],"wp:term":[{"taxonomy":"product_brand","embeddable":true,"href":"https:\/\/roveyayinevi.com.tr\/index.php\/wp-json\/wp\/v2\/product_brand?post=753084"},{"taxonomy":"product_cat","embeddable":true,"href":"https:\/\/roveyayinevi.com.tr\/index.php\/wp-json\/wp\/v2\/product_cat?post=753084"},{"taxonomy":"product_tag","embeddable":true,"href":"https:\/\/roveyayinevi.com.tr\/index.php\/wp-json\/wp\/v2\/product_tag?post=753084"}],"curies":[{"name":"wp","href":"https:\/\/api.w.org\/{rel}","templated":true}]}}