{"id":753082,"date":"2025-08-28T05:33:16","date_gmt":"2025-08-28T02:33:16","guid":{"rendered":"https:\/\/roveyayinevi.com.tr\/index.php\/urun\/kuma-kuma-kuma-bear-cilt-4\/"},"modified":"2026-04-16T03:06:38","modified_gmt":"2026-04-16T00:06:38","slug":"kuma-kuma-kuma-bear-cilt-4","status":"publish","type":"product","link":"https:\/\/roveyayinevi.com.tr\/index.php\/urun\/kuma-kuma-kuma-bear-cilt-4\/","title":{"rendered":"Kuma Kuma Kuma Bear Cilt 4"},"content":{"rendered":"<p>Paralel Du\u0308nya&#8217;ya gelmi\u015f en gu\u0308\u00e7lu\u0308 Kuma K\u0131z Yuna (eski hikikomorilerden), zor durumdaki \u00e7ocuklar\u0131 g\u00f6rmezden gelemez ve harap h\u00e2ldeki yetimhaneyi tamir etmeye karar verir! Yetimhane mu\u0308diresi \u201cLordumuz yard\u0131mlar\u0131m\u0131z\u0131 kesti\u201d deyince sinirlenen Yuna, hemen bir plan izlemeye koyulur, ama o da ne?!   Lezzetli pudinglerin bile oldu\u011fu, heyecan\u0131n giderek artt\u0131g\u0131 Kuma K\u0131z\u2019\u0131n hik\u00e2yesinin 4. cildi sizleri bekliyor! sizleri bekliyor! <\/p>\n","protected":false},"excerpt":{"rendered":"<p>Paralel Du\u0308nya&#8217;ya gelmi\u015f en gu\u0308\u00e7lu\u0308 Kuma K\u0131z Yuna (eski hikikomorilerden), zor durumdaki \u00e7ocuklar\u0131 g\u00f6rmezden gelemez ve harap h\u00e2ldeki yetimhaneyi tamir etmeye karar verir! Yetimhane mu\u0308diresi \u201cLordumuz<span class=\"excerpt-hellip\"> [\u2026]<\/span><\/p>\n","protected":false},"featured_media":0,"template":"","meta":{"_monsterinsights_skip_tracking":false,"_monsterinsights_sitenote_active":false,"_monsterinsights_sitenote_note":"","_monsterinsights_sitenote_category":0},"product_brand":[],"product_cat":[12416,12291],"product_tag":[],"class_list":{"0":"post-753082","1":"product","2":"type-product","3":"status-publish","5":"product_cat-cizgi-roman","6":"product_cat-edebiyat","7":"pa_cilt-ciltsiz","8":"pa_tur-kitap","9":"pa_yayinevi-kayip-kita-yayinlari","10":"pa_yazar-kumanano","12":"first","13":"instock","14":"sale","15":"shipping-taxable","16":"purchasable","17":"product-type-simple"},"_links":{"self":[{"href":"https:\/\/roveyayinevi.com.tr\/index.php\/wp-json\/wp\/v2\/product\/753082","targetHints":{"allow":["GET"]}}],"collection":[{"href":"https:\/\/roveyayinevi.com.tr\/index.php\/wp-json\/wp\/v2\/product"}],"about":[{"href":"https:\/\/roveyayinevi.com.tr\/index.php\/wp-json\/wp\/v2\/types\/product"}],"wp:attachment":[{"href":"https:\/\/roveyayinevi.com.tr\/index.php\/wp-json\/wp\/v2\/media?parent=753082"}],"wp:term":[{"taxonomy":"product_brand","embeddable":true,"href":"https:\/\/roveyayinevi.com.tr\/index.php\/wp-json\/wp\/v2\/product_brand?post=753082"},{"taxonomy":"product_cat","embeddable":true,"href":"https:\/\/roveyayinevi.com.tr\/index.php\/wp-json\/wp\/v2\/product_cat?post=753082"},{"taxonomy":"product_tag","embeddable":true,"href":"https:\/\/roveyayinevi.com.tr\/index.php\/wp-json\/wp\/v2\/product_tag?post=753082"}],"curies":[{"name":"wp","href":"https:\/\/api.w.org\/{rel}","templated":true}]}}