{"id":753078,"date":"2025-08-28T05:33:10","date_gmt":"2025-08-28T02:33:10","guid":{"rendered":"https:\/\/roveyayinevi.com.tr\/index.php\/urun\/yazim-kilavuzu-6\/"},"modified":"2026-04-06T13:24:05","modified_gmt":"2026-04-06T10:24:05","slug":"yazim-kilavuzu-6","status":"publish","type":"product","link":"https:\/\/roveyayinevi.com.tr\/index.php\/urun\/yazim-kilavuzu-6\/","title":{"rendered":"Yaz\u0131m K\u0131lavuzu"},"content":{"rendered":"<p>Yaz\u0131m K\u0131lavuzu; &#8220;Yaz\u0131m Kurallar\u0131&#8221;, &#8220;Noktalama i\u015faretleri&#8221;, &#8220;Yaz\u0131da Kullan\u0131lan Di\u011fer \u0130\u015faretler&#8221;, &#8220;K\u0131saltmalar&#8221;, &#8220;K\u0131saltmalar Dizini &#8221; ve &#8220;Genel Dizin&#8221; b\u00f6l\u00fcmlerinden olu\u015fmu\u015ftur.<\/p>\n","protected":false},"excerpt":{"rendered":"<p>Yaz\u0131m K\u0131lavuzu; &#8220;Yaz\u0131m Kurallar\u0131&#8221;, &#8220;Noktalama i\u015faretleri&#8221;, &#8220;Yaz\u0131da Kullan\u0131lan Di\u011fer \u0130\u015faretler&#8221;, &#8220;K\u0131saltmalar&#8221;, &#8220;K\u0131saltmalar Dizini &#8221; ve &#8220;Genel Dizin&#8221; b\u00f6l\u00fcmlerinden olu\u015fmu\u015ftur.<\/p>\n","protected":false},"featured_media":0,"template":"","meta":{"_monsterinsights_skip_tracking":false,"_monsterinsights_sitenote_active":false,"_monsterinsights_sitenote_note":"","_monsterinsights_sitenote_category":0},"product_brand":[],"product_cat":[12566],"product_tag":[],"class_list":{"0":"post-753078","1":"product","2":"type-product","3":"status-publish","5":"product_cat-egitim","6":"pa_cilt-ciltsiz","7":"pa_tur-kitap","8":"pa_yayinevi-ema-kitap","9":"pa_yazar-kolektif","11":"first","12":"instock","13":"sale","14":"shipping-taxable","15":"purchasable","16":"product-type-simple"},"_links":{"self":[{"href":"https:\/\/roveyayinevi.com.tr\/index.php\/wp-json\/wp\/v2\/product\/753078","targetHints":{"allow":["GET"]}}],"collection":[{"href":"https:\/\/roveyayinevi.com.tr\/index.php\/wp-json\/wp\/v2\/product"}],"about":[{"href":"https:\/\/roveyayinevi.com.tr\/index.php\/wp-json\/wp\/v2\/types\/product"}],"wp:attachment":[{"href":"https:\/\/roveyayinevi.com.tr\/index.php\/wp-json\/wp\/v2\/media?parent=753078"}],"wp:term":[{"taxonomy":"product_brand","embeddable":true,"href":"https:\/\/roveyayinevi.com.tr\/index.php\/wp-json\/wp\/v2\/product_brand?post=753078"},{"taxonomy":"product_cat","embeddable":true,"href":"https:\/\/roveyayinevi.com.tr\/index.php\/wp-json\/wp\/v2\/product_cat?post=753078"},{"taxonomy":"product_tag","embeddable":true,"href":"https:\/\/roveyayinevi.com.tr\/index.php\/wp-json\/wp\/v2\/product_tag?post=753078"}],"curies":[{"name":"wp","href":"https:\/\/api.w.org\/{rel}","templated":true}]}}