{"id":753076,"date":"2025-08-28T05:33:08","date_gmt":"2025-08-28T02:33:08","guid":{"rendered":"https:\/\/roveyayinevi.com.tr\/index.php\/urun\/ingilizce-sozluk-cep-boy\/"},"modified":"2026-04-16T03:06:38","modified_gmt":"2026-04-16T00:06:38","slug":"ingilizce-sozluk-cep-boy","status":"publish","type":"product","link":"https:\/\/roveyayinevi.com.tr\/index.php\/urun\/ingilizce-sozluk-cep-boy\/","title":{"rendered":"\u0130ngilizce S\u00f6zl\u00fck (Cep Boy)"},"content":{"rendered":"<p>Bir\u00e7ok \u00fclkede ana dil olarak kabul edilen \u0130ngilizce, \u00fclkemizde de k\u00fc\u00e7\u00fck ya\u015flardan itibaren \u00f6\u011fretilmeye ba\u015flanm\u0131\u015ft\u0131r. B\u00fcy\u00fck k\u00fc\u00e7\u00fck herkes i\u00e7in vazge\u00e7ilmez olacak bu kaynakta, \u0130ngilizce kelimelerin anlamlar\u0131n\u0131n yan\u0131 s\u0131ra onlarla ilgili \u00f6rnek c\u00fcmleler de verilmi\u015ftir.\u0130ngilizce, konu\u015fuldu\u011fu b\u00f6lgeye g\u00f6re telaffuz, dilbilgisi ve kelime bak\u0131m\u0131ndan farkl\u0131l\u0131klar g\u00f6stermektedir. Bu s\u00f6zl\u00fckte \u0130ngilizcenin en yayg\u0131n ve g\u00fcncel kullan\u0131mlar\u0131 g\u00f6z \u00f6n\u00fcnde bulundurulmu\u015f, telaffuz bilgilerinde de \u0130ngiliz \u0130ngilizcesi esas al\u0131nm\u0131\u015ft\u0131r. \u0130ngilizceye yeni ba\u015flayanlar i\u00e7in pratik ve vazge\u00e7ilmez olan bu kitap, dile hakim olanlar i\u00e7in de yard\u0131mc\u0131 bir telaffuz kayna\u011f\u0131 olacakt\u0131r.<\/p>\n","protected":false},"excerpt":{"rendered":"<p>Bir\u00e7ok \u00fclkede ana dil olarak kabul edilen \u0130ngilizce, \u00fclkemizde de k\u00fc\u00e7\u00fck ya\u015flardan itibaren \u00f6\u011fretilmeye ba\u015flanm\u0131\u015ft\u0131r. B\u00fcy\u00fck k\u00fc\u00e7\u00fck herkes i\u00e7in vazge\u00e7ilmez olacak bu kaynakta, \u0130ngilizce kelimelerin anlamlar\u0131n\u0131n<span class=\"excerpt-hellip\"> [\u2026]<\/span><\/p>\n","protected":false},"featured_media":0,"template":"","meta":{"_monsterinsights_skip_tracking":false,"_monsterinsights_sitenote_active":false,"_monsterinsights_sitenote_note":"","_monsterinsights_sitenote_category":0},"product_brand":[],"product_cat":[12566,13611],"product_tag":[],"class_list":{"0":"post-753076","1":"product","2":"type-product","3":"status-publish","5":"product_cat-egitim","6":"product_cat-sozlukler-ve-konusma-kilavuzlari","7":"pa_cilt-ciltsiz","8":"pa_tur-kitap","9":"pa_yayinevi-ema-kitap","10":"pa_yazar-kolektif","12":"first","13":"instock","14":"sale","15":"shipping-taxable","16":"purchasable","17":"product-type-simple"},"_links":{"self":[{"href":"https:\/\/roveyayinevi.com.tr\/index.php\/wp-json\/wp\/v2\/product\/753076","targetHints":{"allow":["GET"]}}],"collection":[{"href":"https:\/\/roveyayinevi.com.tr\/index.php\/wp-json\/wp\/v2\/product"}],"about":[{"href":"https:\/\/roveyayinevi.com.tr\/index.php\/wp-json\/wp\/v2\/types\/product"}],"wp:attachment":[{"href":"https:\/\/roveyayinevi.com.tr\/index.php\/wp-json\/wp\/v2\/media?parent=753076"}],"wp:term":[{"taxonomy":"product_brand","embeddable":true,"href":"https:\/\/roveyayinevi.com.tr\/index.php\/wp-json\/wp\/v2\/product_brand?post=753076"},{"taxonomy":"product_cat","embeddable":true,"href":"https:\/\/roveyayinevi.com.tr\/index.php\/wp-json\/wp\/v2\/product_cat?post=753076"},{"taxonomy":"product_tag","embeddable":true,"href":"https:\/\/roveyayinevi.com.tr\/index.php\/wp-json\/wp\/v2\/product_tag?post=753076"}],"curies":[{"name":"wp","href":"https:\/\/api.w.org\/{rel}","templated":true}]}}