{"id":753068,"date":"2025-08-28T05:32:59","date_gmt":"2025-08-28T02:32:59","guid":{"rendered":"https:\/\/roveyayinevi.com.tr\/index.php\/urun\/arapca-sozluk-cep-boy\/"},"modified":"2026-04-16T03:06:38","modified_gmt":"2026-04-16T00:06:38","slug":"arapca-sozluk-cep-boy","status":"publish","type":"product","link":"https:\/\/roveyayinevi.com.tr\/index.php\/urun\/arapca-sozluk-cep-boy\/","title":{"rendered":"Arap\u00e7a S\u00f6zl\u00fck (Cep Boy)"},"content":{"rendered":"<p>T\u00fcrk\u00e7e Arap\u00e7a &#8211; Arap\u00e7a T\u00fcrk\u00e7e S\u00f6zl\u00fckArap\u00e7a, d\u00fcnyan\u0131n en zengin dillerinden biri olarak kabul edilir. Pek \u00e7ok medeniyete ev sahipli\u011fi yapm\u0131\u015f olan Arap Yar\u0131madas\u0131 ve \u00e7evresinde dil olarak kullan\u0131lan Arap\u00e7an\u0131n bu kadar geni\u015f kelime hazinesine sahip olmas\u0131na \u015fa\u015fmamak gerekir. Arap\u00e7a \u00f6\u011frenmek isteyenlerin kolayl\u0131kla kullanabilece\u011fi bu s\u00f6zl\u00fck T\u00fcrk\u00e7e-Arap\u00e7a, Arap\u00e7a-T\u00fcrk\u00e7e olarak iki b\u00f6l\u00fcmden olu\u015fmaktad\u0131r. Genel dizilimi klasik usulde haz\u0131rlanan s\u00f6zl\u00fc\u011f\u00fcm\u00fczde; g\u00fcnl\u00fck kullan\u0131lan s\u00f6zc\u00fcklerin yan\u0131nda s\u0131k kullan\u0131lan s\u00f6z gruplar\u0131 da bulunmaktad\u0131r. Her kelimenin yan\u0131nda k\u0131saltma olarak kelimenin cinsi, gerekli olanlar\u0131n yan\u0131nda da kullan\u0131ld\u0131\u011f\u0131 alanlar parantez i\u00e7inde verilmi\u015ftir. Arap\u00e7aya ilgi duyanlar\u0131n ihtiya\u00e7lar\u0131n\u0131 kar\u015f\u0131lamak maksad\u0131yla haz\u0131rlad\u0131\u011f\u0131m\u0131z bu s\u00f6zl\u00fck, kullan\u0131m kolayl\u0131\u011f\u0131 sayesinde sizlere yard\u0131mc\u0131 bir kaynak olacakt\u0131r.<\/p>\n","protected":false},"excerpt":{"rendered":"<p>T\u00fcrk\u00e7e Arap\u00e7a &#8211; Arap\u00e7a T\u00fcrk\u00e7e S\u00f6zl\u00fckArap\u00e7a, d\u00fcnyan\u0131n en zengin dillerinden biri olarak kabul edilir. Pek \u00e7ok medeniyete ev sahipli\u011fi yapm\u0131\u015f olan Arap Yar\u0131madas\u0131 ve \u00e7evresinde dil<span class=\"excerpt-hellip\"> [\u2026]<\/span><\/p>\n","protected":false},"featured_media":0,"template":"","meta":{"_monsterinsights_skip_tracking":false,"_monsterinsights_sitenote_active":false,"_monsterinsights_sitenote_note":"","_monsterinsights_sitenote_category":0},"product_brand":[],"product_cat":[12566,13611],"product_tag":[],"class_list":{"0":"post-753068","1":"product","2":"type-product","3":"status-publish","5":"product_cat-egitim","6":"product_cat-sozlukler-ve-konusma-kilavuzlari","7":"pa_cilt-ciltsiz","8":"pa_tur-kitap","9":"pa_yayinevi-ema-kitap","10":"pa_yazar-kolektif","12":"first","13":"instock","14":"sale","15":"shipping-taxable","16":"purchasable","17":"product-type-simple"},"_links":{"self":[{"href":"https:\/\/roveyayinevi.com.tr\/index.php\/wp-json\/wp\/v2\/product\/753068","targetHints":{"allow":["GET"]}}],"collection":[{"href":"https:\/\/roveyayinevi.com.tr\/index.php\/wp-json\/wp\/v2\/product"}],"about":[{"href":"https:\/\/roveyayinevi.com.tr\/index.php\/wp-json\/wp\/v2\/types\/product"}],"wp:attachment":[{"href":"https:\/\/roveyayinevi.com.tr\/index.php\/wp-json\/wp\/v2\/media?parent=753068"}],"wp:term":[{"taxonomy":"product_brand","embeddable":true,"href":"https:\/\/roveyayinevi.com.tr\/index.php\/wp-json\/wp\/v2\/product_brand?post=753068"},{"taxonomy":"product_cat","embeddable":true,"href":"https:\/\/roveyayinevi.com.tr\/index.php\/wp-json\/wp\/v2\/product_cat?post=753068"},{"taxonomy":"product_tag","embeddable":true,"href":"https:\/\/roveyayinevi.com.tr\/index.php\/wp-json\/wp\/v2\/product_tag?post=753068"}],"curies":[{"name":"wp","href":"https:\/\/api.w.org\/{rel}","templated":true}]}}