{"id":753066,"date":"2025-08-28T05:32:56","date_gmt":"2025-08-28T02:32:56","guid":{"rendered":"https:\/\/roveyayinevi.com.tr\/index.php\/urun\/turkce-sozluk-4\/"},"modified":"2026-04-03T03:08:32","modified_gmt":"2026-04-03T00:08:32","slug":"turkce-sozluk-4","status":"publish","type":"product","link":"https:\/\/roveyayinevi.com.tr\/index.php\/urun\/turkce-sozluk-4\/","title":{"rendered":"T\u00fcrk\u00e7e S\u00f6zl\u00fck"},"content":{"rendered":"<p>T\u00fcrk\u00e7e S\u00f6zl\u00fck TDK&#8217;n\u0131n en son yapt\u0131\u011f\u0131 de\u011fi\u015fikliklere g\u00f6re haz\u0131rlanm\u0131\u015ft\u0131r. Bir ulusun ya\u015fam sahnesinde var oldu\u011funu g\u00f6steren olmazsa olmazlar\u0131ndan biri de ku\u015fkusuz dilidir. Dilini yitiren toprak b\u00fct\u00fcnl\u00fc\u011f\u00fc olsa bile ba\u015fka uluslar\u0131n dilini konu\u015fan bir toplulu\u011fun ulus oldu\u011funu \u00f6ne s\u00fcrmek olduk\u00e7a g\u00fc\u00e7 olsa gerek. Bunu s\u00f6ylerken elbette bizim gibi uzun bir tarihsel ge\u00e7mi\u015fe sahip olan uluslar\u0131n tarihin \u00e7e\u015fitli d\u00f6nemlerinde dil ve k\u00fclt\u00fcr al\u0131\u015fveri\u015fi i\u00e7ine girdi\u011fini \u00e7e\u015fitli dil ve k\u00fclt\u00fcrlerden etkilendi\u011fini ya da etkiledi\u011fini g\u00f6z ard\u0131 etmiyoruz. Bu etkile\u015fim ka\u00e7\u0131n\u0131lmazd\u0131r. Ancak bizim s\u00f6z\u00fcn\u00fc etti\u011fimiz kay\u0131ts\u0131z ko\u015fulsuz teslim olmak kendi dilini yok sayarak ba\u015fka bir dilin egemenli\u011fini kabul etmektir. Yani bile bile dilini dolay\u0131s\u0131yla da ulusal \u00f6zelliklerinden birini \u00f6ld\u00fcrmek yok etmektir. Bir dilin ya\u015famsal damarlar\u0131 adilin s\u00f6zc\u00fckleridir ku\u015fkusuz. O dil ne kadar geni\u015f bir s\u00f6zc\u00fck da\u011farc\u0131\u011f\u0131na sahip olursa o kadar zinde ve g\u00fc\u00e7l\u00fc olur. Dil bilimcilerin ara\u015ft\u0131rmac\u0131lar\u0131n ve edebiyat\u00e7\u0131lar\u0131n g\u00f6revi de dilinin ba\u015fta s\u00f6zc\u00fckleri olmak \u00fczere b\u00fct\u00fcn yap\u0131sal ve anlamsal \u00f6zelliklerini o ulusun bireylerine anlatmak kavratmakt\u0131r. Dilin a\u015f\u0131nmaya u\u011frad\u0131\u011f\u0131 d\u00f6nemlerde unutulmaya y\u00fcz tutan s\u00f6zc\u00fckleri yeniden ya\u015fam sahnesine \u00e7\u0131kararak kullan\u0131lmalar\u0131n\u0131 sa\u011flamakt\u0131r. Bununla da yetinmeyip yeni bilimsel ve teknolojik geli\u015fmelerin dayatt\u0131\u011f\u0131 terimlere (abartmamak kayd\u0131yla) kendi s\u00f6zc\u00fck k\u00f6klerinden yararlanarak yeni adlar bulmakt\u0131r. Amac\u0131m\u0131z bundan y\u00fczlerce y\u0131l \u00f6nce Ka\u015fgarl\u0131 Mahmut&#8217;un ve Ali \u015eir Nevai&#8217;nin yapt\u0131\u011f\u0131 gibi halk aras\u0131nda \u00e7e\u015fitli yerelliklerde ya\u015fayan ama halk\u0131n t\u00fcm\u00fc taraf\u0131ndan bilinmeyen s\u00f6zc\u00fckleri bularak herkes\u00e7e bilinmesini sa\u011flamakt\u0131r. \u0130\u015fte yay\u0131nevimiz de b\u00f6yle bir g\u00f6rev ve sorumlulukla T\u00fcrk\u00e7eye katk\u0131da bulunmak d\u00fcnyan\u0131n en etkin ve yayg\u0131n dillerinden biri olan T\u00fcrk diline hizmet etmek \u00fczere bu s\u00f6zl\u00fc\u011f\u00fc haz\u0131rlam\u0131\u015ft\u0131r.<\/p>\n","protected":false},"excerpt":{"rendered":"<p>T\u00fcrk\u00e7e S\u00f6zl\u00fck TDK&#8217;n\u0131n en son yapt\u0131\u011f\u0131 de\u011fi\u015fikliklere g\u00f6re haz\u0131rlanm\u0131\u015ft\u0131r. Bir ulusun ya\u015fam sahnesinde var oldu\u011funu g\u00f6steren olmazsa olmazlar\u0131ndan biri de ku\u015fkusuz dilidir. Dilini yitiren toprak b\u00fct\u00fcnl\u00fc\u011f\u00fc<span class=\"excerpt-hellip\"> [\u2026]<\/span><\/p>\n","protected":false},"featured_media":0,"template":"","meta":{"_monsterinsights_skip_tracking":false,"_monsterinsights_sitenote_active":false,"_monsterinsights_sitenote_note":"","_monsterinsights_sitenote_category":0},"product_brand":[],"product_cat":[12567,12566],"product_tag":[],"class_list":{"0":"post-753066","1":"product","2":"type-product","3":"status-publish","5":"product_cat-diger-egitim","6":"product_cat-egitim","7":"pa_cilt-ciltsiz","8":"pa_tur-kitap","9":"pa_yayinevi-ema-kitap","10":"pa_yazar-kolektif","12":"first","13":"instock","14":"sale","15":"shipping-taxable","16":"purchasable","17":"product-type-simple"},"_links":{"self":[{"href":"https:\/\/roveyayinevi.com.tr\/index.php\/wp-json\/wp\/v2\/product\/753066","targetHints":{"allow":["GET"]}}],"collection":[{"href":"https:\/\/roveyayinevi.com.tr\/index.php\/wp-json\/wp\/v2\/product"}],"about":[{"href":"https:\/\/roveyayinevi.com.tr\/index.php\/wp-json\/wp\/v2\/types\/product"}],"wp:attachment":[{"href":"https:\/\/roveyayinevi.com.tr\/index.php\/wp-json\/wp\/v2\/media?parent=753066"}],"wp:term":[{"taxonomy":"product_brand","embeddable":true,"href":"https:\/\/roveyayinevi.com.tr\/index.php\/wp-json\/wp\/v2\/product_brand?post=753066"},{"taxonomy":"product_cat","embeddable":true,"href":"https:\/\/roveyayinevi.com.tr\/index.php\/wp-json\/wp\/v2\/product_cat?post=753066"},{"taxonomy":"product_tag","embeddable":true,"href":"https:\/\/roveyayinevi.com.tr\/index.php\/wp-json\/wp\/v2\/product_tag?post=753066"}],"curies":[{"name":"wp","href":"https:\/\/api.w.org\/{rel}","templated":true}]}}