{"id":753065,"date":"2025-08-28T05:32:55","date_gmt":"2025-08-28T02:32:55","guid":{"rendered":"https:\/\/roveyayinevi.com.tr\/index.php\/urun\/atasozleri-deyimler-sozlugu\/"},"modified":"2026-04-16T03:06:38","modified_gmt":"2026-04-16T00:06:38","slug":"atasozleri-deyimler-sozlugu","status":"publish","type":"product","link":"https:\/\/roveyayinevi.com.tr\/index.php\/urun\/atasozleri-deyimler-sozlugu\/","title":{"rendered":"Atas\u00f6zleri Deyimler S\u00f6zl\u00fc\u011f\u00fc"},"content":{"rendered":"<p>Atas\u00f6zleri Deyimler S\u00f6zl\u00fc\u011f\u00fc TDK&#8217;n\u0131n en son yapt\u0131\u011f\u0131 de\u011fi\u015fikliklere g\u00f6re haz\u0131rlanm\u0131\u015ft\u0131r. T\u00fcrk dili&#8221;, d\u00fcnyan\u0131n en zengin dillerinden biridir. Bir istatisti\u011fe g\u00f6re de d\u00fcnyada en \u00e7ok konu\u015fulan 6. dildir. Dilimizin zenginli\u011finin nedenlerinden biri de \u00e7ok fazla say\u0131da atas\u00f6z\u00fc ve deyime sahip olmas\u0131d\u0131r. Atas\u00f6zleri ve deyimler milletimizin k\u00fclt\u00fcr\u00fcn\u00fc, manevi de\u011ferlerini ve olaylara yakla\u015f\u0131m\u0131n\u0131 anlat\u0131r. Ayr\u0131ca atas\u00f6zleri ve deyimler az s\u00f6zc\u00fck ile \u00e7ok \u015fey anlatabildiklerinden \u00fcslubu g\u00fc\u00e7lendirir ve g\u00fczelle\u015ftirir. Bu kitab\u0131, siz \u00f6\u011frenciler i\u00e7in haz\u0131rlad\u0131k. Amac\u0131m\u0131z sizlerin T\u00fcrk\u00e7eyi b\u00fct\u00fcn zenginlikleri ile \u00f6\u011frenip dilimizi g\u00fczel kullanabilmenize destek olmakt\u0131r. Amac\u0131m\u0131za ula\u015f\u0131rsak mutlu olaca\u011f\u0131z. Kitab\u0131m\u0131z\u0131n sizlere yararl\u0131 olaca\u011f\u0131na i\u00e7tenlikle inan\u0131yor, g\u00f6n\u00fcl rahatl\u0131\u011f\u0131 ile kullan\u0131ma sunuyoruz. Sevgiler, Ba\u015far\u0131lar&#8230;<\/p>\n","protected":false},"excerpt":{"rendered":"<p>Atas\u00f6zleri Deyimler S\u00f6zl\u00fc\u011f\u00fc TDK&#8217;n\u0131n en son yapt\u0131\u011f\u0131 de\u011fi\u015fikliklere g\u00f6re haz\u0131rlanm\u0131\u015ft\u0131r. T\u00fcrk dili&#8221;, d\u00fcnyan\u0131n en zengin dillerinden biridir. Bir istatisti\u011fe g\u00f6re de d\u00fcnyada en \u00e7ok konu\u015fulan 6.<span class=\"excerpt-hellip\"> [\u2026]<\/span><\/p>\n","protected":false},"featured_media":0,"template":"","meta":{"_monsterinsights_skip_tracking":false,"_monsterinsights_sitenote_active":false,"_monsterinsights_sitenote_note":"","_monsterinsights_sitenote_category":0},"product_brand":[],"product_cat":[12567,12566],"product_tag":[],"class_list":{"0":"post-753065","1":"product","2":"type-product","3":"status-publish","5":"product_cat-diger-egitim","6":"product_cat-egitim","7":"pa_cilt-ciltsiz","8":"pa_tur-kitap","9":"pa_yayinevi-ema-kitap","10":"pa_yazar-kolektif","12":"first","13":"instock","14":"sale","15":"shipping-taxable","16":"purchasable","17":"product-type-simple"},"_links":{"self":[{"href":"https:\/\/roveyayinevi.com.tr\/index.php\/wp-json\/wp\/v2\/product\/753065","targetHints":{"allow":["GET"]}}],"collection":[{"href":"https:\/\/roveyayinevi.com.tr\/index.php\/wp-json\/wp\/v2\/product"}],"about":[{"href":"https:\/\/roveyayinevi.com.tr\/index.php\/wp-json\/wp\/v2\/types\/product"}],"wp:attachment":[{"href":"https:\/\/roveyayinevi.com.tr\/index.php\/wp-json\/wp\/v2\/media?parent=753065"}],"wp:term":[{"taxonomy":"product_brand","embeddable":true,"href":"https:\/\/roveyayinevi.com.tr\/index.php\/wp-json\/wp\/v2\/product_brand?post=753065"},{"taxonomy":"product_cat","embeddable":true,"href":"https:\/\/roveyayinevi.com.tr\/index.php\/wp-json\/wp\/v2\/product_cat?post=753065"},{"taxonomy":"product_tag","embeddable":true,"href":"https:\/\/roveyayinevi.com.tr\/index.php\/wp-json\/wp\/v2\/product_tag?post=753065"}],"curies":[{"name":"wp","href":"https:\/\/api.w.org\/{rel}","templated":true}]}}