{"id":753063,"date":"2025-08-28T05:32:52","date_gmt":"2025-08-28T02:32:52","guid":{"rendered":"https:\/\/roveyayinevi.com.tr\/index.php\/urun\/cografya-atlasi\/"},"modified":"2026-04-16T03:06:38","modified_gmt":"2026-04-16T00:06:38","slug":"cografya-atlasi","status":"publish","type":"product","link":"https:\/\/roveyayinevi.com.tr\/index.php\/urun\/cografya-atlasi\/","title":{"rendered":"Co\u011frafya Atlas\u0131"},"content":{"rendered":"<p>D\u00fcnyam\u0131z\u0131n Hareketleri ve Sonu\u00e7lar\u0131 Harita ve Harita`dan yararlanma \u00d6l\u00e7ek, Kroki, Plan D\u00fcnya Siyas\u00ee Haritas\u0131 D\u00fcnya Fizik\u00ee Haritas\u0131 Avrupa Siyas\u00ee Haritas\u0131 Avrupa Fizik\u00ee Haritas\u0131 \u0130talya ve G\u00fcney Avrupa Haritas\u0131 T\u00fcrkiye Fizik\u00ee Haritas\u0131 T\u00fcrkiye B\u00f6lgeler Haritas\u0131 T\u00fcrkiye Siyas\u00ee Haritas\u0131 Yurdumuzda N\u00fcfus ve Yerle\u015fme Yurdumuzda Tar\u0131m ve Hayvanc\u0131l\u0131k T\u00fcrkiye Deprem Haritas\u0131 T\u00fcrkiye`nin Kom\u015fular\u0131 ve \u00d6n Asya Kom\u015fular\u0131m\u0131z: Bulgaristan, Yunanistan, Suriye Kom\u015fular\u0131m\u0131z: Irak, \u0130ran, Azerbaycan Asya Siyas\u00ee Haritas\u0131 Asya Fizik\u00ee Haritas\u0131 Orta ve Kuzey Asya Afrika Fizik\u00ee Kuzey Amerika Fiziki G\u00fcney Amerika Fiziki Okyanusya Kutup B\u00f6lgeleri K\u0131br\u0131s Fiziki<\/p>\n","protected":false},"excerpt":{"rendered":"<p>D\u00fcnyam\u0131z\u0131n Hareketleri ve Sonu\u00e7lar\u0131 Harita ve Harita`dan yararlanma \u00d6l\u00e7ek, Kroki, Plan D\u00fcnya Siyas\u00ee Haritas\u0131 D\u00fcnya Fizik\u00ee Haritas\u0131 Avrupa Siyas\u00ee Haritas\u0131 Avrupa Fizik\u00ee Haritas\u0131 \u0130talya ve G\u00fcney<span class=\"excerpt-hellip\"> [\u2026]<\/span><\/p>\n","protected":false},"featured_media":0,"template":"","meta":{"_monsterinsights_skip_tracking":false,"_monsterinsights_sitenote_active":false,"_monsterinsights_sitenote_note":"","_monsterinsights_sitenote_category":0},"product_brand":[],"product_cat":[12567,12566],"product_tag":[],"class_list":{"0":"post-753063","1":"product","2":"type-product","3":"status-publish","5":"product_cat-diger-egitim","6":"product_cat-egitim","7":"pa_cilt-ciltsiz","8":"pa_tur-kitap","9":"pa_yayinevi-ema-kitap","10":"pa_yazar-tuba-ozturk","12":"first","13":"instock","14":"sale","15":"shipping-taxable","16":"purchasable","17":"product-type-simple"},"_links":{"self":[{"href":"https:\/\/roveyayinevi.com.tr\/index.php\/wp-json\/wp\/v2\/product\/753063","targetHints":{"allow":["GET"]}}],"collection":[{"href":"https:\/\/roveyayinevi.com.tr\/index.php\/wp-json\/wp\/v2\/product"}],"about":[{"href":"https:\/\/roveyayinevi.com.tr\/index.php\/wp-json\/wp\/v2\/types\/product"}],"wp:attachment":[{"href":"https:\/\/roveyayinevi.com.tr\/index.php\/wp-json\/wp\/v2\/media?parent=753063"}],"wp:term":[{"taxonomy":"product_brand","embeddable":true,"href":"https:\/\/roveyayinevi.com.tr\/index.php\/wp-json\/wp\/v2\/product_brand?post=753063"},{"taxonomy":"product_cat","embeddable":true,"href":"https:\/\/roveyayinevi.com.tr\/index.php\/wp-json\/wp\/v2\/product_cat?post=753063"},{"taxonomy":"product_tag","embeddable":true,"href":"https:\/\/roveyayinevi.com.tr\/index.php\/wp-json\/wp\/v2\/product_tag?post=753063"}],"curies":[{"name":"wp","href":"https:\/\/api.w.org\/{rel}","templated":true}]}}