{"id":753059,"date":"2025-08-28T05:32:46","date_gmt":"2025-08-28T02:32:46","guid":{"rendered":"https:\/\/roveyayinevi.com.tr\/index.php\/urun\/pratik-ve-kolay-astroloji\/"},"modified":"2026-04-16T03:06:38","modified_gmt":"2026-04-16T00:06:38","slug":"pratik-ve-kolay-astroloji","status":"publish","type":"product","link":"https:\/\/roveyayinevi.com.tr\/index.php\/urun\/pratik-ve-kolay-astroloji\/","title":{"rendered":"Pratik ve Kolay Astroloji"},"content":{"rendered":"<p>Astroloji nedir? Bu bur\u00e7lar da nereden \u00e7\u0131kt\u0131? Y\u00fckselen bur\u00e7 ger\u00e7ekten ne demek? Ay d\u00fc\u011f\u00fcmleri nedir? Bizi nas\u0131l etkiler? Gezegenler de ne demek, hareket s\u00fcrelerini bilmek niye laz\u0131m? Eyvah \u201cRetro\u201d ger\u00e7ekten eyvah m\u0131? Yahu ka\u00e7 \u00e7e\u015fit astroloji haritas\u0131 var? Niye? Sabit Y\u0131ld\u0131zlar, o da ne? Evren d\u00f6n\u00fcyor\u2026 Bunun bir kolay\u0131 yok mu? Nereden ba\u015flamal\u0131?   Pratik ve Kolay Astroloji, \u00f6zellikle astrolojiyi merak edenler ve gen\u00e7ler i\u00e7in temel bilgileri a\u00e7\u0131k ve anla\u015f\u0131l\u0131r olarak vermek amac\u0131yla haz\u0131rlanm\u0131\u015ft\u0131r. Pratik ve Kolay Astroloji, bir ba\u015flang\u0131\u00e7 kitab\u0131d\u0131r. Gen\u00e7ler ve astrolojiyi merak edip nereden ba\u015flayacaklar\u0131n\u0131 d\u00fc\u015f\u00fcnenlere temel bilgileri vermek, astroloji t\u00fcrlerini, ana kavramlar\u0131n neler oldu\u011funu ve nas\u0131l kullan\u0131ld\u0131klar\u0131n\u0131 kavrayabilmeleri i\u00e7in haz\u0131rlanm\u0131\u015ft\u0131r. T\u00fcm ana bilgiler az ve \u00f6z; a\u00e7\u0131k, anla\u015f\u0131l\u0131r ve kolayca uygulanabilecek \u015fekilde verilmeye \u00e7al\u0131\u015f\u0131lm\u0131\u015ft\u0131r. Bu kitapta hem t\u00fcm ana kavramlar\u0131 bulacak hem kendiniz i\u00e7in basit\u00e7e uygulamalar yapabileceksiniz. <\/p>\n","protected":false},"excerpt":{"rendered":"<p>Astroloji nedir? Bu bur\u00e7lar da nereden \u00e7\u0131kt\u0131? Y\u00fckselen bur\u00e7 ger\u00e7ekten ne demek? Ay d\u00fc\u011f\u00fcmleri nedir? Bizi nas\u0131l etkiler? Gezegenler de ne demek, hareket s\u00fcrelerini bilmek niye<span class=\"excerpt-hellip\"> [\u2026]<\/span><\/p>\n","protected":false},"featured_media":0,"template":"","meta":{"_monsterinsights_skip_tracking":false,"_monsterinsights_sitenote_active":false,"_monsterinsights_sitenote_note":"","_monsterinsights_sitenote_category":0},"product_brand":[],"product_cat":[19840,12364],"product_tag":[],"class_list":{"0":"post-753059","1":"product","2":"type-product","3":"status-publish","5":"product_cat-astroloji","6":"product_cat-genel-konular","7":"pa_cilt-ciltsiz","8":"pa_tur-kitap","9":"pa_yayinevi-gunce-yayinlari","10":"pa_yazar-zeynep-irem-caglar","12":"first","13":"instock","14":"sale","15":"shipping-taxable","16":"purchasable","17":"product-type-simple"},"_links":{"self":[{"href":"https:\/\/roveyayinevi.com.tr\/index.php\/wp-json\/wp\/v2\/product\/753059","targetHints":{"allow":["GET"]}}],"collection":[{"href":"https:\/\/roveyayinevi.com.tr\/index.php\/wp-json\/wp\/v2\/product"}],"about":[{"href":"https:\/\/roveyayinevi.com.tr\/index.php\/wp-json\/wp\/v2\/types\/product"}],"wp:attachment":[{"href":"https:\/\/roveyayinevi.com.tr\/index.php\/wp-json\/wp\/v2\/media?parent=753059"}],"wp:term":[{"taxonomy":"product_brand","embeddable":true,"href":"https:\/\/roveyayinevi.com.tr\/index.php\/wp-json\/wp\/v2\/product_brand?post=753059"},{"taxonomy":"product_cat","embeddable":true,"href":"https:\/\/roveyayinevi.com.tr\/index.php\/wp-json\/wp\/v2\/product_cat?post=753059"},{"taxonomy":"product_tag","embeddable":true,"href":"https:\/\/roveyayinevi.com.tr\/index.php\/wp-json\/wp\/v2\/product_tag?post=753059"}],"curies":[{"name":"wp","href":"https:\/\/api.w.org\/{rel}","templated":true}]}}