{"id":753058,"date":"2025-08-28T05:32:45","date_gmt":"2025-08-28T02:32:45","guid":{"rendered":"https:\/\/roveyayinevi.com.tr\/index.php\/urun\/sagir-sporlarinda-antrenor-sporcu-iliskisi-ve-isaret-dili-cevirmeninin-rolu\/"},"modified":"2026-04-16T03:06:38","modified_gmt":"2026-04-16T00:06:38","slug":"sagir-sporlarinda-antrenor-sporcu-iliskisi-ve-isaret-dili-cevirmeninin-rolu","status":"publish","type":"product","link":"https:\/\/roveyayinevi.com.tr\/index.php\/urun\/sagir-sporlarinda-antrenor-sporcu-iliskisi-ve-isaret-dili-cevirmeninin-rolu\/","title":{"rendered":"Sa\u011f\u0131r Sporlar\u0131nda Antren\u00f6r-Sporcu \u0130li\u015fkisi ve \u0130\u015faret Dili \u00c7evirmeninin Rol\u00fc"},"content":{"rendered":"<p>\u0130\u00e7indekiler   \u00d6NS\u00d6Z \u0130\u00c7\u0130NDEK\u0130LER \u00c7\u0130ZELGELER L\u0130STES\u0130 \u015eEK\u0130LLER L\u0130STES\u0130 S\u0130MGELER VE KISALTMALAR 1. SA\u011eIR SPORLARINDA ANTREN\u00d6R-SPORCU \u0130L\u0130\u015eK\u0130S\u0130N\u0130N DE\u011eERLEND\u0130R\u0130LMES\u0130 2. ANTREN\u00d6R-SPORCU \u0130L\u0130\u015eK\u0130S\u0130NDE \u0130\u015eARET D\u0130L\u0130 \u00c7EV\u0130RMEN\u0130N\u0130N ROL\u00dc 3. ANTREN\u00d6RLERE Y\u00d6NEL\u0130K ANTREN\u00d6R-SPORCU \u0130L\u0130\u015eK\u0130S\u0130 \u0130LE \u0130LG\u0130L\u0130 G\u00d6R\u00dc\u015eME SORULARI 4. G\u00d6R\u00dc\u015eMELER\u0130N ANAL\u0130Z\u0130 SONU\u00c7 \u00d6NER\u0130LER KAYNAK\u00c7A <\/p>\n","protected":false},"excerpt":{"rendered":"<p>\u0130\u00e7indekiler \u00d6NS\u00d6Z \u0130\u00c7\u0130NDEK\u0130LER \u00c7\u0130ZELGELER L\u0130STES\u0130 \u015eEK\u0130LLER L\u0130STES\u0130 S\u0130MGELER VE KISALTMALAR 1. SA\u011eIR SPORLARINDA ANTREN\u00d6R-SPORCU \u0130L\u0130\u015eK\u0130S\u0130N\u0130N DE\u011eERLEND\u0130R\u0130LMES\u0130 2. ANTREN\u00d6R-SPORCU \u0130L\u0130\u015eK\u0130S\u0130NDE \u0130\u015eARET D\u0130L\u0130 \u00c7EV\u0130RMEN\u0130N\u0130N ROL\u00dc 3. ANTREN\u00d6RLERE Y\u00d6NEL\u0130K<span class=\"excerpt-hellip\"> [\u2026]<\/span><\/p>\n","protected":false},"featured_media":0,"template":"","meta":{"_monsterinsights_skip_tracking":false,"_monsterinsights_sitenote_active":false,"_monsterinsights_sitenote_note":"","_monsterinsights_sitenote_category":0},"product_brand":[],"product_cat":[15563,15564],"product_tag":[],"class_list":{"0":"post-753058","1":"product","2":"type-product","3":"status-publish","5":"product_cat-hobi","6":"product_cat-spor","7":"pa_cilt-ciltsiz","8":"pa_tur-kitap","9":"pa_yayinevi-gazi-kitabevi","10":"pa_yazar-berrak-f-firat","12":"first","13":"instock","14":"sale","15":"shipping-taxable","16":"purchasable","17":"product-type-simple"},"_links":{"self":[{"href":"https:\/\/roveyayinevi.com.tr\/index.php\/wp-json\/wp\/v2\/product\/753058","targetHints":{"allow":["GET"]}}],"collection":[{"href":"https:\/\/roveyayinevi.com.tr\/index.php\/wp-json\/wp\/v2\/product"}],"about":[{"href":"https:\/\/roveyayinevi.com.tr\/index.php\/wp-json\/wp\/v2\/types\/product"}],"wp:attachment":[{"href":"https:\/\/roveyayinevi.com.tr\/index.php\/wp-json\/wp\/v2\/media?parent=753058"}],"wp:term":[{"taxonomy":"product_brand","embeddable":true,"href":"https:\/\/roveyayinevi.com.tr\/index.php\/wp-json\/wp\/v2\/product_brand?post=753058"},{"taxonomy":"product_cat","embeddable":true,"href":"https:\/\/roveyayinevi.com.tr\/index.php\/wp-json\/wp\/v2\/product_cat?post=753058"},{"taxonomy":"product_tag","embeddable":true,"href":"https:\/\/roveyayinevi.com.tr\/index.php\/wp-json\/wp\/v2\/product_tag?post=753058"}],"curies":[{"name":"wp","href":"https:\/\/api.w.org\/{rel}","templated":true}]}}