{"id":753057,"date":"2025-08-28T05:32:44","date_gmt":"2025-08-28T02:32:44","guid":{"rendered":"https:\/\/roveyayinevi.com.tr\/index.php\/urun\/j-a-schumpeteri-anlamak\/"},"modified":"2026-04-16T03:06:38","modified_gmt":"2026-04-16T00:06:38","slug":"j-a-schumpeteri-anlamak","status":"publish","type":"product","link":"https:\/\/roveyayinevi.com.tr\/index.php\/urun\/j-a-schumpeteri-anlamak\/","title":{"rendered":"J. A. Schumpeter&#8217;i Anlamak"},"content":{"rendered":"<p>\u0130\u00e7indekiler   \u00d6NS\u00d6Z \u0130\u00c7\u0130NDEK\u0130LER G\u0130R\u0130\u015e 1. SCHUMPETER\u2019\u0130N HAYATI VE ESERLER\u0130 2. J. A. SCHUMPETER VE \u0130NOVASYON 2.1. \u0130novasyon s\u00fcrecinin \u00fc\u00e7 a\u015famas\u0131 2.2. \u0130\u015f D\u00f6ng\u00fcleri 2.3. Kondratieff D\u00f6ng\u00fcleri 2.4. Juglar-D\u00f6ng\u00fcleri 2.5. Kitchin-D\u00f6ng\u00fcleri 3. SCHUMPETER\u2019\u0130N KAP\u0130TAL\u0130ZME BAKI\u015eI 3.1. Kapitalizmin Hayatta Kalabilir mi? 3.2. Kapitalizm ve Sosyalizmin Birbirine \u00dcst\u00fcnl\u00fckleri 3.3. Schumpeter\u201fin Marx\u201fa Ele\u015ftirisi 4. SCHUMPETER\u2019DE DEMOKRAS\u0130 4.1. Klasik Doktrinin Reddi ve \u0130nsan Anlay\u0131\u015f\u0131 4.2. Schumpeter&#8217;in Demokrasi Tan\u0131m\u0131: Y\u00f6ntem ve Piyasa 4.3. Elit Demokrasi ve \u00d6nko\u015fullar\u0131 4.4. Schumpeter\u201fin Demokrasi Teorisinin Avantajlar\u0131 ve Dezavantajlar\u0131 4.5. Demokrasi ve Sosyalizm 5. DE\u011eERLEND\u0130RME 6. KAYNAK\u00c7A <\/p>\n","protected":false},"excerpt":{"rendered":"<p>\u0130\u00e7indekiler \u00d6NS\u00d6Z \u0130\u00c7\u0130NDEK\u0130LER G\u0130R\u0130\u015e 1. SCHUMPETER\u2019\u0130N HAYATI VE ESERLER\u0130 2. J. A. SCHUMPETER VE \u0130NOVASYON 2.1. \u0130novasyon s\u00fcrecinin \u00fc\u00e7 a\u015famas\u0131 2.2. \u0130\u015f D\u00f6ng\u00fcleri 2.3. Kondratieff D\u00f6ng\u00fcleri<span class=\"excerpt-hellip\"> [\u2026]<\/span><\/p>\n","protected":false},"featured_media":0,"template":"","meta":{"_monsterinsights_skip_tracking":false,"_monsterinsights_sitenote_active":false,"_monsterinsights_sitenote_note":"","_monsterinsights_sitenote_category":0},"product_brand":[],"product_cat":[12573,12566],"product_tag":[],"class_list":{"0":"post-753057","1":"product","2":"type-product","3":"status-publish","5":"product_cat-akademik-kitaplar","6":"product_cat-egitim","7":"pa_cilt-ciltsiz","8":"pa_tur-kitap","9":"pa_yayinevi-gazi-kitabevi","10":"pa_yazar-hulya-derya","12":"first","13":"instock","14":"sale","15":"shipping-taxable","16":"purchasable","17":"product-type-simple"},"_links":{"self":[{"href":"https:\/\/roveyayinevi.com.tr\/index.php\/wp-json\/wp\/v2\/product\/753057","targetHints":{"allow":["GET"]}}],"collection":[{"href":"https:\/\/roveyayinevi.com.tr\/index.php\/wp-json\/wp\/v2\/product"}],"about":[{"href":"https:\/\/roveyayinevi.com.tr\/index.php\/wp-json\/wp\/v2\/types\/product"}],"wp:attachment":[{"href":"https:\/\/roveyayinevi.com.tr\/index.php\/wp-json\/wp\/v2\/media?parent=753057"}],"wp:term":[{"taxonomy":"product_brand","embeddable":true,"href":"https:\/\/roveyayinevi.com.tr\/index.php\/wp-json\/wp\/v2\/product_brand?post=753057"},{"taxonomy":"product_cat","embeddable":true,"href":"https:\/\/roveyayinevi.com.tr\/index.php\/wp-json\/wp\/v2\/product_cat?post=753057"},{"taxonomy":"product_tag","embeddable":true,"href":"https:\/\/roveyayinevi.com.tr\/index.php\/wp-json\/wp\/v2\/product_tag?post=753057"}],"curies":[{"name":"wp","href":"https:\/\/api.w.org\/{rel}","templated":true}]}}