{"id":753055,"date":"2025-08-28T05:32:42","date_gmt":"2025-08-28T02:32:42","guid":{"rendered":"https:\/\/roveyayinevi.com.tr\/index.php\/urun\/dijital-cagda-fiyatlandirmanin-gucu\/"},"modified":"2026-04-16T03:06:38","modified_gmt":"2026-04-16T00:06:38","slug":"dijital-cagda-fiyatlandirmanin-gucu","status":"publish","type":"product","link":"https:\/\/roveyayinevi.com.tr\/index.php\/urun\/dijital-cagda-fiyatlandirmanin-gucu\/","title":{"rendered":"Dijital \u00c7a\u011fda Fiyatland\u0131rman\u0131n G\u00fcc\u00fc"},"content":{"rendered":"<p>\u0130\u00e7indekiler   \u00d6NS\u00d6Z \u0130\u00c7\u0130NDEK\u0130LER TABLOLAR L\u0130STES\u0130 \u015eEK\u0130LLER L\u0130STES\u0130 KATKIDA BULUNANLAR   1. B\u00d6L\u00dcM F\u0130YATIN G\u00dcC\u00dc: F\u0130YAT TEOR\u0130S\u0130 VE PAZARLAMADA F\u0130YAT 2. B\u00d6L\u00dcM F\u0130YATIN PS\u0130KOLOJ\u0130S\u0130 ve M\u00dc\u015eTER\u0130 TEPK\u0130LER\u0130 3. B\u00d6L\u00dcM F\u0130YATLANDIRMA Y\u00d6NET\u0130M\u0130, AMA\u00c7LARI ve S\u00dcREC\u0130 4. B\u00d6L\u00dcM F\u0130YATLANDIRMAYA ETK\u0130 EDEN FAKT\u00d6RLER 5. B\u00d6L\u00dcM M\u00dc\u015eTER\u0130 DE\u011eER\u0130 ANAL\u0130Z\u0130 VE DE\u011eER ODAKLI F\u0130YATLANDIRMA 6. B\u00d6L\u00dcM REKABET ODAKLI F\u0130YATLANDIRMA 7. B\u00d6L\u00dcM MAL\u0130YET ODAKLI F\u0130YATLANDIRMA VE BA\u015eA BA\u015e NOKTASI ANAL\u0130Z\u0130 8. B\u00d6L\u00dcM YEN\u0130 \u00dcR\u00dcNLERDE F\u0130YATLANDIRMA STRATEJ\u0130LER 9. B\u00d6L\u00dcM F\u0130YAT AYARLAMA STRATEJ\u0130LER\u0130 10. B\u00d6L\u00dcM \u00dcR\u00dcN KARMASI VE \u00dcR\u00dcN KARMASI F\u0130YATLAMA STRATEJ\u0130LER\u0130 11. B\u00d6L\u00dcM H\u0130ZMETLER\u0130N F\u0130YATLANDIRMASI 12. B\u00d6L\u00dcM ULUSLARARASI PAZARLARDA F\u0130YATLANDIRMA KARARLARI 13. B\u00d6L\u00dcM F\u0130YATLANDIRMADA ET\u0130K VE S\u00dcRD\u00dcR\u00dcLEB\u0130L\u0130RL\u0130K 14. B\u00d6L\u00dcM F\u0130YATLANDIRMAYA \u0130L\u0130\u015eK\u0130N HUKUK\u0130 D\u00dcZENLEMELER SONU\u00c7 KAYNAK\u00c7A<\/p>\n","protected":false},"excerpt":{"rendered":"<p>\u0130\u00e7indekiler \u00d6NS\u00d6Z \u0130\u00c7\u0130NDEK\u0130LER TABLOLAR L\u0130STES\u0130 \u015eEK\u0130LLER L\u0130STES\u0130 KATKIDA BULUNANLAR 1. B\u00d6L\u00dcM F\u0130YATIN G\u00dcC\u00dc: F\u0130YAT TEOR\u0130S\u0130 VE PAZARLAMADA F\u0130YAT 2. B\u00d6L\u00dcM F\u0130YATIN PS\u0130KOLOJ\u0130S\u0130 ve M\u00dc\u015eTER\u0130 TEPK\u0130LER\u0130 3.<span class=\"excerpt-hellip\"> [\u2026]<\/span><\/p>\n","protected":false},"featured_media":0,"template":"","meta":{"_monsterinsights_skip_tracking":false,"_monsterinsights_sitenote_active":false,"_monsterinsights_sitenote_note":"","_monsterinsights_sitenote_category":0},"product_brand":[],"product_cat":[13043],"product_tag":[],"class_list":{"0":"post-753055","1":"product","2":"type-product","3":"status-publish","5":"product_cat-ekonomi","6":"pa_cilt-ciltsiz","7":"pa_tur-kitap","8":"pa_yayinevi-gazi-kitabevi","9":"pa_yazar-kolektif","11":"first","12":"instock","13":"sale","14":"shipping-taxable","15":"purchasable","16":"product-type-simple"},"_links":{"self":[{"href":"https:\/\/roveyayinevi.com.tr\/index.php\/wp-json\/wp\/v2\/product\/753055","targetHints":{"allow":["GET"]}}],"collection":[{"href":"https:\/\/roveyayinevi.com.tr\/index.php\/wp-json\/wp\/v2\/product"}],"about":[{"href":"https:\/\/roveyayinevi.com.tr\/index.php\/wp-json\/wp\/v2\/types\/product"}],"wp:attachment":[{"href":"https:\/\/roveyayinevi.com.tr\/index.php\/wp-json\/wp\/v2\/media?parent=753055"}],"wp:term":[{"taxonomy":"product_brand","embeddable":true,"href":"https:\/\/roveyayinevi.com.tr\/index.php\/wp-json\/wp\/v2\/product_brand?post=753055"},{"taxonomy":"product_cat","embeddable":true,"href":"https:\/\/roveyayinevi.com.tr\/index.php\/wp-json\/wp\/v2\/product_cat?post=753055"},{"taxonomy":"product_tag","embeddable":true,"href":"https:\/\/roveyayinevi.com.tr\/index.php\/wp-json\/wp\/v2\/product_tag?post=753055"}],"curies":[{"name":"wp","href":"https:\/\/api.w.org\/{rel}","templated":true}]}}