{"id":753054,"date":"2025-08-28T05:32:40","date_gmt":"2025-08-28T02:32:40","guid":{"rendered":"https:\/\/roveyayinevi.com.tr\/index.php\/urun\/yeni-dunya-da-girisimcilik\/"},"modified":"2026-04-16T03:06:38","modified_gmt":"2026-04-16T00:06:38","slug":"yeni-dunya-da-girisimcilik","status":"publish","type":"product","link":"https:\/\/roveyayinevi.com.tr\/index.php\/urun\/yeni-dunya-da-girisimcilik\/","title":{"rendered":"Yeni D\u00fcnya&#8217; da Giri\u015fimcilik"},"content":{"rendered":"<p>\u0130\u00e7indekiler   \u00d6NS\u00d6Z \u0130\u00c7\u0130NDEK\u0130LER B\u00d6L\u00dcM 1 YAPAY ZEK\u00c2 VE G\u0130R\u0130\u015e\u0130MC\u0130L\u0130K B\u00d6L\u00dcM 2 B\u0130YOG\u0130R\u0130\u015e\u0130MC\u0130L\u0130K VE TIP B\u00d6L\u00dcM 3 KADIN G\u0130R\u0130\u015e\u0130MC\u0130L\u0130\u011e\u0130 B\u00d6L\u00dcM 4 KADINLARIN G\u0130R\u0130\u015e\u0130MC\u0130L\u0130\u011eE DA\u0130R KAR\u015eILA\u015eTIKLARI SORUNLARIN DE\u011eERLEND\u0130RMES\u0130 B\u00d6L\u00dcM 5 G\u0130R\u0130\u015e\u0130MC\u0130L\u0130K VE Y\u00dcKSELEN PAZARLAR B\u00d6L\u00dcM 6 G\u0130R\u0130\u015e\u0130MC\u0130L\u0130K EKOS\u0130STEM\u0130 OLGUSU VE \u00d6NEM\u0130NE Y\u00d6NEL\u0130K KAVRAMSAL B\u0130R DE\u011eERLEND\u0130RME B\u00d6L\u00dcM 7 KENTLER VE G\u0130R\u0130\u015e\u0130MC\u0130L\u0130K MERKEZLER\u0130 B\u00d6L\u00dcM 8 G\u0130R\u0130\u015e\u0130MC\u0130L\u0130K VE \u0130NOVASYON B\u00d6L\u00dcM 9 G\u0130R\u0130\u015e\u0130MC\u0130L\u0130K E\u011e\u0130T\u0130M\u0130 B\u00d6L\u00dcM 10 G\u0130R\u0130\u015e\u0130MC\u0130L\u0130K VE MENTORLUK B\u00d6L\u00dcM 11 KURUM \u0130\u00c7\u0130 G\u0130R\u0130\u015e\u0130MC\u0130L\u0130K B\u00d6L\u00dcM 12 G\u0130R\u0130\u015e\u0130MC\u0130L\u0130K VE SA\u011eLIK H\u0130ZMETLER\u0130 B\u00d6L\u00dcM 13 G\u0130R\u0130\u015e\u0130MC\u0130L\u0130K VE EKONOM\u0130K B\u00dcY\u00dcME B\u00d6L\u00dcM 15 G\u0130R\u0130\u015e\u0130MC\u0130L\u0130K VE K\u0130TLE FONLAMA <\/p>\n","protected":false},"excerpt":{"rendered":"<p>\u0130\u00e7indekiler \u00d6NS\u00d6Z \u0130\u00c7\u0130NDEK\u0130LER B\u00d6L\u00dcM 1 YAPAY ZEK\u00c2 VE G\u0130R\u0130\u015e\u0130MC\u0130L\u0130K B\u00d6L\u00dcM 2 B\u0130YOG\u0130R\u0130\u015e\u0130MC\u0130L\u0130K VE TIP B\u00d6L\u00dcM 3 KADIN G\u0130R\u0130\u015e\u0130MC\u0130L\u0130\u011e\u0130 B\u00d6L\u00dcM 4 KADINLARIN G\u0130R\u0130\u015e\u0130MC\u0130L\u0130\u011eE DA\u0130R KAR\u015eILA\u015eTIKLARI SORUNLARIN DE\u011eERLEND\u0130RMES\u0130<span class=\"excerpt-hellip\"> [\u2026]<\/span><\/p>\n","protected":false},"featured_media":0,"template":"","meta":{"_monsterinsights_skip_tracking":false,"_monsterinsights_sitenote_active":false,"_monsterinsights_sitenote_note":"","_monsterinsights_sitenote_category":0},"product_brand":[],"product_cat":[13043,14381],"product_tag":[],"class_list":{"0":"post-753054","1":"product","2":"type-product","3":"status-publish","5":"product_cat-ekonomi","6":"product_cat-isletme-muhasebe-maliye","7":"pa_cilt-ciltsiz","8":"pa_tur-kitap","9":"pa_yayinevi-gazi-kitabevi","10":"pa_yazar-kolektif","12":"first","13":"instock","14":"sale","15":"shipping-taxable","16":"purchasable","17":"product-type-simple"},"_links":{"self":[{"href":"https:\/\/roveyayinevi.com.tr\/index.php\/wp-json\/wp\/v2\/product\/753054","targetHints":{"allow":["GET"]}}],"collection":[{"href":"https:\/\/roveyayinevi.com.tr\/index.php\/wp-json\/wp\/v2\/product"}],"about":[{"href":"https:\/\/roveyayinevi.com.tr\/index.php\/wp-json\/wp\/v2\/types\/product"}],"wp:attachment":[{"href":"https:\/\/roveyayinevi.com.tr\/index.php\/wp-json\/wp\/v2\/media?parent=753054"}],"wp:term":[{"taxonomy":"product_brand","embeddable":true,"href":"https:\/\/roveyayinevi.com.tr\/index.php\/wp-json\/wp\/v2\/product_brand?post=753054"},{"taxonomy":"product_cat","embeddable":true,"href":"https:\/\/roveyayinevi.com.tr\/index.php\/wp-json\/wp\/v2\/product_cat?post=753054"},{"taxonomy":"product_tag","embeddable":true,"href":"https:\/\/roveyayinevi.com.tr\/index.php\/wp-json\/wp\/v2\/product_tag?post=753054"}],"curies":[{"name":"wp","href":"https:\/\/api.w.org\/{rel}","templated":true}]}}