{"id":753053,"date":"2025-08-28T05:32:39","date_gmt":"2025-08-28T02:32:39","guid":{"rendered":"https:\/\/roveyayinevi.com.tr\/index.php\/urun\/uzay-roketi-caliskan-ayi\/"},"modified":"2026-04-16T03:06:38","modified_gmt":"2026-04-16T00:06:38","slug":"uzay-roketi-caliskan-ayi","status":"publish","type":"product","link":"https:\/\/roveyayinevi.com.tr\/index.php\/urun\/uzay-roketi-caliskan-ayi\/","title":{"rendered":"Uzay Roketi &#8211; \u00c7al\u0131\u015fkan Ay\u0131"},"content":{"rendered":"<p>Geri say\u0131ma kat\u0131l\u0131n ve \u00c7al\u0131\u015fkan Ay\u0131\u2019n\u0131n roketinin uzaya \u00e7\u0131kmas\u0131na yard\u0131m edin! Miniklerin bili\u015fsel geli\u015fimi i\u00e7in \u00f6zenle haz\u0131rlanm\u0131\u015f hareketli kitaplar!<\/p>\n","protected":false},"excerpt":{"rendered":"<p>Geri say\u0131ma kat\u0131l\u0131n ve \u00c7al\u0131\u015fkan Ay\u0131\u2019n\u0131n roketinin uzaya \u00e7\u0131kmas\u0131na yard\u0131m edin! Miniklerin bili\u015fsel geli\u015fimi i\u00e7in \u00f6zenle haz\u0131rlanm\u0131\u015f hareketli kitaplar!<\/p>\n","protected":false},"featured_media":0,"template":"","meta":{"_monsterinsights_skip_tracking":false,"_monsterinsights_sitenote_active":false,"_monsterinsights_sitenote_note":"","_monsterinsights_sitenote_category":0},"product_brand":[],"product_cat":[12274,12518],"product_tag":[],"class_list":{"0":"post-753053","1":"product","2":"type-product","3":"status-publish","5":"product_cat-cocuk-ve-genclik-kitaplari","6":"product_cat-okul-oncesi-kitaplar","7":"pa_cilt-ciltli","8":"pa_tur-kitap","9":"pa_yayinevi-buyulu-fener-yayinlari","10":"pa_yazar-benji-davies","12":"first","13":"instock","14":"sale","15":"shipping-taxable","16":"purchasable","17":"product-type-simple"},"_links":{"self":[{"href":"https:\/\/roveyayinevi.com.tr\/index.php\/wp-json\/wp\/v2\/product\/753053","targetHints":{"allow":["GET"]}}],"collection":[{"href":"https:\/\/roveyayinevi.com.tr\/index.php\/wp-json\/wp\/v2\/product"}],"about":[{"href":"https:\/\/roveyayinevi.com.tr\/index.php\/wp-json\/wp\/v2\/types\/product"}],"wp:attachment":[{"href":"https:\/\/roveyayinevi.com.tr\/index.php\/wp-json\/wp\/v2\/media?parent=753053"}],"wp:term":[{"taxonomy":"product_brand","embeddable":true,"href":"https:\/\/roveyayinevi.com.tr\/index.php\/wp-json\/wp\/v2\/product_brand?post=753053"},{"taxonomy":"product_cat","embeddable":true,"href":"https:\/\/roveyayinevi.com.tr\/index.php\/wp-json\/wp\/v2\/product_cat?post=753053"},{"taxonomy":"product_tag","embeddable":true,"href":"https:\/\/roveyayinevi.com.tr\/index.php\/wp-json\/wp\/v2\/product_tag?post=753053"}],"curies":[{"name":"wp","href":"https:\/\/api.w.org\/{rel}","templated":true}]}}