{"id":753051,"date":"2025-08-28T05:32:36","date_gmt":"2025-08-28T02:32:36","guid":{"rendered":"https:\/\/roveyayinevi.com.tr\/index.php\/urun\/istatistik-sanati\/"},"modified":"2026-04-16T03:06:38","modified_gmt":"2026-04-16T00:06:38","slug":"istatistik-sanati","status":"publish","type":"product","link":"https:\/\/roveyayinevi.com.tr\/index.php\/urun\/istatistik-sanati\/","title":{"rendered":"\u0130statistik Sanat\u0131"},"content":{"rendered":"<p>\u0130\u00e7indekiler   \u00d6NS\u00d6Z \u0130\u00c7\u0130NDEK\u0130LER \u00d6L\u00c7ME 1.1. \u00d6l\u00e7me nedir? 1.2. Neden \u00f6l\u00e7me yapar\u0131z? .3. \u00d6l\u00e7me d\u00fczeyi 1.3.1. Nominal (s\u0131n\u0131flama) \u00f6l\u00e7me d\u00fczeyi 1.3.2. Ordinal (S\u0131ralama) \u00d6l\u00e7me D\u00fczeyi 1.3.3. E\u015fit Aral\u0131kl\u0131 \u00d6l\u00e7me D\u00fczeyi 1.3.4. Oranlama \u00d6l\u00e7me D\u00fczeyi   VER\u0130 2.1. Veri nedir? 2.2. Ara\u015ft\u0131rma t\u00fcr\u00fc ve veri ili\u015fkisi 2.2.1. G\u00f6zlemsel \u00e7al\u0131\u015fmalar 2.2.1.1. Retrospektif \u00e7al\u0131\u015fma 2.2.1.2. Prospektif \u00e7al\u0131\u015fma 2.2.1.3. Kesitsel \u00c7al\u0131\u015fmalar 2.2.2. Deneysel \u00c7al\u0131\u015fmalar 2.2.3. Sim\u00fclasyon 2.3. Veri tipleri 2.3.1. Kayna\u011f\u0131na g\u00f6re veriler 2.3.1.1. Birincil Veri 2.3.1.2. \u0130kincil Veri 2.3.2. \u00d6l\u00e7\u00fc birimine g\u00f6re veriler 2.3.2.1. Nitel Veri 2.3.2.2. Nicel Veri 2.3.3. Zamana g\u00f6re veriler 2.3.3.1. Kesitsel veri 2.3.3.2. Zaman serileri verisi 2.3.3.3. Panel Veri 2.3.4. Dairesel Veri (Circular data) 2.3.5. Sayma Verileri (Count data) 2.3.6. Sans\u00fcrlenmemi\u015f (uncensored) , Sans\u00fcrlenmi\u015f (Censored) ve Kesilmi\u015f (Truncated) Veri 2.3.6.1. Sa\u011fdan sans\u00fcrl\u00fc veri 2.3.6.2. Soldan sans\u00fcrl\u00fc veri 2.3.6.3. Aral\u0131k sans\u00fcrl\u00fc veri 2.3.6.4. Kesilmi\u015f (truncated) veri   \u0130STAT\u0130ST\u0130K 3.1. \u0130statistik 3.2. Neden \u0130statistik 3.3. Olas\u0131l\u0131k 3.4. Bir Disiplin Olarak \u0130statistik ve Di\u011fer Disiplinlerde Kullan\u0131m\u0131 3.4.1. Hava Tahmini 3.4.2. Hukuk 3.4.3. Sa\u011fl\u0131k 3.4.4. Kimya 3.4.5. Demografi 3.4.6. Psikoloji 3.4.7. Jeoloji 3.4.8. Astronomi 3.4.9. Spor KAYNAK\u00c7A<\/p>\n","protected":false},"excerpt":{"rendered":"<p>\u0130\u00e7indekiler \u00d6NS\u00d6Z \u0130\u00c7\u0130NDEK\u0130LER \u00d6L\u00c7ME 1.1. \u00d6l\u00e7me nedir? 1.2. Neden \u00f6l\u00e7me yapar\u0131z? .3. \u00d6l\u00e7me d\u00fczeyi 1.3.1. Nominal (s\u0131n\u0131flama) \u00f6l\u00e7me d\u00fczeyi 1.3.2. Ordinal (S\u0131ralama) \u00d6l\u00e7me D\u00fczeyi 1.3.3. E\u015fit<span class=\"excerpt-hellip\"> [\u2026]<\/span><\/p>\n","protected":false},"featured_media":0,"template":"","meta":{"_monsterinsights_skip_tracking":false,"_monsterinsights_sitenote_active":false,"_monsterinsights_sitenote_note":"","_monsterinsights_sitenote_category":0},"product_brand":[],"product_cat":[13043],"product_tag":[],"class_list":{"0":"post-753051","1":"product","2":"type-product","3":"status-publish","5":"product_cat-ekonomi","6":"pa_cilt-ciltsiz","7":"pa_tur-kitap","8":"pa_yayinevi-gazi-kitabevi","9":"pa_yazar-filiz-yuva-kardiyen","11":"first","12":"instock","13":"sale","14":"shipping-taxable","15":"purchasable","16":"product-type-simple"},"_links":{"self":[{"href":"https:\/\/roveyayinevi.com.tr\/index.php\/wp-json\/wp\/v2\/product\/753051","targetHints":{"allow":["GET"]}}],"collection":[{"href":"https:\/\/roveyayinevi.com.tr\/index.php\/wp-json\/wp\/v2\/product"}],"about":[{"href":"https:\/\/roveyayinevi.com.tr\/index.php\/wp-json\/wp\/v2\/types\/product"}],"wp:attachment":[{"href":"https:\/\/roveyayinevi.com.tr\/index.php\/wp-json\/wp\/v2\/media?parent=753051"}],"wp:term":[{"taxonomy":"product_brand","embeddable":true,"href":"https:\/\/roveyayinevi.com.tr\/index.php\/wp-json\/wp\/v2\/product_brand?post=753051"},{"taxonomy":"product_cat","embeddable":true,"href":"https:\/\/roveyayinevi.com.tr\/index.php\/wp-json\/wp\/v2\/product_cat?post=753051"},{"taxonomy":"product_tag","embeddable":true,"href":"https:\/\/roveyayinevi.com.tr\/index.php\/wp-json\/wp\/v2\/product_tag?post=753051"}],"curies":[{"name":"wp","href":"https:\/\/api.w.org\/{rel}","templated":true}]}}