{"id":753050,"date":"2025-08-28T05:32:34","date_gmt":"2025-08-28T02:32:34","guid":{"rendered":"https:\/\/roveyayinevi.com.tr\/index.php\/urun\/amanda-black-tehlikeli-miras\/"},"modified":"2026-04-16T03:06:38","modified_gmt":"2026-04-16T00:06:38","slug":"amanda-black-tehlikeli-miras","status":"publish","type":"product","link":"https:\/\/roveyayinevi.com.tr\/index.php\/urun\/amanda-black-tehlikeli-miras\/","title":{"rendered":"Amanda Black Tehlikeli Miras"},"content":{"rendered":"<p>\u201cOn \u00fc\u00e7 ya\u015f\u0131nday\u0131m ve yar\u0131n, hi\u00e7 \u00e7al\u0131\u015fmad\u0131\u011f\u0131m bir sosyal bilgiler s\u0131nav\u0131m var. Ama beni en \u00e7ok endi\u015felendiren \u015fey, bu de\u011fil. Bor\u00e7lu oldu\u011fumuz banka, hafta sonundan \u00f6nce Paula teyzemle beni, Black Malik\u00e2nesi\u2019nden \u00e7\u0131karacak. \u00dc\u00e7 saniye \u00f6ncesine kadar beni en \u00e7ok endi\u015felendiren \u015fey, buydu. Ancak ben Dagon Kulesi\u2019nin y\u00fcz sekseninci kat\u0131ndan inerken biri, tutundu\u011fum halat\u0131 kesti. \u015eu anda d\u00f6rt y\u00fcz yetmi\u015f yedi metre y\u00fckseklikten h\u0131zla d\u00fc\u015f\u00fcyorum&#8230;&#8221; On \u00fc\u00e7\u00fcnc\u00fc do\u011fum g\u00fcn\u00fcnde ilgin\u00e7 bir mektup ald\u0131ktan sonra hayat\u0131 de\u011fi\u015fen Amanda Black&#8217;in gizemli, y\u00fcksek tempolu ve aksiyon dolu maceras\u0131 ba\u015fl\u0131yor. <\/p>\n","protected":false},"excerpt":{"rendered":"<p>\u201cOn \u00fc\u00e7 ya\u015f\u0131nday\u0131m ve yar\u0131n, hi\u00e7 \u00e7al\u0131\u015fmad\u0131\u011f\u0131m bir sosyal bilgiler s\u0131nav\u0131m var. Ama beni en \u00e7ok endi\u015felendiren \u015fey, bu de\u011fil. Bor\u00e7lu oldu\u011fumuz banka, hafta sonundan \u00f6nce<span class=\"excerpt-hellip\"> [\u2026]<\/span><\/p>\n","protected":false},"featured_media":0,"template":"","meta":{"_monsterinsights_skip_tracking":false,"_monsterinsights_sitenote_active":false,"_monsterinsights_sitenote_note":"","_monsterinsights_sitenote_category":0},"product_brand":[],"product_cat":[12274,12284],"product_tag":[],"class_list":{"0":"post-753050","1":"product","2":"type-product","3":"status-publish","5":"product_cat-cocuk-ve-genclik-kitaplari","6":"product_cat-hikayeler","7":"pa_cilt-ciltsiz","8":"pa_tur-kitap","9":"pa_yayinevi-beyaz-balina-yayinlari","10":"pa_yazar-juan-gomez-jurado-barbara-montes","12":"first","13":"instock","14":"sale","15":"shipping-taxable","16":"purchasable","17":"product-type-simple"},"_links":{"self":[{"href":"https:\/\/roveyayinevi.com.tr\/index.php\/wp-json\/wp\/v2\/product\/753050","targetHints":{"allow":["GET"]}}],"collection":[{"href":"https:\/\/roveyayinevi.com.tr\/index.php\/wp-json\/wp\/v2\/product"}],"about":[{"href":"https:\/\/roveyayinevi.com.tr\/index.php\/wp-json\/wp\/v2\/types\/product"}],"wp:attachment":[{"href":"https:\/\/roveyayinevi.com.tr\/index.php\/wp-json\/wp\/v2\/media?parent=753050"}],"wp:term":[{"taxonomy":"product_brand","embeddable":true,"href":"https:\/\/roveyayinevi.com.tr\/index.php\/wp-json\/wp\/v2\/product_brand?post=753050"},{"taxonomy":"product_cat","embeddable":true,"href":"https:\/\/roveyayinevi.com.tr\/index.php\/wp-json\/wp\/v2\/product_cat?post=753050"},{"taxonomy":"product_tag","embeddable":true,"href":"https:\/\/roveyayinevi.com.tr\/index.php\/wp-json\/wp\/v2\/product_tag?post=753050"}],"curies":[{"name":"wp","href":"https:\/\/api.w.org\/{rel}","templated":true}]}}