{"id":753045,"date":"2025-08-28T05:32:26","date_gmt":"2025-08-28T02:32:26","guid":{"rendered":"https:\/\/roveyayinevi.com.tr\/index.php\/urun\/homerosun-turkleri\/"},"modified":"2026-04-16T03:06:37","modified_gmt":"2026-04-16T00:06:37","slug":"homerosun-turkleri","status":"publish","type":"product","link":"https:\/\/roveyayinevi.com.tr\/index.php\/urun\/homerosun-turkleri\/","title":{"rendered":"Homeros\u2019un T\u00fcrkleri"},"content":{"rendered":"<p>Jerry Toner, Homeros\u2019un T\u00fcrkleri\u2019nde \u0130ngilizlerin ve Bat\u0131l\u0131lar\u0131n tarih boyunca hem uykular\u0131n\u0131 ka\u00e7\u0131r\u0131p hem de r\u00fcyalar\u0131n\u0131 s\u00fcslemi\u015f diyarlara dair in\u015fa edilmi\u015f imgelere odaklan\u0131yor. \u0130ngiliz seyahatname yazarlar\u0131 ve tarih\u00e7ilerin kendi uzak \u00e2lemlerini, \u015earklar\u0131n\u0131 olu\u015ftururken kadim zamanlar\u0131 ve klasikler\u0131 nas\u0131l kulland\u0131\u011f\u0131n\u0131 da ortaya koyuyor.   \u201cBelgelere dayand\u0131r\u0131lm\u0131\u015f, son derece ilgin\u00e7 ve ayd\u0131nlat\u0131c\u0131 bir kitap.\u201d   \u2014Dimitri Gutas   \u201cToner bu \u00e7al\u0131\u015fmayla yeni \u00e7a\u011f\u0131n septik yazarlar\u0131 aras\u0131nda kendine bir yer edinmi\u015f oluyor\u2026 M\u00fcthi\u015f bir \u00e7al\u0131\u015fma.\u201d   \u2014Siddharth Singh   \u201cKlasiklerin Do\u011fu\u2019ya bak\u0131\u015f\u0131m\u0131z\u0131 y\u00fczy\u0131llar boyunca nas\u0131l etkiledi\u011fine ve etkilemeye devam etti\u011fine kafa yoran Toner, tutkulu ve b\u00fcy\u00fcleyici bir rehbere d\u00f6n\u00fc\u015f\u00fcyor.\u201d   \u2014Madeline Miller <\/p>\n","protected":false},"excerpt":{"rendered":"<p>Jerry Toner, Homeros\u2019un T\u00fcrkleri\u2019nde \u0130ngilizlerin ve Bat\u0131l\u0131lar\u0131n tarih boyunca hem uykular\u0131n\u0131 ka\u00e7\u0131r\u0131p hem de r\u00fcyalar\u0131n\u0131 s\u00fcslemi\u015f diyarlara dair in\u015fa edilmi\u015f imgelere odaklan\u0131yor. \u0130ngiliz seyahatname yazarlar\u0131 ve<span class=\"excerpt-hellip\"> [\u2026]<\/span><\/p>\n","protected":false},"featured_media":0,"template":"","meta":{"_monsterinsights_skip_tracking":false,"_monsterinsights_sitenote_active":false,"_monsterinsights_sitenote_note":"","_monsterinsights_sitenote_category":0},"product_brand":[],"product_cat":[12370,12304],"product_tag":[],"class_list":{"0":"post-753045","1":"product","2":"type-product","3":"status-publish","5":"product_cat-arastirma-inceleme","6":"product_cat-tarih","7":"pa_cilt-ciltsiz","8":"pa_tur-kitap","9":"pa_yayinevi-alfa-yayinlari","10":"pa_yazar-jerry-toner","12":"first","13":"instock","14":"sale","15":"shipping-taxable","16":"purchasable","17":"product-type-simple"},"_links":{"self":[{"href":"https:\/\/roveyayinevi.com.tr\/index.php\/wp-json\/wp\/v2\/product\/753045","targetHints":{"allow":["GET"]}}],"collection":[{"href":"https:\/\/roveyayinevi.com.tr\/index.php\/wp-json\/wp\/v2\/product"}],"about":[{"href":"https:\/\/roveyayinevi.com.tr\/index.php\/wp-json\/wp\/v2\/types\/product"}],"wp:attachment":[{"href":"https:\/\/roveyayinevi.com.tr\/index.php\/wp-json\/wp\/v2\/media?parent=753045"}],"wp:term":[{"taxonomy":"product_brand","embeddable":true,"href":"https:\/\/roveyayinevi.com.tr\/index.php\/wp-json\/wp\/v2\/product_brand?post=753045"},{"taxonomy":"product_cat","embeddable":true,"href":"https:\/\/roveyayinevi.com.tr\/index.php\/wp-json\/wp\/v2\/product_cat?post=753045"},{"taxonomy":"product_tag","embeddable":true,"href":"https:\/\/roveyayinevi.com.tr\/index.php\/wp-json\/wp\/v2\/product_tag?post=753045"}],"curies":[{"name":"wp","href":"https:\/\/api.w.org\/{rel}","templated":true}]}}