{"id":753040,"date":"2025-08-28T05:32:18","date_gmt":"2025-08-28T02:32:18","guid":{"rendered":"https:\/\/roveyayinevi.com.tr\/index.php\/urun\/balikci-korsanlar\/"},"modified":"2026-04-16T03:06:37","modified_gmt":"2026-04-16T00:06:37","slug":"balikci-korsanlar","status":"publish","type":"product","link":"https:\/\/roveyayinevi.com.tr\/index.php\/urun\/balikci-korsanlar\/","title":{"rendered":"Bal\u0131k\u00e7\u0131 Korsanlar"},"content":{"rendered":"<p>G\u00fcne\u015f do\u011fuyor. Mavi Sardalya enginlere a\u00e7\u0131l\u0131yor.Palamut Kasabas\u0131\u2019n\u0131n en \u015fenlikli gemisi Mavi Sardalya\u2019n\u0131n bal\u0131k\u00e7\u0131lar\u0131 bu sabah k\u0131y\u0131dan ayr\u0131lmam\u0131\u015f. M\u00fcrettebat toplanm\u0131\u015f, merakla ortalarda g\u00f6r\u00fcnmeyen Kaptan Hamsisever\u2019i bekliyor. D\u00fcn tayfalardan Ya\u011fl\u0131hamsi, \u201cHep ayn\u0131. Hep ayn\u0131&#8230;\u201d ge\u00e7en g\u00fcnlerini de\u011fi\u015ftirmek i\u00e7in y\u00fcre\u011finden ge\u00e7enleri dillendirdi. M\u00fcrettebat bu durumdan biraz endi\u015feli. Kaptan ise karar\u0131n\u0131 verdi: Birlikte yeni bir sefere \u00e7\u0131kacaklar! Bu sefer, f\u0131rt\u0131nas\u0131yla, ke\u015ffedilen adalar\u0131yla, sualt\u0131ndan \u00e7\u0131ka gizemli sand\u0131\u011f\u0131yla, onlar\u0131 K\u0131z\u0131lkorsan\u2019\u0131n hazinesine ula\u015ft\u0131racak. Hazineyi bulmak kolay&#8230; Buldu\u011funu anlamak ise marifet!M. Banu Aksoy, her g\u00fcn\u00fc ayn\u0131 \u015fekilde ya\u015famaktan s\u0131k\u0131l\u0131p de\u011fi\u015fikliklere cesaret eden bir m\u00fcrettebatla tan\u0131\u015ft\u0131r\u0131yor okurlar\u0131n\u0131. Birbiriyle at\u0131\u015fmaktan geri durmayan Pembesomon ile leziz yemekler yapan Konserve\u2019nin, d\u00fcrb\u00fcn g\u00f6zl\u00fc T\u00fcys\u00fczkerevit ile merakl\u0131 k\u0131z\u0131 Barbunya\u2019n\u0131n, iki \u00e7ocukluk arkada\u015f\u0131 Zargana ile Ya\u011fl\u0131hamsi\u2019nin, muzip dede Hamsipaluk\u2019un, \u00e7at\u0131k ka\u015flar\u0131n\u0131n ard\u0131ndaki sevecen bak\u0131\u015flar\u0131yla Kaptan Hamsisever\u2019in, eski yelken \u015fampiyonu d\u00fcmenci \u00c7iroz\u2019un macera dolu, bir o kadar da komik hik\u00e2yesine davet ediyor.<\/p>\n","protected":false},"excerpt":{"rendered":"<p>G\u00fcne\u015f do\u011fuyor. Mavi Sardalya enginlere a\u00e7\u0131l\u0131yor.Palamut Kasabas\u0131\u2019n\u0131n en \u015fenlikli gemisi Mavi Sardalya\u2019n\u0131n bal\u0131k\u00e7\u0131lar\u0131 bu sabah k\u0131y\u0131dan ayr\u0131lmam\u0131\u015f. M\u00fcrettebat toplanm\u0131\u015f, merakla ortalarda g\u00f6r\u00fcnmeyen Kaptan Hamsisever\u2019i bekliyor. D\u00fcn<span class=\"excerpt-hellip\"> [\u2026]<\/span><\/p>\n","protected":false},"featured_media":0,"template":"","meta":{"_monsterinsights_skip_tracking":false,"_monsterinsights_sitenote_active":false,"_monsterinsights_sitenote_note":"","_monsterinsights_sitenote_category":0},"product_brand":[],"product_cat":[12274],"product_tag":[],"class_list":{"0":"post-753040","1":"product","2":"type-product","3":"status-publish","5":"product_cat-cocuk-ve-genclik-kitaplari","6":"pa_cilt-ciltsiz","7":"pa_tur-kitap","8":"pa_yayinevi-can-cocuk-yayinlari","9":"pa_yazar-m-banu-aksoy","11":"first","12":"instock","13":"sale","14":"shipping-taxable","15":"purchasable","16":"product-type-simple"},"_links":{"self":[{"href":"https:\/\/roveyayinevi.com.tr\/index.php\/wp-json\/wp\/v2\/product\/753040","targetHints":{"allow":["GET"]}}],"collection":[{"href":"https:\/\/roveyayinevi.com.tr\/index.php\/wp-json\/wp\/v2\/product"}],"about":[{"href":"https:\/\/roveyayinevi.com.tr\/index.php\/wp-json\/wp\/v2\/types\/product"}],"wp:attachment":[{"href":"https:\/\/roveyayinevi.com.tr\/index.php\/wp-json\/wp\/v2\/media?parent=753040"}],"wp:term":[{"taxonomy":"product_brand","embeddable":true,"href":"https:\/\/roveyayinevi.com.tr\/index.php\/wp-json\/wp\/v2\/product_brand?post=753040"},{"taxonomy":"product_cat","embeddable":true,"href":"https:\/\/roveyayinevi.com.tr\/index.php\/wp-json\/wp\/v2\/product_cat?post=753040"},{"taxonomy":"product_tag","embeddable":true,"href":"https:\/\/roveyayinevi.com.tr\/index.php\/wp-json\/wp\/v2\/product_tag?post=753040"}],"curies":[{"name":"wp","href":"https:\/\/api.w.org\/{rel}","templated":true}]}}