{"id":753037,"date":"2025-08-28T05:32:13","date_gmt":"2025-08-28T02:32:13","guid":{"rendered":"https:\/\/roveyayinevi.com.tr\/index.php\/urun\/aski-kalem-yazmaz-ki-kitapta-bulasin\/"},"modified":"2026-04-16T03:06:37","modified_gmt":"2026-04-16T00:06:37","slug":"aski-kalem-yazmaz-ki-kitapta-bulasin","status":"publish","type":"product","link":"https:\/\/roveyayinevi.com.tr\/index.php\/urun\/aski-kalem-yazmaz-ki-kitapta-bulasin\/","title":{"rendered":"A\u015fk\u0131 Kalem Yazmaz ki Kitapta Bulas\u0131n"},"content":{"rendered":"<p>A\u015fk, bir kalbe girerse, orada ba\u015fka bir \u015feye yer b\u0131rakmaz. \u015eems-i Tebrizi, Mevlana\u2019n\u0131n okudu\u011fu kitab\u0131 nezaketle elinden al\u0131r ve hi\u00e7 teredd\u00fct etmeden avluda bulunan su dolu havuzun i\u00e7erisine atar. Mevlana \u015fa\u015fk\u0131nl\u0131k i\u00e7indeyken \u015eems\u2019in a\u011fz\u0131ndan \u015fiir gibi s\u00f6zler d\u00f6k\u00fcl\u00fcr: \u201cA\u015fk\u0131 kalem yazmaz ki kitapta bulas\u0131n&#8230;\u201d O an\u0131 sadece onlar ya\u015famaz. Y\u00fczlerce y\u0131ld\u0131r biz de ya\u015famaktay\u0131z. Okudu\u011fun kitaba, ya\u015fad\u0131\u011f\u0131n an gibi kalbini ver. Ver ki o da sana ta\u015f\u0131d\u0131\u011f\u0131 t\u00fcm s\u0131rlar\u0131n\u0131 versin. Hadi \u015fimdi bu niyetle ilk sayfay\u0131 a\u00e7. Ho\u015f geldin. <\/p>\n","protected":false},"excerpt":{"rendered":"<p>A\u015fk, bir kalbe girerse, orada ba\u015fka bir \u015feye yer b\u0131rakmaz. \u015eems-i Tebrizi, Mevlana\u2019n\u0131n okudu\u011fu kitab\u0131 nezaketle elinden al\u0131r ve hi\u00e7 teredd\u00fct etmeden avluda bulunan su dolu<span class=\"excerpt-hellip\"> [\u2026]<\/span><\/p>\n","protected":false},"featured_media":0,"template":"","meta":{"_monsterinsights_skip_tracking":false,"_monsterinsights_sitenote_active":false,"_monsterinsights_sitenote_note":"","_monsterinsights_sitenote_category":0},"product_brand":[],"product_cat":[12718,12719,15238],"product_tag":[],"class_list":{"0":"post-753037","1":"product","2":"type-product","3":"status-publish","5":"product_cat-din","6":"product_cat-islam","7":"product_cat-tasavvuf","8":"pa_cilt-ciltsiz","9":"pa_tur-kitap","10":"pa_yayinevi-destek-yayinlari","11":"pa_yazar-ferhat-atik","13":"first","14":"instock","15":"sale","16":"shipping-taxable","17":"purchasable","18":"product-type-simple"},"_links":{"self":[{"href":"https:\/\/roveyayinevi.com.tr\/index.php\/wp-json\/wp\/v2\/product\/753037","targetHints":{"allow":["GET"]}}],"collection":[{"href":"https:\/\/roveyayinevi.com.tr\/index.php\/wp-json\/wp\/v2\/product"}],"about":[{"href":"https:\/\/roveyayinevi.com.tr\/index.php\/wp-json\/wp\/v2\/types\/product"}],"wp:attachment":[{"href":"https:\/\/roveyayinevi.com.tr\/index.php\/wp-json\/wp\/v2\/media?parent=753037"}],"wp:term":[{"taxonomy":"product_brand","embeddable":true,"href":"https:\/\/roveyayinevi.com.tr\/index.php\/wp-json\/wp\/v2\/product_brand?post=753037"},{"taxonomy":"product_cat","embeddable":true,"href":"https:\/\/roveyayinevi.com.tr\/index.php\/wp-json\/wp\/v2\/product_cat?post=753037"},{"taxonomy":"product_tag","embeddable":true,"href":"https:\/\/roveyayinevi.com.tr\/index.php\/wp-json\/wp\/v2\/product_tag?post=753037"}],"curies":[{"name":"wp","href":"https:\/\/api.w.org\/{rel}","templated":true}]}}