{"id":753036,"date":"2025-08-28T05:32:11","date_gmt":"2025-08-28T02:32:11","guid":{"rendered":"https:\/\/roveyayinevi.com.tr\/index.php\/urun\/denizden-tasan-sevgi-overflowing-love-from-deniz\/"},"modified":"2026-04-16T03:06:37","modified_gmt":"2026-04-16T00:06:37","slug":"denizden-tasan-sevgi-overflowing-love-from-deniz","status":"publish","type":"product","link":"https:\/\/roveyayinevi.com.tr\/index.php\/urun\/denizden-tasan-sevgi-overflowing-love-from-deniz\/","title":{"rendered":"Deniz\u2019den Ta\u015fan Sevgi (Overflowing Love From Deniz)"},"content":{"rendered":"<p>K\u00fc\u00e7\u00fck bir bal\u0131k, parlak bir nesnenin i\u00e7inde kalakalm\u0131\u015f, bir t\u00fcrl\u00fc kurtulam\u0131yordu. K\u00fc\u00e7\u00fck bal\u0131\u011f\u0131n, plastik bir po\u015fetin i\u00e7inde hapsoldu\u011funu anlad\u0131. \u0130nsanlar\u0131n bir ba\u015fka canl\u0131ya zarar verme hakk\u0131 var m\u0131yd\u0131?   Did people have the right to harm another living being?   Deniz ve arkada\u015f\u0131 Sissy, denizin keyfini doyas\u0131ya \u00e7\u0131kart\u0131rken, insanlar\u0131n denize ve \u00e7evresine verdikleri zarar kar\u015f\u0131s\u0131nda duyars\u0131z kalamazlar. Sevgileri denizden ta\u015far, \u00e7evre bilinci dilden dile dola\u015f\u0131r, b\u00fcy\u00fcr ve kocaman olur!<\/p>\n","protected":false},"excerpt":{"rendered":"<p>K\u00fc\u00e7\u00fck bir bal\u0131k, parlak bir nesnenin i\u00e7inde kalakalm\u0131\u015f, bir t\u00fcrl\u00fc kurtulam\u0131yordu. K\u00fc\u00e7\u00fck bal\u0131\u011f\u0131n, plastik bir po\u015fetin i\u00e7inde hapsoldu\u011funu anlad\u0131. \u0130nsanlar\u0131n bir ba\u015fka canl\u0131ya zarar verme hakk\u0131<span class=\"excerpt-hellip\"> [\u2026]<\/span><\/p>\n","protected":false},"featured_media":0,"template":"","meta":{"_monsterinsights_skip_tracking":false,"_monsterinsights_sitenote_active":false,"_monsterinsights_sitenote_note":"","_monsterinsights_sitenote_category":0},"product_brand":[],"product_cat":[12274],"product_tag":[],"class_list":{"0":"post-753036","1":"product","2":"type-product","3":"status-publish","5":"product_cat-cocuk-ve-genclik-kitaplari","6":"pa_cilt-ciltsiz","7":"pa_tur-kitap","8":"pa_yayinevi-luna-cocuk-yayinlari","9":"pa_yazar-ozlem-akgunes","11":"first","12":"instock","13":"sale","14":"shipping-taxable","15":"purchasable","16":"product-type-simple"},"_links":{"self":[{"href":"https:\/\/roveyayinevi.com.tr\/index.php\/wp-json\/wp\/v2\/product\/753036","targetHints":{"allow":["GET"]}}],"collection":[{"href":"https:\/\/roveyayinevi.com.tr\/index.php\/wp-json\/wp\/v2\/product"}],"about":[{"href":"https:\/\/roveyayinevi.com.tr\/index.php\/wp-json\/wp\/v2\/types\/product"}],"wp:attachment":[{"href":"https:\/\/roveyayinevi.com.tr\/index.php\/wp-json\/wp\/v2\/media?parent=753036"}],"wp:term":[{"taxonomy":"product_brand","embeddable":true,"href":"https:\/\/roveyayinevi.com.tr\/index.php\/wp-json\/wp\/v2\/product_brand?post=753036"},{"taxonomy":"product_cat","embeddable":true,"href":"https:\/\/roveyayinevi.com.tr\/index.php\/wp-json\/wp\/v2\/product_cat?post=753036"},{"taxonomy":"product_tag","embeddable":true,"href":"https:\/\/roveyayinevi.com.tr\/index.php\/wp-json\/wp\/v2\/product_tag?post=753036"}],"curies":[{"name":"wp","href":"https:\/\/api.w.org\/{rel}","templated":true}]}}