{"id":753035,"date":"2025-08-28T05:32:09","date_gmt":"2025-08-28T02:32:09","guid":{"rendered":"https:\/\/roveyayinevi.com.tr\/index.php\/urun\/siir-sevdalilari\/"},"modified":"2026-04-16T03:06:37","modified_gmt":"2026-04-16T00:06:37","slug":"siir-sevdalilari","status":"publish","type":"product","link":"https:\/\/roveyayinevi.com.tr\/index.php\/urun\/siir-sevdalilari\/","title":{"rendered":"\u015eiir Sevdal\u0131lar\u0131"},"content":{"rendered":"<p>Bazen hayat\u0131n verdi\u011fi iyi \u015feylerle s\u00fcslersin d\u00fcnyan\u0131 Bazen de s\u0131rtlan\u0131rs\u0131n, hayat\u0131n t\u00fcm ac\u0131 y\u0131llar\u0131n\u0131 Ne \u00e7ok bilmi\u015fli\u011fin y\u00fcceltir insanl\u0131\u011f\u0131n\u0131. Ne de cahilli\u011fin azalt\u0131r, sendeki olan karakterini Bazen bir insan girer hayat\u0131na, uyand\u0131r\u0131r seni umuda Bazen de unutturur bedenindeki cevheri sana. Bir bakars\u0131n amans\u0131zca gider hayat\u0131ndan Geriye d\u00f6n\u00fcp arkas\u0131nda y\u0131k\u0131k bir umut kald\u0131 diye bakmadan. Tek ba\u015f\u0131na m\u00fccadele edersin i\u00e7indeki \u00f6zlem ate\u015fiyle D\u00fcnyada say\u0131s\u0131z insan varken, umutla bakars\u0131n yollar\u0131na. Ya \u00e7ok sevmi\u015fli\u011fin y\u0131prat\u0131r seni ya da sevdi\u011fin o tek ki\u015fi. Yoklu\u011fuyla da mutlu oluyorsun bazen d\u00fc\u015f\u00fcnerek, sevginle Ad\u0131n\u0131 kalbine s\u00f6yleyerek belki de bir \u015fey ayakta tutuyor seni, Bu sevgin olabilir, sadakatin belki de Kendini kand\u0131rarak hayal etti\u011fin bir umut bilmeden Ve bunun ad\u0131yd\u0131   &#8220;\u0130mk\u00e2ns\u0131zl\u0131\u011fa giden bu umut&#8221;<\/p>\n","protected":false},"excerpt":{"rendered":"<p>Bazen hayat\u0131n verdi\u011fi iyi \u015feylerle s\u00fcslersin d\u00fcnyan\u0131 Bazen de s\u0131rtlan\u0131rs\u0131n, hayat\u0131n t\u00fcm ac\u0131 y\u0131llar\u0131n\u0131 Ne \u00e7ok bilmi\u015fli\u011fin y\u00fcceltir insanl\u0131\u011f\u0131n\u0131. Ne de cahilli\u011fin azalt\u0131r, sendeki olan karakterini<span class=\"excerpt-hellip\"> [\u2026]<\/span><\/p>\n","protected":false},"featured_media":0,"template":"","meta":{"_monsterinsights_skip_tracking":false,"_monsterinsights_sitenote_active":false,"_monsterinsights_sitenote_note":"","_monsterinsights_sitenote_category":0},"product_brand":[],"product_cat":[12291,12509],"product_tag":[],"class_list":{"0":"post-753035","1":"product","2":"type-product","3":"status-publish","5":"product_cat-edebiyat","6":"product_cat-siir","7":"pa_cilt-ciltsiz","8":"pa_tur-kitap","9":"pa_yayinevi-luna-yayinlari","10":"pa_yazar-sinan-yasar","12":"first","13":"instock","14":"sale","15":"shipping-taxable","16":"purchasable","17":"product-type-simple"},"_links":{"self":[{"href":"https:\/\/roveyayinevi.com.tr\/index.php\/wp-json\/wp\/v2\/product\/753035","targetHints":{"allow":["GET"]}}],"collection":[{"href":"https:\/\/roveyayinevi.com.tr\/index.php\/wp-json\/wp\/v2\/product"}],"about":[{"href":"https:\/\/roveyayinevi.com.tr\/index.php\/wp-json\/wp\/v2\/types\/product"}],"wp:attachment":[{"href":"https:\/\/roveyayinevi.com.tr\/index.php\/wp-json\/wp\/v2\/media?parent=753035"}],"wp:term":[{"taxonomy":"product_brand","embeddable":true,"href":"https:\/\/roveyayinevi.com.tr\/index.php\/wp-json\/wp\/v2\/product_brand?post=753035"},{"taxonomy":"product_cat","embeddable":true,"href":"https:\/\/roveyayinevi.com.tr\/index.php\/wp-json\/wp\/v2\/product_cat?post=753035"},{"taxonomy":"product_tag","embeddable":true,"href":"https:\/\/roveyayinevi.com.tr\/index.php\/wp-json\/wp\/v2\/product_tag?post=753035"}],"curies":[{"name":"wp","href":"https:\/\/api.w.org\/{rel}","templated":true}]}}