{"id":753033,"date":"2025-08-28T05:32:05","date_gmt":"2025-08-28T02:32:05","guid":{"rendered":"https:\/\/roveyayinevi.com.tr\/index.php\/urun\/askin-atesiyle\/"},"modified":"2026-04-16T03:06:37","modified_gmt":"2026-04-16T00:06:37","slug":"askin-atesiyle","status":"publish","type":"product","link":"https:\/\/roveyayinevi.com.tr\/index.php\/urun\/askin-atesiyle\/","title":{"rendered":"A\u015fk\u0131n Ate\u015fiyle"},"content":{"rendered":"<p>Hi\u00e7 \u015f\u00fcphesiz, kad\u0131n ve erke\u011fin birbirlerinden fiziki ve duygusal farklar\u0131, birbirlerinden g\u00fc\u00e7l\u00fc ve zay\u0131f y\u00f6nleri vard\u0131r. Ve elbette, d\u00fcnyan\u0131n hemen her yerinde as\u0131rlardan beri s\u00fcregelen, \u00fcstlenilmi\u015f ve kabul edilmi\u015f rolleri vard\u0131r. A\u015eK, kad\u0131n ve erke\u011fin de\u011ferini ortaya koyan mihenk ta\u015f\u0131d\u0131r. Biri di\u011ferinden sadece A\u015eK&#8217;\u0131 \u00f6l\u00e7\u00fcs\u00fcnde de\u011ferlidir.     Yazar\u0131n ak\u0131c\u0131 ve yal\u0131n anlat\u0131m\u0131yla; Kad\u0131n\u0131n de\u011feri&#8230; Kad\u0131nla empati kurman\u0131n hayat kurtar\u0131c\u0131l\u0131\u011f\u0131&#8230; Moskova\u2019daki tarihi Arbat Soka\u011f\u0131\u2019n\u0131n, \u0130stiklal Caddesi\u2019ne benzeyen tarihi dokusu ve burada geli\u015fen siyasi olaylar&#8230; \u00c2\u015f\u0131klar \u015fehri Venedik\u2019in \u00e2deta bir kopyas\u0131 olan Eski\u015fehir\u2019in muhte\u015fem do\u011fas\u0131&#8230; Ve farkl\u0131 k\u00fclt\u00fcrlerden gelen iki gencin bu muhte\u015fem a\u015fk \u015fehrinde vuku bulan a\u015fk hik\u00e2yesi&#8230; Ve belki de g\u00fczel bir \u00e7orba tarifi&#8230; K\u0131sac\u0131k bir eserde; bir erke\u011fin y\u00fcre\u011finden gelen \u00f6z ele\u015ftiriyi, bir \u00fclkenin yak\u0131n ge\u00e7mi\u015fini, k\u00fclt\u00fcr\u00fc, empatiyi, a\u015fk\u0131 ve ihaneti birlikte ve hissederek ya\u015fayaca\u011f\u0131n\u0131z, s\u0131ra d\u0131\u015f\u0131 olaylar dizisine haz\u0131r m\u0131s\u0131n\u0131z?<\/p>\n","protected":false},"excerpt":{"rendered":"<p>Hi\u00e7 \u015f\u00fcphesiz, kad\u0131n ve erke\u011fin birbirlerinden fiziki ve duygusal farklar\u0131, birbirlerinden g\u00fc\u00e7l\u00fc ve zay\u0131f y\u00f6nleri vard\u0131r. Ve elbette, d\u00fcnyan\u0131n hemen her yerinde as\u0131rlardan beri s\u00fcregelen, \u00fcstlenilmi\u015f<span class=\"excerpt-hellip\"> [\u2026]<\/span><\/p>\n","protected":false},"featured_media":0,"template":"","meta":{"_monsterinsights_skip_tracking":false,"_monsterinsights_sitenote_active":false,"_monsterinsights_sitenote_note":"","_monsterinsights_sitenote_category":0},"product_brand":[],"product_cat":[12291,18202],"product_tag":[],"class_list":{"0":"post-753033","1":"product","2":"type-product","3":"status-publish","5":"product_cat-edebiyat","6":"product_cat-hikaye","7":"pa_cilt-ciltsiz","8":"pa_tur-kitap","9":"pa_yayinevi-luna-yayinlari","10":"pa_yazar-murat-dinler","12":"first","13":"instock","14":"sale","15":"shipping-taxable","16":"purchasable","17":"product-type-simple"},"_links":{"self":[{"href":"https:\/\/roveyayinevi.com.tr\/index.php\/wp-json\/wp\/v2\/product\/753033","targetHints":{"allow":["GET"]}}],"collection":[{"href":"https:\/\/roveyayinevi.com.tr\/index.php\/wp-json\/wp\/v2\/product"}],"about":[{"href":"https:\/\/roveyayinevi.com.tr\/index.php\/wp-json\/wp\/v2\/types\/product"}],"wp:attachment":[{"href":"https:\/\/roveyayinevi.com.tr\/index.php\/wp-json\/wp\/v2\/media?parent=753033"}],"wp:term":[{"taxonomy":"product_brand","embeddable":true,"href":"https:\/\/roveyayinevi.com.tr\/index.php\/wp-json\/wp\/v2\/product_brand?post=753033"},{"taxonomy":"product_cat","embeddable":true,"href":"https:\/\/roveyayinevi.com.tr\/index.php\/wp-json\/wp\/v2\/product_cat?post=753033"},{"taxonomy":"product_tag","embeddable":true,"href":"https:\/\/roveyayinevi.com.tr\/index.php\/wp-json\/wp\/v2\/product_tag?post=753033"}],"curies":[{"name":"wp","href":"https:\/\/api.w.org\/{rel}","templated":true}]}}