{"id":753031,"date":"2025-08-28T05:32:01","date_gmt":"2025-08-28T02:32:01","guid":{"rendered":"https:\/\/roveyayinevi.com.tr\/index.php\/urun\/ece-bezini-cikariyor\/"},"modified":"2026-04-16T03:06:37","modified_gmt":"2026-04-16T00:06:37","slug":"ece-bezini-cikariyor","status":"publish","type":"product","link":"https:\/\/roveyayinevi.com.tr\/index.php\/urun\/ece-bezini-cikariyor\/","title":{"rendered":"Ece Bezini \u00c7\u0131kar\u0131yor"},"content":{"rendered":"<p>Ece y\u00fcr\u00fcrken bir ses geliyordu: H\u0131\u015f\u0131\u0131\u0131rt! Ece uyurken de bir ses geliyordu: H\u0131\u015f\u0131\u0131\u0131rt! Acaba bu ses, Ece\u2019nin bezinden mi geliyordu? Bezi olmadan ya\u015famak, daha rahat olabilir miydi? Bu karar\u0131 vermek \u00e7ok da kolay de\u011fildi. Ama denese ne kaybederdi ki?   Uzm. Klinik Psikolog Nihan ARDA, tuvalet e\u011fitiminin \u00f6nemli bir par\u00e7as\u0131 olan bez d\u00f6nemini sonland\u0131rma s\u00fcrecini, empatik bir kahraman ve e\u011flenceli bir hik\u00e2ye ile g\u00f6zler \u00f6n\u00fcne sererken, kitab\u0131n son b\u00f6l\u00fcm\u00fcnde ebeveynler i\u00e7in haz\u0131rlad\u0131\u011f\u0131 k\u0131s\u0131m ile ihtiya\u00e7 duyanlara \u0131\u015f\u0131k tutuyor.<\/p>\n","protected":false},"excerpt":{"rendered":"<p>Ece y\u00fcr\u00fcrken bir ses geliyordu: H\u0131\u015f\u0131\u0131\u0131rt! Ece uyurken de bir ses geliyordu: H\u0131\u015f\u0131\u0131\u0131rt! Acaba bu ses, Ece\u2019nin bezinden mi geliyordu? Bezi olmadan ya\u015famak, daha rahat olabilir<span class=\"excerpt-hellip\"> [\u2026]<\/span><\/p>\n","protected":false},"featured_media":0,"template":"","meta":{"_monsterinsights_skip_tracking":false,"_monsterinsights_sitenote_active":false,"_monsterinsights_sitenote_note":"","_monsterinsights_sitenote_category":0},"product_brand":[],"product_cat":[12274],"product_tag":[],"class_list":{"0":"post-753031","1":"product","2":"type-product","3":"status-publish","5":"product_cat-cocuk-ve-genclik-kitaplari","6":"pa_cilt-ciltsiz","7":"pa_tur-kitap","8":"pa_yayinevi-luna-cocuk-yayinlari","9":"pa_yazar-nihan-arda","11":"first","12":"instock","13":"sale","14":"shipping-taxable","15":"purchasable","16":"product-type-simple"},"_links":{"self":[{"href":"https:\/\/roveyayinevi.com.tr\/index.php\/wp-json\/wp\/v2\/product\/753031","targetHints":{"allow":["GET"]}}],"collection":[{"href":"https:\/\/roveyayinevi.com.tr\/index.php\/wp-json\/wp\/v2\/product"}],"about":[{"href":"https:\/\/roveyayinevi.com.tr\/index.php\/wp-json\/wp\/v2\/types\/product"}],"wp:attachment":[{"href":"https:\/\/roveyayinevi.com.tr\/index.php\/wp-json\/wp\/v2\/media?parent=753031"}],"wp:term":[{"taxonomy":"product_brand","embeddable":true,"href":"https:\/\/roveyayinevi.com.tr\/index.php\/wp-json\/wp\/v2\/product_brand?post=753031"},{"taxonomy":"product_cat","embeddable":true,"href":"https:\/\/roveyayinevi.com.tr\/index.php\/wp-json\/wp\/v2\/product_cat?post=753031"},{"taxonomy":"product_tag","embeddable":true,"href":"https:\/\/roveyayinevi.com.tr\/index.php\/wp-json\/wp\/v2\/product_tag?post=753031"}],"curies":[{"name":"wp","href":"https:\/\/api.w.org\/{rel}","templated":true}]}}