{"id":753028,"date":"2025-08-28T05:31:25","date_gmt":"2025-08-28T02:31:25","guid":{"rendered":"https:\/\/roveyayinevi.com.tr\/index.php\/urun\/ahlaki-ekonomi\/"},"modified":"2026-04-16T03:06:37","modified_gmt":"2026-04-16T00:06:37","slug":"ahlaki-ekonomi","status":"publish","type":"product","link":"https:\/\/roveyayinevi.com.tr\/index.php\/urun\/ahlaki-ekonomi\/","title":{"rendered":"Ahlaki Ekonomi"},"content":{"rendered":"<p>Bug\u00fcn geldi\u011fimiz a\u015famada iktisad\u0131n, ahl\u00e2k tart\u0131\u015fmalar\u0131n\u0131 i\u00e7selle\u015ftirdi\u011fini g\u00f6zlemleyemiyoruz. Bu tespitin sebeplerini bulmak ve iktisad\u0131n i\u00e7erisinde oldu\u011fu durumu anlamak i\u00e7in \u015fu ara\u015ft\u0131rma sorusunun anlaml\u0131 oldu\u011funu d\u00fc\u015f\u00fcn\u00fcyoruz: \u0130ktisat, modellemelere ve ekonometrik analize dayal\u0131 teknik bir \u00e7al\u0131\u015fma alan\u0131 m\u0131d\u0131r; yoksa iktisat, i\u00e7erisinden \u00e7\u0131kt\u0131\u011f\u0131 ahl\u00e2k felsefesine geri d\u00f6nmeli ve bir be\u015feri bilim dal\u0131 olarak m\u0131 kalmal\u0131d\u0131r? Ger\u00e7ekten de ana ak\u0131m akademik dergiler taraf\u0131ndan yay\u0131mlanan makaleleri inceledi\u011fimizde, iktisad\u0131n matematik ve istatistikten ibaret oldu\u011funu akla getiren bir tablo ile kar\u015f\u0131 kar\u015f\u0131ya kal\u0131yoruz. Di\u011fer taraftan, iktisad\u0131n be\u015feri bilimlerle olan ili\u015fkisinin kopmamas\u0131 gerekti\u011fini ileri s\u00fcren yay\u0131nlar\u0131 ele ald\u0131\u011f\u0131m\u0131zda, iktisad\u0131n on sekizinci y\u00fczy\u0131ldaki k\u00f6kenlerini yeniden d\u00fc\u015f\u00fcnmek zorunda oldu\u011funu g\u00f6zlemliyoruz. De\u011fi\u015fen \u00e7evre ve iklim ko\u015fullar\u0131 ile yeni dijital teknolojiler ise bir bilim olarak iktisad\u0131n da de\u011fi\u015fmesi gerekti\u011fini d\u00fc\u015f\u00fcnd\u00fcr\u00fcyor. Bu da iktisad\u0131n art\u0131k ahl\u00e2k felsefesinin bir alt dal\u0131 olarak kalmamas\u0131 ve de\u011fi\u015fmesi gerekti\u011fini akla getiriyor. Peki, iktisadi ili\u015fkiler ger\u00e7ekten ahl\u00e2k normlar\u0131ndan ba\u011f\u0131ms\u0131z d\u00fc\u015f\u00fcn\u00fclebilir mi? <\/p>\n","protected":false},"excerpt":{"rendered":"<p>Bug\u00fcn geldi\u011fimiz a\u015famada iktisad\u0131n, ahl\u00e2k tart\u0131\u015fmalar\u0131n\u0131 i\u00e7selle\u015ftirdi\u011fini g\u00f6zlemleyemiyoruz. Bu tespitin sebeplerini bulmak ve iktisad\u0131n i\u00e7erisinde oldu\u011fu durumu anlamak i\u00e7in \u015fu ara\u015ft\u0131rma sorusunun anlaml\u0131 oldu\u011funu d\u00fc\u015f\u00fcn\u00fcyoruz: \u0130ktisat,<span class=\"excerpt-hellip\"> [\u2026]<\/span><\/p>\n","protected":false},"featured_media":0,"template":"","meta":{"_monsterinsights_skip_tracking":false,"_monsterinsights_sitenote_active":false,"_monsterinsights_sitenote_note":"","_monsterinsights_sitenote_category":0},"product_brand":[],"product_cat":[13043],"product_tag":[],"class_list":{"0":"post-753028","1":"product","2":"type-product","3":"status-publish","5":"product_cat-ekonomi","6":"pa_cilt-ciltsiz","7":"pa_tur-kitap","8":"pa_yayinevi-siyasal-kitabevi","9":"pa_yazar-kolektif","11":"first","12":"instock","13":"sale","14":"shipping-taxable","15":"purchasable","16":"product-type-simple"},"_links":{"self":[{"href":"https:\/\/roveyayinevi.com.tr\/index.php\/wp-json\/wp\/v2\/product\/753028","targetHints":{"allow":["GET"]}}],"collection":[{"href":"https:\/\/roveyayinevi.com.tr\/index.php\/wp-json\/wp\/v2\/product"}],"about":[{"href":"https:\/\/roveyayinevi.com.tr\/index.php\/wp-json\/wp\/v2\/types\/product"}],"wp:attachment":[{"href":"https:\/\/roveyayinevi.com.tr\/index.php\/wp-json\/wp\/v2\/media?parent=753028"}],"wp:term":[{"taxonomy":"product_brand","embeddable":true,"href":"https:\/\/roveyayinevi.com.tr\/index.php\/wp-json\/wp\/v2\/product_brand?post=753028"},{"taxonomy":"product_cat","embeddable":true,"href":"https:\/\/roveyayinevi.com.tr\/index.php\/wp-json\/wp\/v2\/product_cat?post=753028"},{"taxonomy":"product_tag","embeddable":true,"href":"https:\/\/roveyayinevi.com.tr\/index.php\/wp-json\/wp\/v2\/product_tag?post=753028"}],"curies":[{"name":"wp","href":"https:\/\/api.w.org\/{rel}","templated":true}]}}