{"id":753027,"date":"2025-08-28T05:31:24","date_gmt":"2025-08-28T02:31:24","guid":{"rendered":"https:\/\/roveyayinevi.com.tr\/index.php\/urun\/kultur-ve-etnosentrizm\/"},"modified":"2026-04-16T03:06:37","modified_gmt":"2026-04-16T00:06:37","slug":"kultur-ve-etnosentrizm","status":"publish","type":"product","link":"https:\/\/roveyayinevi.com.tr\/index.php\/urun\/kultur-ve-etnosentrizm\/","title":{"rendered":"K\u00fclt\u00fcr ve Etnosentrizm"},"content":{"rendered":"<p>\u0130\u00e7indekiler   \u00d6NS\u00d6Z \u0130\u00c7\u0130NDEK\u0130LER KISALTMALAR L\u0130STES\u0130 TABLOLAR L\u0130STES\u0130 \u015eEK\u0130LLER L\u0130STES\u0130 G\u0130R\u0130\u015e   B\u0130R\u0130NC\u0130 B\u00d6L\u00dcM 1.1. ETNOSENTR\u0130ZM KAVRAMI 1.2. T\u00dcKET\u0130C\u0130 ETNOSENTR\u0130ZM\u0130 1.3. T\u00dcKET\u0130C\u0130 ETNOSENTR\u0130ZM\u0130 ve MEN\u015eE\u0130 \u00dcLKE ETK\u0130S\u0130 \u0130L\u0130\u015eK\u0130S\u0130 1.4. T\u00dcKET\u0130C\u0130 ETNOSENTR\u0130ZM\u0130N\u0130 ETK\u0130LEYEN FAKT\u00d6RLER 1.5. T\u00dcKET\u0130C\u0130 ETNOSENTR\u0130ZM\u0130N\u0130N SONU\u00c7LARI   \u0130K\u0130NC\u0130 B\u00d6L\u00dcM 2.1. K\u00dcLT\u00dcR KAVRAMI 2.2. K\u00dcLT\u00dcR\u00dc OLU\u015eTURAN UNSURLAR 2.3. K\u00dcLT\u00dcR\u00dcN \u00d6ZELL\u0130KLER\u0130 2.4. K\u00dcLT\u00dcRLER ARASI FARKLILA\u015eMA ve K\u00dcLT\u00dcR BOYUTLARI 2.5. HOFSTEDE\u201fN\u0130N K\u00dcLT\u00dcREL BOYUTLARI VE UYGULAMALARINA G\u00dcNCEL B\u0130R BAKI\u015e 2.6. HOFSTEDE\u201fN\u0130N K\u00dcLT\u00dcR BOYUTLARI VE T\u00dcKET\u0130C\u0130 ETNOSENTR\u0130ZM\u0130 \u0130L\u0130\u015eK\u0130S\u0130   \u00dc\u00c7\u00dcNC\u00dc B\u00d6L\u00dcM 3.1. ARA\u015eTIRMA MODEL\u0130N\u0130N GEL\u0130\u015eT\u0130RLMES\u0130 3.2. ARA\u015eTIRMADA KULLANILAN \u00d6L\u00c7EKLER VE \u00d6RNEKLEM 3.3. ARA\u015eTIRMAYA A\u0130T BULGULAR VE TANIMLAYICI \u0130STAT\u0130ST\u0130KLER 3.4. KULLANILAN \u00d6L\u00c7EKLERE A\u0130T A\u00c7IKLAYICI FAKT\u00d6R VE G\u00dcVEN\u0130L\u0130RL\u0130K ANAL\u0130Z\u0130 3.5. K\u00dcLT\u00dcR \u00d6L\u00c7E\u011e\u0130 VE T\u00dcKET\u0130C\u0130 ETNOSENTR\u0130ZM \u00d6L\u00c7E\u011e\u0130 \u0130\u00c7\u0130N DO\u011eRULAYICI FAKT\u00d6R ANAL\u0130Z\u0130 3.6. YAPISAL E\u015e\u0130TL\u0130K MODEL\u0130N\u0130N ANAL\u0130Z\u0130 3.7. DEMOGRAF\u0130K DE\u011e\u0130\u015eKENLERE \u0130L\u0130\u015eK\u0130N BULGULAR   SONU\u00c7 ve \u00d6NER\u0130LER KAYNAK\u00c7A<\/p>\n","protected":false},"excerpt":{"rendered":"<p>\u0130\u00e7indekiler \u00d6NS\u00d6Z \u0130\u00c7\u0130NDEK\u0130LER KISALTMALAR L\u0130STES\u0130 TABLOLAR L\u0130STES\u0130 \u015eEK\u0130LLER L\u0130STES\u0130 G\u0130R\u0130\u015e B\u0130R\u0130NC\u0130 B\u00d6L\u00dcM 1.1. ETNOSENTR\u0130ZM KAVRAMI 1.2. T\u00dcKET\u0130C\u0130 ETNOSENTR\u0130ZM\u0130 1.3. T\u00dcKET\u0130C\u0130 ETNOSENTR\u0130ZM\u0130 ve MEN\u015eE\u0130 \u00dcLKE ETK\u0130S\u0130 \u0130L\u0130\u015eK\u0130S\u0130<span class=\"excerpt-hellip\"> [\u2026]<\/span><\/p>\n","protected":false},"featured_media":0,"template":"","meta":{"_monsterinsights_skip_tracking":false,"_monsterinsights_sitenote_active":false,"_monsterinsights_sitenote_note":"","_monsterinsights_sitenote_category":0},"product_brand":[],"product_cat":[12573,12566],"product_tag":[],"class_list":{"0":"post-753027","1":"product","2":"type-product","3":"status-publish","5":"product_cat-akademik-kitaplar","6":"product_cat-egitim","7":"pa_cilt-ciltsiz","8":"pa_tur-kitap","9":"pa_yayinevi-gazi-kitabevi","10":"pa_yazar-sefa-ozdemir","12":"first","13":"instock","14":"sale","15":"shipping-taxable","16":"purchasable","17":"product-type-simple"},"_links":{"self":[{"href":"https:\/\/roveyayinevi.com.tr\/index.php\/wp-json\/wp\/v2\/product\/753027","targetHints":{"allow":["GET"]}}],"collection":[{"href":"https:\/\/roveyayinevi.com.tr\/index.php\/wp-json\/wp\/v2\/product"}],"about":[{"href":"https:\/\/roveyayinevi.com.tr\/index.php\/wp-json\/wp\/v2\/types\/product"}],"wp:attachment":[{"href":"https:\/\/roveyayinevi.com.tr\/index.php\/wp-json\/wp\/v2\/media?parent=753027"}],"wp:term":[{"taxonomy":"product_brand","embeddable":true,"href":"https:\/\/roveyayinevi.com.tr\/index.php\/wp-json\/wp\/v2\/product_brand?post=753027"},{"taxonomy":"product_cat","embeddable":true,"href":"https:\/\/roveyayinevi.com.tr\/index.php\/wp-json\/wp\/v2\/product_cat?post=753027"},{"taxonomy":"product_tag","embeddable":true,"href":"https:\/\/roveyayinevi.com.tr\/index.php\/wp-json\/wp\/v2\/product_tag?post=753027"}],"curies":[{"name":"wp","href":"https:\/\/api.w.org\/{rel}","templated":true}]}}