{"id":753025,"date":"2025-08-28T05:31:22","date_gmt":"2025-08-28T02:31:22","guid":{"rendered":"https:\/\/roveyayinevi.com.tr\/index.php\/urun\/taekwondocularda-12-haftalik-kor-egzersizlerinin-statik-denge-kor-kuvveti-anaerobik-guc-surat-ve-ceviklige-etkisinin-incelenmesi\/"},"modified":"2026-04-16T03:06:37","modified_gmt":"2026-04-16T00:06:37","slug":"taekwondocularda-12-haftalik-kor-egzersizlerinin-statik-denge-kor-kuvveti-anaerobik-guc-surat-ve-ceviklige-etkisinin-incelenmesi","status":"publish","type":"product","link":"https:\/\/roveyayinevi.com.tr\/index.php\/urun\/taekwondocularda-12-haftalik-kor-egzersizlerinin-statik-denge-kor-kuvveti-anaerobik-guc-surat-ve-ceviklige-etkisinin-incelenmesi\/","title":{"rendered":"Taekwondocularda 12 Haftal\u0131k Kor Egzersizlerinin Statik Denge Kor Kuvveti Anaerobik G\u00fc\u00e7 S\u00fcrat ve \u00c7evikli\u011fe Etkisinin \u0130ncelenmesi"},"content":{"rendered":"<p>\u0130\u00e7indekiler   \u00d6NS\u00d6Z TE\u015eEKK\u00dcR \u0130\u00c7\u0130NDEK\u0130LER \u00c7\u0130ZELGELER\u0130N L\u0130STES\u0130 \u015eEK\u0130LLER\u0130N L\u0130STES\u0130 RES\u0130MLER\u0130N L\u0130STES\u0130 S\u0130MGELER VE KISALTMALAR   1. G\u0130R\u0130\u015e 2. GENEL B\u0130LG\u0130LER 2.1. Taekwondo 2.1.1. Taekwondoda poomsae disiplini 2.1.2. Taekwondoda kyorigi disiplini 2.2. Taekwondoda Atletik Performans 2.2.1. Taekwondoda denge \u00f6zelli\u011finin \u00f6nemi 2.2.2. Taekwondoda kuvvet \u00f6zelli\u011finin \u00f6nemi 2.2.3. Taekwondoda anaerobik g\u00fc\u00e7 \u00f6zelli\u011finin \u00f6nemi 2.2.4. Taekwondoda s\u00fcrat ile \u00e7eviklik \u00f6zelliklerinin \u00f6nemi 2.3. Kor B\u00f6lgesi Tan\u0131mlamalar\u0131 2.4. Kor B\u00f6lgesi S\u0131n\u0131fland\u0131rmalar\u0131 2.5. Kor Kuvveti 2.6. Kor Egzersizleri   3. GERE\u00c7 VE Y\u00d6NTEM 3.1. Ara\u015ft\u0131rma Grubu 3.2. Ara\u015ft\u0131rman\u0131n Deneysel Tasar\u0131m\u0131 3.3. Veri Toplama Ara\u00e7lar\u0131 3.3.1. Boy uzunlu\u011fu ve v\u00fccut a\u011f\u0131rl\u0131\u011f\u0131 \u00f6l\u00e7\u00fcmleri 3.3.2. Statik denge \u00f6l\u00e7\u00fcmleri 3.3.4. Kor kuvveti \u00f6l\u00e7\u00fcmleri 3.3.5. Dikey s\u0131\u00e7rama testi 3.3.6. S\u00fcrat ve \u00e7eviklik testi 3.4. Kor Egzersiz Plan\u0131 3.5. \u0130statistiksel Analizler   4. BULGULAR 4.1. Kat\u0131l\u0131mc\u0131lara Ait Tan\u0131mlay\u0131c\u0131 Bulgular 4.2. BK\u0120\u201f ne \u0130li\u015fkin Bulgular 4.3. AGSD\u201f ye \u0130li\u015fkin Bulgular 4.4. KGSD\u201f ye \u0130li\u015fkin Bulgular 4.5. Kor Kuvveti Testlerine \u0130li\u015fkin Bulgular 4.6. Anaerobik G\u00fc\u00e7\u201fe \u0130li\u015fkin Bulgular 4.7. S\u00fcrat\u201fe \u0130li\u015fkin Bulgular 4.8. \u00c7eviklik\u201fe \u0130li\u015fkin Bulgular   5. TARTI\u015eMA 5.1. BK\u0120 Bulgular\u0131n\u0131n De\u011ferlendirilmesi 5.2. AGSD VE KGSD \u0130li\u015fkin Bulgular\u0131n De\u011ferlendirilmesi 5.3. Kor Kuvvetine \u0130li\u015fkin Bulgular\u0131n De\u011ferlendirilmesi 5.4. Anaerobik G\u00fcce \u0130li\u015fkin Bulgular\u0131n De\u011ferlendirilmesi 5.5. S\u00fcrat ve \u00c7evikli\u011fe \u0120li\u0122kin Bulgular\u0131n De\u011ferlendirilmesi 6. SONU\u00c7 VE \u00d6NER\u0130LER KAYNAK\u00c7A EKLER EK 1. Etik Kurul Onay Belgesi \u00d6ZGE\u00c7M\u0130\u015e<\/p>\n","protected":false},"excerpt":{"rendered":"<p>\u0130\u00e7indekiler \u00d6NS\u00d6Z TE\u015eEKK\u00dcR \u0130\u00c7\u0130NDEK\u0130LER \u00c7\u0130ZELGELER\u0130N L\u0130STES\u0130 \u015eEK\u0130LLER\u0130N L\u0130STES\u0130 RES\u0130MLER\u0130N L\u0130STES\u0130 S\u0130MGELER VE KISALTMALAR 1. G\u0130R\u0130\u015e 2. GENEL B\u0130LG\u0130LER 2.1. Taekwondo 2.1.1. Taekwondoda poomsae disiplini 2.1.2. Taekwondoda<span class=\"excerpt-hellip\"> [\u2026]<\/span><\/p>\n","protected":false},"featured_media":0,"template":"","meta":{"_monsterinsights_skip_tracking":false,"_monsterinsights_sitenote_active":false,"_monsterinsights_sitenote_note":"","_monsterinsights_sitenote_category":0},"product_brand":[],"product_cat":[15563,15564],"product_tag":[],"class_list":{"0":"post-753025","1":"product","2":"type-product","3":"status-publish","5":"product_cat-hobi","6":"product_cat-spor","7":"pa_cilt-ciltsiz","8":"pa_tur-kitap","9":"pa_yayinevi-gazi-kitabevi","10":"pa_yazar-betul-canbolat-guder","12":"first","13":"instock","14":"sale","15":"shipping-taxable","16":"purchasable","17":"product-type-simple"},"_links":{"self":[{"href":"https:\/\/roveyayinevi.com.tr\/index.php\/wp-json\/wp\/v2\/product\/753025","targetHints":{"allow":["GET"]}}],"collection":[{"href":"https:\/\/roveyayinevi.com.tr\/index.php\/wp-json\/wp\/v2\/product"}],"about":[{"href":"https:\/\/roveyayinevi.com.tr\/index.php\/wp-json\/wp\/v2\/types\/product"}],"wp:attachment":[{"href":"https:\/\/roveyayinevi.com.tr\/index.php\/wp-json\/wp\/v2\/media?parent=753025"}],"wp:term":[{"taxonomy":"product_brand","embeddable":true,"href":"https:\/\/roveyayinevi.com.tr\/index.php\/wp-json\/wp\/v2\/product_brand?post=753025"},{"taxonomy":"product_cat","embeddable":true,"href":"https:\/\/roveyayinevi.com.tr\/index.php\/wp-json\/wp\/v2\/product_cat?post=753025"},{"taxonomy":"product_tag","embeddable":true,"href":"https:\/\/roveyayinevi.com.tr\/index.php\/wp-json\/wp\/v2\/product_tag?post=753025"}],"curies":[{"name":"wp","href":"https:\/\/api.w.org\/{rel}","templated":true}]}}