{"id":753024,"date":"2025-08-28T05:31:21","date_gmt":"2025-08-28T02:31:21","guid":{"rendered":"https:\/\/roveyayinevi.com.tr\/index.php\/urun\/1930lu-yillardaki-turkiye-sanayisine-iliskin-kismi-bir-mikroiktisadi-arastirma\/"},"modified":"2026-04-16T03:06:37","modified_gmt":"2026-04-16T00:06:37","slug":"1930lu-yillardaki-turkiye-sanayisine-iliskin-kismi-bir-mikroiktisadi-arastirma","status":"publish","type":"product","link":"https:\/\/roveyayinevi.com.tr\/index.php\/urun\/1930lu-yillardaki-turkiye-sanayisine-iliskin-kismi-bir-mikroiktisadi-arastirma\/","title":{"rendered":"1930&#8217;lu Y\u0131llardaki T\u00fcrkiye Sanayisine \u0130li\u015fkin K\u0131smi Bir Mikroiktisadi Ara\u015ft\u0131rma"},"content":{"rendered":"<p>\u0130\u00e7indekiler   \u00d6NS\u00d6Z YAZARIN SUNU\u015eU \u0130\u00c7\u0130NDEK\u0130LER G\u0130R\u0130\u015e B\u00d6L\u00dcM 1: TEOR\u0130K \u00c7ER\u00c7EVE 1. T\u00dcKET\u0130C\u0130 RANTI, DARA KAYBI VE \u00dcRET\u0130C\u0130 RANTI 2. MEVCUT HARCAMA (H\u00c2SILAT) \u0130LE KAMU REFAHI MAKS\u0130M\u0130ZASYONUNDAK\u0130 HARCAMA (H\u00c2SILAT) ARASINDAK\u0130 FARK 3. TALEB\u0130N F\u0130YAT ESNEKL\u0130\u011e\u0130 B\u00d6L\u00dcM 2: Y\u00d6NTEM ve VER\u0130 B\u00d6L\u00dcM 3: BULGULAR 1. Sanayii \u0130stihraciye 1.1. Memlehalar Sanayi 1.2. Mermer Ta\u015f\u0131 Sanayi 1.3. K\u00f6m\u00fcr Madenleri Sanayi 1.4. Di\u011fer Madenler Sanayi 1.5. Saptama 2. Ziraat, Ehli Hayvanlar Ve Av Mahsul\u00e2t\u0131 Sanayii 2.1. Un Sanayi 2.2. Pirin\u00e7 Sanayi 2.3. Hamur \u0130\u015fleri (Bisk\u00fcvi, Makarna Ve Ekmek) Sanayi 2.4. \u015eeker Sanayi 2.5. Yemi\u015f \u0130stihzarat\u0131 (\u00dcz\u00fcm, \u0130ncir Ve F\u0131nd\u0131k) Sanayi 2.6. Alkol Sanayi 2.7. Debagat Sanayi 2.8. Konserve (Her Nevi) Sanayi 2.9. Palamut H\u00fcl\u00e2sas\u0131 Sanayi 2.10. \u00c7ikolata, \u015eekerleme, Kakao Ve Levaz\u0131mat\u0131 Sanayi 2.11. Nebati Ya\u011f Sanayi 2.12. Zeytin Ya\u011f\u0131 Sanayi 2.13. Zeytin Ya\u011f\u0131 Ve Un Sanayi 2.14. Zeytin Ya\u011f\u0131, Un Ve Pamuk Sanayi 2.15. Muhtelit Un Ve Pamuk Sanayi 2.16. Pamuk Sanayi 2.17. Kundura Sanayi 2.18. Deri Eldiven Sanayi 2.19. Plastik E\u015fya Sanayi 2.20. Bal\u0131k Ya\u011f\u0131 Sanayi 2.21. Tarak Ve F\u0131r\u00e7a Sanayi 2.22. \u0130drofil Pamuk Ve Yoluk Pamuk Sanayi 2.23. T\u00fct\u00fcn Sanayi 2.24. S\u0131na\u00ee S\u00fct\u00e7\u00fcl\u00fck, Peynircilik, Ya\u011fc\u0131l\u0131k Sanayi 2.25. Saptama 3. Sanayii Nesciye 3.1. \u0130pekli Mensucat Sanayi 3.2. Y\u00fcnl\u00fc Mensucat Sanayi 3.3. Y\u00fcnl\u00fc, \u0130pekli Mensucat Sanayi 3.4. Trikotaj Sanayi 3.5. Fanila Ve \u00c7orap Sanayi 3.6. Hal\u0131 Sanayi 3.7. Pamuklu Mensucat Sanayi 3.8. Pamuklu, Y\u00fcnl\u00fc Mensucat Sanayi 3.9. Pamuklu, Y\u00fcnl\u00fc, \u0130pekli Mensucat Sanayi 3.10. Y\u00fcn \u0130pli\u011fi Sanayi 3.11. Pamuk \u0130pli\u011fi Sanayi 3.12. \u0130pek \u0130pli\u011fi Sanayi 3.13. \u0130p, Halat Ve Sicim Sanayi 3.14. Bal\u0131k A\u011f\u0131 Sanayi 3.15. Potin Ba\u011f\u0131, Kaytan Ve Klaptan Sanayi 3.16. Muhtelif Sanayii Nesciye 3.17. Saptama 4. Sanayii Ha\u015febiye 4.1. Kereste Sanayi 4.2. Marangoz, Do\u011frama Ve Mobilya Sanayi 4.3. Araba \u0130malat\u0131 Sanayi 4.4. \u00dcz\u00fcm Ve \u0130ncir Kutusu Sanayi 4.5. Kundura Kal\u0131b\u0131 Ve A\u011fa\u00e7 \u00d6k\u00e7e Sanayi 4.6. Sandalya Sanayi 4.7. Saptama 5. K\u00e2\u011f\u0131t Ve Karton Sanayii 5.1. Matbaac\u0131l\u0131k Sanayi 5.2. K\u00e2\u011f\u0131t, Zarf Ve Kese K\u00e2\u011f\u0131d\u0131 Sanayi 5.3. \u015eerit Ve Kopya K\u00e2\u011f\u0131d\u0131 Sanayi 5.4. Mukavva Kutu Sanayi 5.5. Saptama 6. Sanayii Madeniye 6.1. Vapur Tamiri Sanayi 6.2. D\u00f6k\u00fcmhane Ve Her Nevi Tamirhane Sanayi 6.3. Ziraat Aletleri Sanayi 6.4. Her Nevi Demir \u00c7ivi Sanayi 6.5. Pirin\u00e7 Ve Bak\u0131r Sanayi 6.6. Karyola Sanayi 6.7. Sair Bak\u0131r, Demir Ve Kur\u015fun \u0130\u015fleri Sanayi 6.8. Hurufat D\u00f6k\u00fcmhanesi Sanayi 6.9. Otomobil Karoseri Sanayi 6.10. Teneke Kutu Sanayi 6.11. Galvaniz Sanayi 6.12. \u00c7inkograf Sanayi 6.13. Saptama 7. Ebniye \u0130n\u015faat\u0131 Sanayii 7.1. Tu\u011fla Ve Kiremit Sanayi 7.2. Al\u00e7\u0131, Kire\u00e7, Su Kireci Ve \u00c7imento Sanayi 7.3. Ayna Ve Cam Sanayi 7.4. \u00c7ini Ve Mozaik Sanayi 7.5. Sair Ebniye \u0130n\u015faat\u0131 Sanayi 7.6. Saptama 8. Sanayii Kimyeviye 8.1. Sabun Sanayi 8.2. T\u0131bbi M\u00fcstahzarat Sanayi 8.3. Mevadd\u0131 \u0130nfilakiye Sanayi 8.4. Gazoz Sanayi 8.5. Boya Fabrikalar\u0131 Sanayi 8.6. Fenni Hal\u0131 Y\u0131kama Ve Boyama Sanayi 8.7. Itriyat Sanayi 8.8. Oksijen Sanayi 8.9. Sair Sanayii Kimyeviye 8.10. Saptama 9. Sanayii Muhtelite 9.1. Muhtelit Un, Do\u011frama Ve Kereste Sanayi 9.2. Elektrik Pili, Ku\u015ft\u00fcy\u00fc, Asfalt, (Nikel, Bak\u0131r, G\u00fcm\u00fc\u015f Kaplama) Baston, \u015eemsiye Ve Emaye Sanayi 9.3. Un, Pamuk, Zeytin Ya\u011f\u0131 Ve Elektrik Sanayi 9.4. Muhtelit Zeytin Ya\u011f\u0131 Ve Sabun Sanayi 9.5. Sair Muhtelit M\u00fcesseseler Sanayi 9.6. Saptama 10. Sanayii Muhtelife Veya Gayri Muayyene 10.1. Buz Ve So\u011fuk Hava Depolar\u0131 Sanayi 10.2. Gramofon Plaklar\u0131 Sanayi 10.3. Radyo Ve Sesli Film Sanayi 10.4. Elektrik Sanayi 10.5. Sair Muhtelif Sanayi 10.6. Saptama SONU\u00c7 EK KAYNAKLAR<\/p>\n","protected":false},"excerpt":{"rendered":"<p>\u0130\u00e7indekiler \u00d6NS\u00d6Z YAZARIN SUNU\u015eU \u0130\u00c7\u0130NDEK\u0130LER G\u0130R\u0130\u015e B\u00d6L\u00dcM 1: TEOR\u0130K \u00c7ER\u00c7EVE 1. T\u00dcKET\u0130C\u0130 RANTI, DARA KAYBI VE \u00dcRET\u0130C\u0130 RANTI 2. MEVCUT HARCAMA (H\u00c2SILAT) \u0130LE KAMU REFAHI MAKS\u0130M\u0130ZASYONUNDAK\u0130<span class=\"excerpt-hellip\"> [\u2026]<\/span><\/p>\n","protected":false},"featured_media":0,"template":"","meta":{"_monsterinsights_skip_tracking":false,"_monsterinsights_sitenote_active":false,"_monsterinsights_sitenote_note":"","_monsterinsights_sitenote_category":0},"product_brand":[],"product_cat":[12573,12566],"product_tag":[],"class_list":{"0":"post-753024","1":"product","2":"type-product","3":"status-publish","5":"product_cat-akademik-kitaplar","6":"product_cat-egitim","7":"pa_cilt-ciltsiz","8":"pa_tur-kitap","9":"pa_yayinevi-gazi-kitabevi","10":"pa_yazar-merter-mert","12":"first","13":"instock","14":"sale","15":"shipping-taxable","16":"purchasable","17":"product-type-simple"},"_links":{"self":[{"href":"https:\/\/roveyayinevi.com.tr\/index.php\/wp-json\/wp\/v2\/product\/753024","targetHints":{"allow":["GET"]}}],"collection":[{"href":"https:\/\/roveyayinevi.com.tr\/index.php\/wp-json\/wp\/v2\/product"}],"about":[{"href":"https:\/\/roveyayinevi.com.tr\/index.php\/wp-json\/wp\/v2\/types\/product"}],"wp:attachment":[{"href":"https:\/\/roveyayinevi.com.tr\/index.php\/wp-json\/wp\/v2\/media?parent=753024"}],"wp:term":[{"taxonomy":"product_brand","embeddable":true,"href":"https:\/\/roveyayinevi.com.tr\/index.php\/wp-json\/wp\/v2\/product_brand?post=753024"},{"taxonomy":"product_cat","embeddable":true,"href":"https:\/\/roveyayinevi.com.tr\/index.php\/wp-json\/wp\/v2\/product_cat?post=753024"},{"taxonomy":"product_tag","embeddable":true,"href":"https:\/\/roveyayinevi.com.tr\/index.php\/wp-json\/wp\/v2\/product_tag?post=753024"}],"curies":[{"name":"wp","href":"https:\/\/api.w.org\/{rel}","templated":true}]}}