{"id":753022,"date":"2025-08-28T05:31:17","date_gmt":"2025-08-28T02:31:17","guid":{"rendered":"https:\/\/roveyayinevi.com.tr\/index.php\/urun\/sadakat-guzergahi\/"},"modified":"2026-04-16T03:06:37","modified_gmt":"2026-04-16T00:06:37","slug":"sadakat-guzergahi","status":"publish","type":"product","link":"https:\/\/roveyayinevi.com.tr\/index.php\/urun\/sadakat-guzergahi\/","title":{"rendered":"Sadakat G\u00fczergah\u0131"},"content":{"rendered":"<p>Sadakat G\u00fczerg\u00e2h\u0131, yak\u0131n d\u00f6nem siyasal ve k\u00fclt\u00fcrel hayat\u0131na ili\u015fkin kitaplar\u0131yla bilinen akademisyen Ahmet \u00c7i\u011fdem\u2019in yeni kitab\u0131. Ahmet \u00c7i\u011fdem bu kitab\u0131nda, 1970\u2019lerin ortalar\u0131ndan ba\u015flayarak kendisini merkeze alan bir \u201cyeti\u015fme hik\u00e2yesi\u201d arac\u0131l\u0131\u011f\u0131yla modern T\u00fcrk d\u00fc\u015f\u00fcncesinin ve edebiyat\u0131n\u0131n baz\u0131 tan\u0131d\u0131k sim\u00e2lar\u0131na ili\u015fkin hat\u0131ra, g\u00f6zlem ve fikirlerini payla\u015f\u0131yor. Peyami Safa, Cemil Meri\u00e7, Murat Belge, \u015eerif Mardin, \u0130smet \u00d6zel, Sabri F. \u00dclgener, Saadettin Elibol, Ali Bula\u00e7, Fazlur Rahman, Cahit Zarifo\u011flu, Sezai Karako\u00e7 ve Erol G\u00fcng\u00f6r gibi yazarlarla metinler arac\u0131l\u0131\u011f\u0131yla kurulan ve s\u00fcrd\u00fcr\u00fclen bir ili\u015fkinin sonu\u00e7lar\u0131n\u0131n olabildi\u011fince a\u00e7\u0131k ve nesnel bir bi\u00e7imde sunuldu\u011fu kitap, bir konum ve durum belirlemeyi ama\u00e7lamaktan \u00e7ok, bu isimleri, yazar\u0131n hayat\u0131na ve d\u00fc\u015f\u00fcncelerine yapt\u0131\u011f\u0131 katk\u0131lar ba\u011flam\u0131nda de\u011ferlendirmeyi deniyor. Sadakat G\u00fczerg\u00e2h\u0131 bireysel bir tecr\u00fcbenin, sosyolojik ve d\u00fc\u015f\u00fcnsel boyutlar\u0131na ili\u015fkin \u00f6zenli, i\u00e7ten ve cesur bir boyuta sahip olmas\u0131 niteli\u011fiyle san\u0131r\u0131z, tart\u0131\u015f\u0131lan ve tart\u0131\u015f\u0131lmay\u0131 hakeden bir kitap olacakt\u0131r.     <\/p>\n","protected":false},"excerpt":{"rendered":"<p>Sadakat G\u00fczerg\u00e2h\u0131, yak\u0131n d\u00f6nem siyasal ve k\u00fclt\u00fcrel hayat\u0131na ili\u015fkin kitaplar\u0131yla bilinen akademisyen Ahmet \u00c7i\u011fdem\u2019in yeni kitab\u0131. Ahmet \u00c7i\u011fdem bu kitab\u0131nda, 1970\u2019lerin ortalar\u0131ndan ba\u015flayarak kendisini merkeze alan<span class=\"excerpt-hellip\"> [\u2026]<\/span><\/p>\n","protected":false},"featured_media":0,"template":"","meta":{"_monsterinsights_skip_tracking":false,"_monsterinsights_sitenote_active":false,"_monsterinsights_sitenote_note":"","_monsterinsights_sitenote_category":0},"product_brand":[],"product_cat":[12351,12324],"product_tag":[],"class_list":{"0":"post-753022","1":"product","2":"type-product","3":"status-publish","5":"product_cat-siyaset-sosyolojisi","6":"product_cat-sosyoloji","7":"pa_cilt-ciltsiz","8":"pa_tur-kitap","9":"pa_yayinevi-vulgus-yayinlari","10":"pa_yazar-ahmet-cigdem","12":"first","13":"instock","14":"sale","15":"shipping-taxable","16":"purchasable","17":"product-type-simple"},"_links":{"self":[{"href":"https:\/\/roveyayinevi.com.tr\/index.php\/wp-json\/wp\/v2\/product\/753022","targetHints":{"allow":["GET"]}}],"collection":[{"href":"https:\/\/roveyayinevi.com.tr\/index.php\/wp-json\/wp\/v2\/product"}],"about":[{"href":"https:\/\/roveyayinevi.com.tr\/index.php\/wp-json\/wp\/v2\/types\/product"}],"wp:attachment":[{"href":"https:\/\/roveyayinevi.com.tr\/index.php\/wp-json\/wp\/v2\/media?parent=753022"}],"wp:term":[{"taxonomy":"product_brand","embeddable":true,"href":"https:\/\/roveyayinevi.com.tr\/index.php\/wp-json\/wp\/v2\/product_brand?post=753022"},{"taxonomy":"product_cat","embeddable":true,"href":"https:\/\/roveyayinevi.com.tr\/index.php\/wp-json\/wp\/v2\/product_cat?post=753022"},{"taxonomy":"product_tag","embeddable":true,"href":"https:\/\/roveyayinevi.com.tr\/index.php\/wp-json\/wp\/v2\/product_tag?post=753022"}],"curies":[{"name":"wp","href":"https:\/\/api.w.org\/{rel}","templated":true}]}}