{"id":753021,"date":"2025-08-28T05:31:16","date_gmt":"2025-08-28T02:31:16","guid":{"rendered":"https:\/\/roveyayinevi.com.tr\/index.php\/urun\/fizigin-gozunden-dunya\/"},"modified":"2026-04-16T03:06:37","modified_gmt":"2026-04-16T00:06:37","slug":"fizigin-gozunden-dunya","status":"publish","type":"product","link":"https:\/\/roveyayinevi.com.tr\/index.php\/urun\/fizigin-gozunden-dunya\/","title":{"rendered":"Fizi\u011fin G\u00f6z\u00fcnden D\u00fcnya"},"content":{"rendered":"<p>\u201cKendilerini bilimle ilgili g\u00f6rmeyen okuyucular i\u00e7in bileFizi\u011fin G\u00f6z\u00fcnden D\u00fcnya anla\u015f\u0131l\u0131r bir bi\u00e7imde yaz\u0131lm\u0131\u015f, davetk\u00e2r bir kitap olan Fizi\u011fin G\u00f6z\u00fcnden D\u00fcnya pek \u00e7ok ki\u015fi taraf\u0131ndan okunmas\u0131 ve takdir edilmesi gereken bir kitap.\u201d\u2013 Jocelyn Bell Burnell  Jim Al-Khalili, modern fizi\u011fin a\u00e7\u0131\u011fa \u00e7\u0131kard\u0131\u011f\u0131 derin g\u00f6r\u00fc\u015flere \u0131\u015f\u0131ktutarak, bizi bu \u00e7ok \u00f6nemli bilim dal\u0131n\u0131n evren ve evrenin do\u011fas\u0131 hakk\u0131nda s\u00f6ylediklerini anlamaya davet ediyor. Al-Khalili uzay, zaman, enerji ve maddenin temel kavramlar\u0131ylaba\u015flay\u0131p modern fizi\u011fin \u00fc\u00e7 temel dire\u011fi olan kuantum teorisi, g\u00f6relilik ve termodinami\u011fe bir bak\u0131\u015f sa\u011fl\u0131yor. Harika \u00f6rnekler ve d\u00fc\u015f\u00fcnd\u00fcr\u00fcc\u00fc analojilerden yararlanarak fizikteki en b\u00fcy\u00fck fikirleri sunup okuru ayd\u0131nlat\u0131yor. Fizik, \u00e7evremizde g\u00f6rd\u00fc\u011f\u00fcm\u00fcz do\u011fal d\u00fcnyay\u0131 do\u011fru bir \u015fekilde a\u00e7\u0131klayan, d\u00fcr\u00fcstl\u00fck ve \u015f\u00fcphe gibi temel de\u011ferler taraf\u0131ndan y\u00f6nlendirilen bir giri\u015fim olarak her zamankinden daha temel ilkelere ula\u015fmaya \u00e7al\u0131\u015fan cesur bir insan aray\u0131\u015f\u0131 \u015feklinde ortaya \u00e7\u0131k\u0131yor. Fizik\u00e7inin ke\u015ffetti\u011fi bilgi bizi hem g\u00fc\u00e7lendiriyor hem de m\u00fctevaz\u0131 h\u00e2le getiriyor. Fizik bug\u00fcn bile bilinmeyenin i\u00e7ine cesurca herkes i\u00e7in dalmaya devam ediyor. En esrarengiz bilimsel fikirleri bile eri\u015filebilir ve \u00e7ekici h\u00e2le getiren bu son derece bilgilendirici kitap, fizi\u011fin neden \u00f6nemli oldu\u011funu g\u00f6zler \u00f6n\u00fcne serip herkesi \u00e7evremizdeki d\u00fcnyadaki hakikati araman\u0131n derin maceras\u0131na \u015fahit olmaya \u00e7a\u011f\u0131r\u0131yor. <\/p>\n","protected":false},"excerpt":{"rendered":"<p>\u201cKendilerini bilimle ilgili g\u00f6rmeyen okuyucular i\u00e7in bileFizi\u011fin G\u00f6z\u00fcnden D\u00fcnya anla\u015f\u0131l\u0131r bir bi\u00e7imde yaz\u0131lm\u0131\u015f, davetk\u00e2r bir kitap olan Fizi\u011fin G\u00f6z\u00fcnden D\u00fcnya pek \u00e7ok ki\u015fi taraf\u0131ndan okunmas\u0131 ve<span class=\"excerpt-hellip\"> [\u2026]<\/span><\/p>\n","protected":false},"featured_media":0,"template":"","meta":{"_monsterinsights_skip_tracking":false,"_monsterinsights_sitenote_active":false,"_monsterinsights_sitenote_note":"","_monsterinsights_sitenote_category":0},"product_brand":[],"product_cat":[13005,37328],"product_tag":[],"class_list":{"0":"post-753021","1":"product","2":"type-product","3":"status-publish","5":"product_cat-bilim-muhendislik","6":"product_cat-diger-bilim-muhendislik","7":"pa_cilt-ciltsiz","8":"pa_tur-kitap","9":"pa_yayinevi-epsilon-yayinlari","10":"pa_yazar-jim-al-khalili","12":"first","13":"instock","14":"sale","15":"shipping-taxable","16":"purchasable","17":"product-type-simple"},"_links":{"self":[{"href":"https:\/\/roveyayinevi.com.tr\/index.php\/wp-json\/wp\/v2\/product\/753021","targetHints":{"allow":["GET"]}}],"collection":[{"href":"https:\/\/roveyayinevi.com.tr\/index.php\/wp-json\/wp\/v2\/product"}],"about":[{"href":"https:\/\/roveyayinevi.com.tr\/index.php\/wp-json\/wp\/v2\/types\/product"}],"wp:attachment":[{"href":"https:\/\/roveyayinevi.com.tr\/index.php\/wp-json\/wp\/v2\/media?parent=753021"}],"wp:term":[{"taxonomy":"product_brand","embeddable":true,"href":"https:\/\/roveyayinevi.com.tr\/index.php\/wp-json\/wp\/v2\/product_brand?post=753021"},{"taxonomy":"product_cat","embeddable":true,"href":"https:\/\/roveyayinevi.com.tr\/index.php\/wp-json\/wp\/v2\/product_cat?post=753021"},{"taxonomy":"product_tag","embeddable":true,"href":"https:\/\/roveyayinevi.com.tr\/index.php\/wp-json\/wp\/v2\/product_tag?post=753021"}],"curies":[{"name":"wp","href":"https:\/\/api.w.org\/{rel}","templated":true}]}}