{"id":753020,"date":"2025-08-28T05:31:15","date_gmt":"2025-08-28T02:31:15","guid":{"rendered":"https:\/\/roveyayinevi.com.tr\/index.php\/urun\/olum-yasamla-bulustugunda\/"},"modified":"2026-04-16T03:06:37","modified_gmt":"2026-04-16T00:06:37","slug":"olum-yasamla-bulustugunda","status":"publish","type":"product","link":"https:\/\/roveyayinevi.com.tr\/index.php\/urun\/olum-yasamla-bulustugunda\/","title":{"rendered":"\u00d6l\u00fcm Ya\u015famla Bulu\u015ftu\u011funda"},"content":{"rendered":"<p>Dr. Joshua Mezrich, bir organ nakli cerrah\u0131 olarak kay\u0131plardan yeni ya\u015famlar in\u015fa ediyor. Samimi anlat\u0131m\u0131yla organ nakli mucizesinin tarihini ayd\u0131nlat\u0131rken bir yandan da bizi kendi cerrahi ge\u00e7mi\u015finde bir yolculu\u011fa \u00e7\u0131kar\u0131yor.  \u00d6l\u00fcm Ya\u015famla Bulu\u015ftu\u011funda, bilimin insan hayat\u0131n\u0131 iyile\u015ftirmek i\u00e7in nas\u0131l ilerledi\u011fine heyecan verici bir bak\u0131\u015f sunuyor. Organ nakliyle uzaktan veya do\u011frudan ilgili ola\u011fan\u00fcst\u00fc t\u0131bbi bulu\u015flar\u0131 inceliyor ve bu b\u00fcy\u00fcleyici tarihi, nakil hastalar\u0131n\u0131n ilham verici ve y\u00fcrek burkan hik\u00e2yeleriyle ili\u015fkilendiriyor. \u015eefkatli tavr\u0131n\u0131 bilimsel netlikle birle\u015ftiren Mezrich, bir doktor olarak transplantasyonu ger\u00e7e\u011fe d\u00f6n\u00fc\u015ft\u00fcren modern \u00f6nc\u00fcleri tan\u0131t\u0131yor.  Doktorlar\u0131n \u00e7o\u011fu \u00f6l\u00fcmle sava\u015f\u0131r. Nakilde ise durum farkl\u0131d\u0131r. Organ nakli cerrah\u0131, \u00e7o\u011fu zaman \u00f6l\u00fcmden al\u0131r ya\u015fama verir. Bu nedenle, \u00f6l\u00fclerin ya\u015fayanlara son nefesini vermesi gibi mucizevi bir s\u00fcre\u00e7te, bunun bir par\u00e7as\u0131 olman\u0131n minnetini sunuyor Dr. Mezrich. \u00d6l\u00fcm Ya\u015famla Bulu\u015ftu\u011funda, b\u00fcy\u00fcleyici etik ve felsefi tart\u0131\u015fmalar\u0131 da es ge\u00e7miyor: Sa\u011fl\u0131kl\u0131 bir insan\u0131n sevdi\u011fi birini kurtarmak i\u00e7in ne kadar risk almas\u0131na izin verilmeli? Alkolizmden muzdarip bir hasta sa\u011fl\u0131kl\u0131 bir karaci\u011fer almal\u0131 m\u0131? \u00d6l\u00fcm\u00fc ne tan\u0131mlar ve bu tan\u0131mda organ naklinin rol\u00fc nedir?<\/p>\n","protected":false},"excerpt":{"rendered":"<p>Dr. Joshua Mezrich, bir organ nakli cerrah\u0131 olarak kay\u0131plardan yeni ya\u015famlar in\u015fa ediyor. Samimi anlat\u0131m\u0131yla organ nakli mucizesinin tarihini ayd\u0131nlat\u0131rken bir yandan da bizi kendi cerrahi<span class=\"excerpt-hellip\"> [\u2026]<\/span><\/p>\n","protected":false},"featured_media":0,"template":"","meta":{"_monsterinsights_skip_tracking":false,"_monsterinsights_sitenote_active":false,"_monsterinsights_sitenote_note":"","_monsterinsights_sitenote_category":0},"product_brand":[],"product_cat":[13365],"product_tag":[],"class_list":{"0":"post-753020","1":"product","2":"type-product","3":"status-publish","5":"product_cat-saglik","6":"pa_cilt-ciltsiz","7":"pa_tur-kitap","8":"pa_yayinevi-epsilon-yayinlari","9":"pa_yazar-joshua-mezrich","11":"first","12":"instock","13":"sale","14":"shipping-taxable","15":"purchasable","16":"product-type-simple"},"_links":{"self":[{"href":"https:\/\/roveyayinevi.com.tr\/index.php\/wp-json\/wp\/v2\/product\/753020","targetHints":{"allow":["GET"]}}],"collection":[{"href":"https:\/\/roveyayinevi.com.tr\/index.php\/wp-json\/wp\/v2\/product"}],"about":[{"href":"https:\/\/roveyayinevi.com.tr\/index.php\/wp-json\/wp\/v2\/types\/product"}],"wp:attachment":[{"href":"https:\/\/roveyayinevi.com.tr\/index.php\/wp-json\/wp\/v2\/media?parent=753020"}],"wp:term":[{"taxonomy":"product_brand","embeddable":true,"href":"https:\/\/roveyayinevi.com.tr\/index.php\/wp-json\/wp\/v2\/product_brand?post=753020"},{"taxonomy":"product_cat","embeddable":true,"href":"https:\/\/roveyayinevi.com.tr\/index.php\/wp-json\/wp\/v2\/product_cat?post=753020"},{"taxonomy":"product_tag","embeddable":true,"href":"https:\/\/roveyayinevi.com.tr\/index.php\/wp-json\/wp\/v2\/product_tag?post=753020"}],"curies":[{"name":"wp","href":"https:\/\/api.w.org\/{rel}","templated":true}]}}