{"id":753019,"date":"2025-08-28T05:31:13","date_gmt":"2025-08-28T02:31:13","guid":{"rendered":"https:\/\/roveyayinevi.com.tr\/index.php\/urun\/disk-dunya-36-para-basmak\/"},"modified":"2026-04-11T03:14:28","modified_gmt":"2026-04-11T00:14:28","slug":"disk-dunya-36-para-basmak","status":"publish","type":"product","link":"https:\/\/roveyayinevi.com.tr\/index.php\/urun\/disk-dunya-36-para-basmak\/","title":{"rendered":"Disk D\u00fcnya 36: Para Basmak"},"content":{"rendered":"<p>Paray\u0131 para \u00e7eker. Hayal\u00ee evrenlerin azametli mucidi S\u00f6r Terry Pratchett&#8217;\u0131n benzersiz yarat\u0131m\u0131 \u201cDiskd\u00fcnya\u201dn\u0131n ilk kez T\u00fcrk\u00e7eye \u00e7evrilen otuz alt\u0131nc\u0131 kitab\u0131 Para Basmak, kallavi bir ekonomik sistemi ba\u015ftan yaratmaya \u00e7al\u0131\u015fan, Monopoly oyunu tad\u0131nda bir roman.  D\u00fcnya \u00e7ap\u0131nda 100 milyonun \u00fczerinde satan k\u0131rk bir kitapl\u0131k serinin, eski k\u00f6ye yeni \u00e2det getirme ustas\u0131 Nemly von Lipwig&#8217;le \u015fenlenen bu par\u0131l par\u0131l parlayan maceras\u0131, \u201cSanayi Devrimi\u201d alt serisinin de be\u015finci halkas\u0131. Kadim kent Ankh-Morpork&#8217;u modern parasal d\u00f6ng\u00fclere sokarak k\u0131r\u0131lgan d\u00fcnyam\u0131za fantastik bir finansal perspektiften bakmam\u0131z\u0131 sa\u011flayan Pratchett bu roman\u0131nda, madeni paradan g\u0131c\u0131r g\u0131c\u0131r banknotlara ge\u00e7i\u015fin tarihini arkas\u0131na alarak yine son derece komik, bir o kadar da ironik bir \u00f6yk\u00fc anlat\u0131yor. Bankada s\u00fcrekli yeni hesaplar a\u00e7\u0131l\u0131yordu. Neden? G\u00fcven y\u00fcz\u00fcnden mi? D\u00fcr\u00fcstl\u00fck? Tutumluluk d\u00fcrt\u00fcs\u00fc? \u201cDe\u011fer\u201d denebilecek herhangi bir \u015fey y\u00fcz\u00fcnden mi?Hay\u0131r! Lipwig y\u00fcz\u00fcndendi! Bay Bent&#8217;in daha \u00f6nce hi\u00e7 g\u00f6rmedi\u011fi ve bir daha da g\u00f6rmek istemedi\u011fi tipler kutulara, kumbaralara, yast\u0131k altlar\u0131na hatta \u00e7oraplara doldurduklar\u0131 paralarla bankaya ak\u0131n ediyordu! Hatta bazen s\u00f6z konusu \u00e7oraplar\u0131 ayaklar\u0131na giyerek! Kimilerinin dedi\u011fi gibi; \u015fans, \u015fansa yer a\u00e7anlar\u0131n aya\u011f\u0131na gelirdi \u00e7o\u011fu zaman. Kendisindeki \u015feytan t\u00fcy\u00fcn\u00fcn fena h\u00e2lde fark\u0131nda olan Nemly von Lipwig de her daim turnay\u0131 g\u00f6z\u00fcnden vuranlardand\u0131. Dara\u011fac\u0131n\u0131n ucundan Postane Genel M\u00fcd\u00fcrl\u00fc\u011f\u00fc g\u00f6revine ha?.. Ne \u015fans ama! Ger\u00e7i, eski dostumuz i\u00e7in Postane, sadece bir staj yeri say\u0131l\u0131rd\u0131 art\u0131k!  \u00c7\u00fcnk\u00fc \u015fimdi \u201c\u015fans\u201d yeniden Nemly&#8217;nin kap\u0131s\u0131n\u0131 \u00e7al\u0131yor. \u00dcstelik epeyce haval\u0131 bir kuruma, Kraliyet Darphanesi&#8217;nin ba\u015f\u0131na \u201catanarak\u201d ger\u00e7ekleri \u00e7ok daha yak\u0131ndan g\u00f6rme mertebesine y\u00fckseliyor; zira i\u015fin i\u00e7inde bu kez tonlarca alt\u0131n, alt\u0131na duyul(amay)an g\u00fcven, asla g\u00fcvenilmeyecek kodamanlar ve bir de Bay C\u0131rtak var. \u201cD\u00fcr\u00fcst birini kand\u0131ramazs\u0131n\u0131z\u201d diyen biri, d\u00fcr\u00fcst biri de\u011fildir. Lipwig de bunu biliyordu \u015f\u00fcphesiz. \u00c7\u00fcnk\u00fc eskiden basit, parlak cam\u0131 \u201celmas\u201d diye yutturabilecek h\u00fcnerde bir doland\u0131r\u0131c\u0131yd\u0131. Bilmedi\u011fi \u015fey, en b\u00fcy\u00fck doland\u0131r\u0131c\u0131lar\u0131n bizzat en b\u00fcy\u00fck para babalar\u0131 olmas\u0131yd\u0131&#8230; Ekonomik d\u00fczenin yeniden kurulmas\u0131 esnas\u0131nda ya\u015fanan \u201cderin\u201d d\u00f6n\u00fc\u015f\u00fcm\u00fc ve bu u\u011furda feda edilen paha bi\u00e7ilemez \u015feylerin ard\u0131nda b\u0131rakt\u0131klar\u0131n\u0131 k\u0131vrak bir mizahla ele\u015ftiren Para Basmak; elimizde, avucumuzda ve hatta \u201cyast\u0131k alt\u0131\u201dm\u0131zda neyimiz varsa t\u00fcrl\u00fc numaralarla g\u00f6z dikenlere k\u00fclah\u0131n\u0131 ters giydiren, zekice kaleme al\u0131nm\u0131\u015f bir roman.  Ama kimbilir, belki \u00e7oraplar\u0131na bankalardan fazla g\u00fcvenenler hakl\u0131d\u0131r!<\/p>\n","protected":false},"excerpt":{"rendered":"<p>Paray\u0131 para \u00e7eker. Hayal\u00ee evrenlerin azametli mucidi S\u00f6r Terry Pratchett&#8217;\u0131n benzersiz yarat\u0131m\u0131 \u201cDiskd\u00fcnya\u201dn\u0131n ilk kez T\u00fcrk\u00e7eye \u00e7evrilen otuz alt\u0131nc\u0131 kitab\u0131 Para Basmak, kallavi bir ekonomik sistemi<span class=\"excerpt-hellip\"> [\u2026]<\/span><\/p>\n","protected":false},"featured_media":0,"template":"","meta":{"_monsterinsights_skip_tracking":false,"_monsterinsights_sitenote_active":false,"_monsterinsights_sitenote_note":"","_monsterinsights_sitenote_category":0},"product_brand":[],"product_cat":[12291,12711],"product_tag":[],"class_list":{"0":"post-753019","1":"product","2":"type-product","3":"status-publish","5":"product_cat-edebiyat","6":"product_cat-roman-oyku","7":"pa_cilt-ciltsiz","8":"pa_tur-kitap","9":"pa_yayinevi-delidolu","10":"pa_yazar-terry-pratchett","12":"first","13":"instock","14":"sale","15":"shipping-taxable","16":"purchasable","17":"product-type-simple"},"_links":{"self":[{"href":"https:\/\/roveyayinevi.com.tr\/index.php\/wp-json\/wp\/v2\/product\/753019","targetHints":{"allow":["GET"]}}],"collection":[{"href":"https:\/\/roveyayinevi.com.tr\/index.php\/wp-json\/wp\/v2\/product"}],"about":[{"href":"https:\/\/roveyayinevi.com.tr\/index.php\/wp-json\/wp\/v2\/types\/product"}],"wp:attachment":[{"href":"https:\/\/roveyayinevi.com.tr\/index.php\/wp-json\/wp\/v2\/media?parent=753019"}],"wp:term":[{"taxonomy":"product_brand","embeddable":true,"href":"https:\/\/roveyayinevi.com.tr\/index.php\/wp-json\/wp\/v2\/product_brand?post=753019"},{"taxonomy":"product_cat","embeddable":true,"href":"https:\/\/roveyayinevi.com.tr\/index.php\/wp-json\/wp\/v2\/product_cat?post=753019"},{"taxonomy":"product_tag","embeddable":true,"href":"https:\/\/roveyayinevi.com.tr\/index.php\/wp-json\/wp\/v2\/product_tag?post=753019"}],"curies":[{"name":"wp","href":"https:\/\/api.w.org\/{rel}","templated":true}]}}