{"id":753016,"date":"2025-08-28T05:31:07","date_gmt":"2025-08-28T02:31:07","guid":{"rendered":"https:\/\/roveyayinevi.com.tr\/index.php\/urun\/crush-of-lifetime-hayatimin-aski-cilt-4\/"},"modified":"2026-04-16T03:06:37","modified_gmt":"2026-04-16T00:06:37","slug":"crush-of-lifetime-hayatimin-aski-cilt-4","status":"publish","type":"product","link":"https:\/\/roveyayinevi.com.tr\/index.php\/urun\/crush-of-lifetime-hayatimin-aski-cilt-4\/","title":{"rendered":"Crush of Lifetime Hayat\u0131m\u0131n A\u015fk\u0131 &#8211; Cilt 4"},"content":{"rendered":"<p>Hyeji ve Kisung aras\u0131ndaki yak\u0131nla\u015fma herkesten gizli devam ediyor.Kisung, ilk bulu\u015fman\u0131n \u00f6zel olmas\u0131n\u0131 istiyor fakat Hyeji&#8217;nin bundan haberi yok.Hyeji sab\u0131rs\u0131z ve Kisung&#8217;un davran\u0131\u015flar\u0131 kar\u015f\u0131s\u0131nda \u015fa\u015fk\u0131n.Jaehwi harekete ge\u00e7ip kendi f\u0131rsatlar\u0131n\u0131 yarat\u0131rken, beklenmedik bir haber sosyal medyada yay\u0131l\u0131r. Peki \u015fimdi ne olacak?<\/p>\n","protected":false},"excerpt":{"rendered":"<p>Hyeji ve Kisung aras\u0131ndaki yak\u0131nla\u015fma herkesten gizli devam ediyor.Kisung, ilk bulu\u015fman\u0131n \u00f6zel olmas\u0131n\u0131 istiyor fakat Hyeji&#8217;nin bundan haberi yok.Hyeji sab\u0131rs\u0131z ve Kisung&#8217;un davran\u0131\u015flar\u0131 kar\u015f\u0131s\u0131nda \u015fa\u015fk\u0131n.Jaehwi harekete<span class=\"excerpt-hellip\"> [\u2026]<\/span><\/p>\n","protected":false},"featured_media":0,"template":"","meta":{"_monsterinsights_skip_tracking":false,"_monsterinsights_sitenote_active":false,"_monsterinsights_sitenote_note":"","_monsterinsights_sitenote_category":0},"product_brand":[],"product_cat":[12416,12291],"product_tag":[],"class_list":{"0":"post-753016","1":"product","2":"type-product","3":"status-publish","5":"product_cat-cizgi-roman","6":"product_cat-edebiyat","7":"pa_cilt-ciltsiz","8":"pa_tur-kitap","9":"pa_yayinevi-athica-yayinlari","10":"pa_yazar-jeong-halim","12":"first","13":"instock","14":"sale","15":"shipping-taxable","16":"purchasable","17":"product-type-simple"},"_links":{"self":[{"href":"https:\/\/roveyayinevi.com.tr\/index.php\/wp-json\/wp\/v2\/product\/753016","targetHints":{"allow":["GET"]}}],"collection":[{"href":"https:\/\/roveyayinevi.com.tr\/index.php\/wp-json\/wp\/v2\/product"}],"about":[{"href":"https:\/\/roveyayinevi.com.tr\/index.php\/wp-json\/wp\/v2\/types\/product"}],"wp:attachment":[{"href":"https:\/\/roveyayinevi.com.tr\/index.php\/wp-json\/wp\/v2\/media?parent=753016"}],"wp:term":[{"taxonomy":"product_brand","embeddable":true,"href":"https:\/\/roveyayinevi.com.tr\/index.php\/wp-json\/wp\/v2\/product_brand?post=753016"},{"taxonomy":"product_cat","embeddable":true,"href":"https:\/\/roveyayinevi.com.tr\/index.php\/wp-json\/wp\/v2\/product_cat?post=753016"},{"taxonomy":"product_tag","embeddable":true,"href":"https:\/\/roveyayinevi.com.tr\/index.php\/wp-json\/wp\/v2\/product_tag?post=753016"}],"curies":[{"name":"wp","href":"https:\/\/api.w.org\/{rel}","templated":true}]}}